{"id":180,"date":"2023-01-29T16:47:05","date_gmt":"2023-01-29T16:47:05","guid":{"rendered":"https:\/\/www.wellacademy.es\/pt\/?post_type=product&#038;p=180"},"modified":"2024-08-29T13:36:52","modified_gmt":"2024-08-29T13:36:52","slug":"wa-blonde-specialist-by-ingrid-santos","status":"publish","type":"product","link":"https:\/\/www.wellacademy.es\/pt\/product\/wa-blonde-specialist-by-ingrid-santos\/","title":{"rendered":"BLONDE SPECIALIST"},"content":{"rendered":"<p>Esta forma\u00e7\u00e3o tem como objetivo facilitar o dia a dia dos cabeleireiros, sem nunca<br \/>\ndeixar de entregar um trabalho de excel\u00eancia.<br \/>\nDiagn\u00f3stico e os seus benef\u00edcios, na ajuda a alcan\u00e7ar resultados desejados pelos clientes<br \/>\nbem como permitir ao cliente final ter uma experi\u00eancia com um profissional<br \/>\nexpert.<br \/>\nTodos os passos com o diagn\u00f3stico e a escolha t\u00e9cnica para obter o resultado desejado.<br \/>\nAprender novas t\u00e9cnicas novas propostas para loiras e morenas sem ter d\u00favidas qual a melhor das op\u00e7\u00f5es.<\/p>\n","protected":false},"excerpt":{"rendered":"<p>Esta forma\u00e7\u00e3o tem como objetivo facilitar o dia a dia dos cabeleireiros, sem nunca deixar de entregar um trabalho de excel\u00eancia. Diagn\u00f3stico e os seus benef\u00edcios, na ajuda a alcan\u00e7ar resultados desejados pelos clientes bem como permitir ao cliente final ter uma experi\u00eancia com um profissional expert. Todos os passos com o diagn\u00f3stico e a [&hellip;]<\/p>\n","protected":false},"featured_media":0,"comment_status":"open","ping_status":"closed","template":"","meta":{"_acf_changed":false},"product_brand":[],"product_cat":[29],"product_tag":[37],"class_list":{"0":"post-180","1":"product","2":"type-product","3":"status-publish","5":"product_cat-corte-e-cor","6":"product_tag-blonde-specialist","8":"first","9":"instock","10":"shipping-taxable","11":"product-type-simple"},"acf":[],"yoast_head":"<!-- This site is optimized with the Yoast SEO plugin v27.3 - https:\/\/yoast.com\/product\/yoast-seo-wordpress\/ -->\n<title>\u00a0Blonde Specialist Ingrid Santos- Wella Academy Portugal<\/title>\n<meta name=\"description\" content=\"Forma\u00e7\u00e3o art\u00edstica com uma expertise em loiros.T\u00e9cnicas avan\u00e7adas, mas pr\u00e1ticas para trabalhos comerciais de sal\u00e3o.Designer de t\u00e9cnicas de loira e morena iluminada.\u00a0\" \/>\n<meta name=\"robots\" content=\"index, follow, max-snippet:-1, max-image-preview:large, max-video-preview:-1\" \/>\n<link rel=\"canonical\" href=\"https:\/\/www.wellacademy.es\/pt\/product\/wa-blonde-specialist-by-ingrid-santos\/\" \/>\n<meta property=\"og:locale\" content=\"pt_PT\" \/>\n<meta property=\"og:type\" content=\"article\" \/>\n<meta property=\"og:title\" content=\"\u00a0Blonde Specialist Ingrid Santos- Wella Academy Portugal\" \/>\n<meta property=\"og:description\" content=\"Forma\u00e7\u00e3o art\u00edstica com uma expertise em loiros.T\u00e9cnicas avan\u00e7adas, mas pr\u00e1ticas para trabalhos comerciais de sal\u00e3o.Designer de t\u00e9cnicas de loira e morena iluminada.\u00a0\" \/>\n<meta property=\"og:url\" content=\"https:\/\/www.wellacademy.es\/pt\/product\/wa-blonde-specialist-by-ingrid-santos\/\" \/>\n<meta property=\"og:site_name\" content=\"Wella Academy Portugal\" \/>\n<meta property=\"article:modified_time\" content=\"2024-08-29T13:36:52+00:00\" \/>\n<meta name=\"twitter:card\" content=\"summary_large_image\" \/>\n<meta name=\"twitter:label1\" content=\"Tempo estimado de leitura\" \/>\n\t<meta name=\"twitter:data1\" content=\"1 minuto\" \/>\n<script type=\"application\/ld+json\" class=\"yoast-schema-graph\">{\"@context\":\"https:\\\/\\\/schema.org\",\"@graph\":[{\"@type\":\"WebPage\",\"@id\":\"https:\\\/\\\/www.wellacademy.es\\\/pt\\\/product\\\/wa-blonde-specialist-by-ingrid-santos\\\/\",\"url\":\"https:\\\/\\\/www.wellacademy.es\\\/pt\\\/product\\\/wa-blonde-specialist-by-ingrid-santos\\\/\",\"name\":\"\u00a0Blonde Specialist Ingrid Santos- Wella Academy Portugal\",\"isPartOf\":{\"@id\":\"https:\\\/\\\/www.wellacademy.es\\\/pt\\\/#website\"},\"datePublished\":\"2023-01-29T16:47:05+00:00\",\"dateModified\":\"2024-08-29T13:36:52+00:00\",\"description\":\"Forma\u00e7\u00e3o art\u00edstica com uma expertise em loiros.T\u00e9cnicas avan\u00e7adas, mas pr\u00e1ticas para trabalhos comerciais de sal\u00e3o.Designer de t\u00e9cnicas de loira e morena iluminada.\u00a0\",\"breadcrumb\":{\"@id\":\"https:\\\/\\\/www.wellacademy.es\\\/pt\\\/product\\\/wa-blonde-specialist-by-ingrid-santos\\\/#breadcrumb\"},\"inLanguage\":\"pt-PT\",\"potentialAction\":[{\"@type\":\"ReadAction\",\"target\":[\"https:\\\/\\\/www.wellacademy.es\\\/pt\\\/product\\\/wa-blonde-specialist-by-ingrid-santos\\\/\"]}]},{\"@type\":\"BreadcrumbList\",\"@id\":\"https:\\\/\\\/www.wellacademy.es\\\/pt\\\/product\\\/wa-blonde-specialist-by-ingrid-santos\\\/#breadcrumb\",\"itemListElement\":[{\"@type\":\"ListItem\",\"position\":1,\"name\":\"Home\",\"item\":\"https:\\\/\\\/www.wellacademy.es\\\/pt\\\/\"},{\"@type\":\"ListItem\",\"position\":2,\"name\":\"Cursos\",\"item\":\"https:\\\/\\\/www.wellacademy.es\\\/pt\\\/shop\\\/\"},{\"@type\":\"ListItem\",\"position\":3,\"name\":\"BLONDE SPECIALIST\"}]},{\"@type\":\"WebSite\",\"@id\":\"https:\\\/\\\/www.wellacademy.es\\\/pt\\\/#website\",\"url\":\"https:\\\/\\\/www.wellacademy.es\\\/pt\\\/\",\"name\":\"Wella Academy Portugal\",\"description\":\"\",\"potentialAction\":[{\"@type\":\"SearchAction\",\"target\":{\"@type\":\"EntryPoint\",\"urlTemplate\":\"https:\\\/\\\/www.wellacademy.es\\\/pt\\\/?s={search_term_string}\"},\"query-input\":{\"@type\":\"PropertyValueSpecification\",\"valueRequired\":true,\"valueName\":\"search_term_string\"}}],\"inLanguage\":\"pt-PT\"}]}<\/script>\n<!-- \/ Yoast SEO plugin. -->","yoast_head_json":{"title":"\u00a0Blonde Specialist Ingrid Santos- Wella Academy Portugal","description":"Forma\u00e7\u00e3o art\u00edstica com uma expertise em loiros.T\u00e9cnicas avan\u00e7adas, mas pr\u00e1ticas para trabalhos comerciais de sal\u00e3o.Designer de t\u00e9cnicas de loira e morena iluminada.\u00a0","robots":{"index":"index","follow":"follow","max-snippet":"max-snippet:-1","max-image-preview":"max-image-preview:large","max-video-preview":"max-video-preview:-1"},"canonical":"https:\/\/www.wellacademy.es\/pt\/product\/wa-blonde-specialist-by-ingrid-santos\/","og_locale":"pt_PT","og_type":"article","og_title":"\u00a0Blonde Specialist Ingrid Santos- Wella Academy Portugal","og_description":"Forma\u00e7\u00e3o art\u00edstica com uma expertise em loiros.T\u00e9cnicas avan\u00e7adas, mas pr\u00e1ticas para trabalhos comerciais de sal\u00e3o.Designer de t\u00e9cnicas de loira e morena iluminada.\u00a0","og_url":"https:\/\/www.wellacademy.es\/pt\/product\/wa-blonde-specialist-by-ingrid-santos\/","og_site_name":"Wella Academy Portugal","article_modified_time":"2024-08-29T13:36:52+00:00","twitter_card":"summary_large_image","twitter_misc":{"Tempo estimado de leitura":"1 minuto"},"schema":{"@context":"https:\/\/schema.org","@graph":[{"@type":"WebPage","@id":"https:\/\/www.wellacademy.es\/pt\/product\/wa-blonde-specialist-by-ingrid-santos\/","url":"https:\/\/www.wellacademy.es\/pt\/product\/wa-blonde-specialist-by-ingrid-santos\/","name":"\u00a0Blonde Specialist Ingrid Santos- Wella Academy Portugal","isPartOf":{"@id":"https:\/\/www.wellacademy.es\/pt\/#website"},"datePublished":"2023-01-29T16:47:05+00:00","dateModified":"2024-08-29T13:36:52+00:00","description":"Forma\u00e7\u00e3o art\u00edstica com uma expertise em loiros.T\u00e9cnicas avan\u00e7adas, mas pr\u00e1ticas para trabalhos comerciais de sal\u00e3o.Designer de t\u00e9cnicas de loira e morena iluminada.\u00a0","breadcrumb":{"@id":"https:\/\/www.wellacademy.es\/pt\/product\/wa-blonde-specialist-by-ingrid-santos\/#breadcrumb"},"inLanguage":"pt-PT","potentialAction":[{"@type":"ReadAction","target":["https:\/\/www.wellacademy.es\/pt\/product\/wa-blonde-specialist-by-ingrid-santos\/"]}]},{"@type":"BreadcrumbList","@id":"https:\/\/www.wellacademy.es\/pt\/product\/wa-blonde-specialist-by-ingrid-santos\/#breadcrumb","itemListElement":[{"@type":"ListItem","position":1,"name":"Home","item":"https:\/\/www.wellacademy.es\/pt\/"},{"@type":"ListItem","position":2,"name":"Cursos","item":"https:\/\/www.wellacademy.es\/pt\/shop\/"},{"@type":"ListItem","position":3,"name":"BLONDE SPECIALIST"}]},{"@type":"WebSite","@id":"https:\/\/www.wellacademy.es\/pt\/#website","url":"https:\/\/www.wellacademy.es\/pt\/","name":"Wella Academy Portugal","description":"","potentialAction":[{"@type":"SearchAction","target":{"@type":"EntryPoint","urlTemplate":"https:\/\/www.wellacademy.es\/pt\/?s={search_term_string}"},"query-input":{"@type":"PropertyValueSpecification","valueRequired":true,"valueName":"search_term_string"}}],"inLanguage":"pt-PT"}]}},"_links":{"self":[{"href":"https:\/\/www.wellacademy.es\/pt\/wp-json\/wp\/v2\/product\/180","targetHints":{"allow":["GET"]}}],"collection":[{"href":"https:\/\/www.wellacademy.es\/pt\/wp-json\/wp\/v2\/product"}],"about":[{"href":"https:\/\/www.wellacademy.es\/pt\/wp-json\/wp\/v2\/types\/product"}],"replies":[{"embeddable":true,"href":"https:\/\/www.wellacademy.es\/pt\/wp-json\/wp\/v2\/comments?post=180"}],"wp:attachment":[{"href":"https:\/\/www.wellacademy.es\/pt\/wp-json\/wp\/v2\/media?parent=180"}],"wp:term":[{"taxonomy":"product_brand","embeddable":true,"href":"https:\/\/www.wellacademy.es\/pt\/wp-json\/wp\/v2\/product_brand?post=180"},{"taxonomy":"product_cat","embeddable":true,"href":"https:\/\/www.wellacademy.es\/pt\/wp-json\/wp\/v2\/product_cat?post=180"},{"taxonomy":"product_tag","embeddable":true,"href":"https:\/\/www.wellacademy.es\/pt\/wp-json\/wp\/v2\/product_tag?post=180"}],"curies":[{"name":"wp","href":"https:\/\/api.w.org\/{rel}","templated":true}]}}