{"id":186,"date":"2023-01-29T17:07:53","date_gmt":"2023-01-29T17:07:53","guid":{"rendered":"https:\/\/www.wellacademy.es\/pt\/?post_type=product&#038;p=186"},"modified":"2024-12-16T14:50:16","modified_gmt":"2024-12-16T14:50:16","slug":"redes-sociales","status":"publish","type":"product","link":"https:\/\/www.wellacademy.es\/pt\/product\/redes-sociales\/","title":{"rendered":"REDES SOCIAIS"},"content":{"rendered":"<p>Estamos numa era de crescimento e desenvolvimento das redes sociais, estamos todos de olhos postos na internet.<\/p>\n<p>O nosso objetivo nesta forma\u00e7\u00e3o \u00e9 incentivar quem ainda n\u00e3o usa ou usa pouco est\u00e1 nova e valiosa ferramenta de trabalho chamada Instagram e facebook.<\/p>\n<p>Ensinar as melhores t\u00e9cnicas pr\u00e1ticas a utilizar no seu caso, sal\u00e3o de cabeleireiro, equipa, clientes e servi\u00e7os<br \/>\nA melhor adapta\u00e7\u00e3o ao seu neg\u00f3cio&#8230;<\/p>\n<p>Conte\u00fado muito pr\u00e1tico para todos para no final do dia seja um sucesso a programa\u00e7\u00e3o de conte\u00fados e objetivos<br \/>\nForma\u00e7\u00e3o em Estrat\u00e9gia e Plano de comunica\u00e7\u00e3o<br \/>\nGest\u00e3o nas Redes Sociais e Tr\u00e1fego pago<br \/>\nGest\u00e3o e comunidades Online<br \/>\nE-mail Marketing<\/p>\n","protected":false},"excerpt":{"rendered":"<p>Estamos numa era de crescimento e desenvolvimento das redes sociais, estamos todos de olhos postos na internet. O nosso objetivo nesta forma\u00e7\u00e3o \u00e9 incentivar quem ainda n\u00e3o usa ou usa pouco est\u00e1 nova e valiosa ferramenta de trabalho chamada Instagram e facebook. Ensinar as melhores t\u00e9cnicas pr\u00e1ticas a utilizar no seu caso, sal\u00e3o de cabeleireiro, [&hellip;]<\/p>\n","protected":false},"featured_media":171,"comment_status":"open","ping_status":"closed","template":"","meta":{"_acf_changed":false},"product_brand":[],"product_cat":[27],"product_tag":[],"class_list":{"0":"post-186","1":"product","2":"type-product","3":"status-publish","4":"has-post-thumbnail","6":"product_cat-business","8":"first","9":"instock","10":"shipping-taxable","11":"product-type-simple"},"acf":[],"yoast_head":"<!-- This site is optimized with the Yoast SEO plugin v27.3 - https:\/\/yoast.com\/product\/yoast-seo-wordpress\/ -->\n<title>REDES SOCIAIS - Wella Academy Portugal<\/title>\n<meta name=\"description\" content=\"Estamos numa era de crescimento e desenvolvimento das redes sociais, estamos todos de olhos postos na internet.O nosso objetivo nesta forma\u00e7\u00e3o \u00e9 incentivar quem ainda n\u00e3o usa ou usa pouco est\u00e1 nova e valiosa ferramenta de trabalho chamada Instagram e facebook.\" \/>\n<meta name=\"robots\" content=\"index, follow, max-snippet:-1, max-image-preview:large, max-video-preview:-1\" \/>\n<link rel=\"canonical\" href=\"https:\/\/www.wellacademy.es\/pt\/product\/redes-sociales\/\" \/>\n<meta property=\"og:locale\" content=\"pt_PT\" \/>\n<meta property=\"og:type\" content=\"article\" \/>\n<meta property=\"og:title\" content=\"REDES SOCIAIS - Wella Academy Portugal\" \/>\n<meta property=\"og:description\" content=\"Estamos numa era de crescimento e desenvolvimento das redes sociais, estamos todos de olhos postos na internet.O nosso objetivo nesta forma\u00e7\u00e3o \u00e9 incentivar quem ainda n\u00e3o usa ou usa pouco est\u00e1 nova e valiosa ferramenta de trabalho chamada Instagram e facebook.\" \/>\n<meta property=\"og:url\" content=\"https:\/\/www.wellacademy.es\/pt\/product\/redes-sociales\/\" \/>\n<meta property=\"og:site_name\" content=\"Wella Academy Portugal\" \/>\n<meta property=\"article:modified_time\" content=\"2024-12-16T14:50:16+00:00\" \/>\n<meta property=\"og:image\" content=\"https:\/\/www.wellacademy.es\/pt\/wp-content\/uploads\/sites\/2\/2022\/03\/IMG_3969-1.png\" \/>\n\t<meta property=\"og:image:width\" content=\"675\" \/>\n\t<meta property=\"og:image:height\" content=\"768\" \/>\n\t<meta property=\"og:image:type\" content=\"image\/png\" \/>\n<meta name=\"twitter:card\" content=\"summary_large_image\" \/>\n<meta name=\"twitter:label1\" content=\"Tempo estimado de leitura\" \/>\n\t<meta name=\"twitter:data1\" content=\"1 minuto\" \/>\n<script type=\"application\/ld+json\" class=\"yoast-schema-graph\">{\"@context\":\"https:\\\/\\\/schema.org\",\"@graph\":[{\"@type\":\"WebPage\",\"@id\":\"https:\\\/\\\/www.wellacademy.es\\\/pt\\\/product\\\/redes-sociales\\\/\",\"url\":\"https:\\\/\\\/www.wellacademy.es\\\/pt\\\/product\\\/redes-sociales\\\/\",\"name\":\"REDES SOCIAIS - Wella Academy Portugal\",\"isPartOf\":{\"@id\":\"https:\\\/\\\/www.wellacademy.es\\\/pt\\\/#website\"},\"primaryImageOfPage\":{\"@id\":\"https:\\\/\\\/www.wellacademy.es\\\/pt\\\/product\\\/redes-sociales\\\/#primaryimage\"},\"image\":{\"@id\":\"https:\\\/\\\/www.wellacademy.es\\\/pt\\\/product\\\/redes-sociales\\\/#primaryimage\"},\"thumbnailUrl\":\"https:\\\/\\\/www.wellacademy.es\\\/pt\\\/wp-content\\\/uploads\\\/sites\\\/2\\\/2022\\\/03\\\/IMG_3969-1.png\",\"datePublished\":\"2023-01-29T17:07:53+00:00\",\"dateModified\":\"2024-12-16T14:50:16+00:00\",\"description\":\"Estamos numa era de crescimento e desenvolvimento das redes sociais, estamos todos de olhos postos na internet.O nosso objetivo nesta forma\u00e7\u00e3o \u00e9 incentivar quem ainda n\u00e3o usa ou usa pouco est\u00e1 nova e valiosa ferramenta de trabalho chamada Instagram e facebook.\",\"breadcrumb\":{\"@id\":\"https:\\\/\\\/www.wellacademy.es\\\/pt\\\/product\\\/redes-sociales\\\/#breadcrumb\"},\"inLanguage\":\"pt-PT\",\"potentialAction\":[{\"@type\":\"ReadAction\",\"target\":[\"https:\\\/\\\/www.wellacademy.es\\\/pt\\\/product\\\/redes-sociales\\\/\"]}]},{\"@type\":\"ImageObject\",\"inLanguage\":\"pt-PT\",\"@id\":\"https:\\\/\\\/www.wellacademy.es\\\/pt\\\/product\\\/redes-sociales\\\/#primaryimage\",\"url\":\"https:\\\/\\\/www.wellacademy.es\\\/pt\\\/wp-content\\\/uploads\\\/sites\\\/2\\\/2022\\\/03\\\/IMG_3969-1.png\",\"contentUrl\":\"https:\\\/\\\/www.wellacademy.es\\\/pt\\\/wp-content\\\/uploads\\\/sites\\\/2\\\/2022\\\/03\\\/IMG_3969-1.png\",\"width\":675,\"height\":768},{\"@type\":\"BreadcrumbList\",\"@id\":\"https:\\\/\\\/www.wellacademy.es\\\/pt\\\/product\\\/redes-sociales\\\/#breadcrumb\",\"itemListElement\":[{\"@type\":\"ListItem\",\"position\":1,\"name\":\"Home\",\"item\":\"https:\\\/\\\/www.wellacademy.es\\\/pt\\\/\"},{\"@type\":\"ListItem\",\"position\":2,\"name\":\"Cursos\",\"item\":\"https:\\\/\\\/www.wellacademy.es\\\/pt\\\/shop\\\/\"},{\"@type\":\"ListItem\",\"position\":3,\"name\":\"REDES SOCIAIS\"}]},{\"@type\":\"WebSite\",\"@id\":\"https:\\\/\\\/www.wellacademy.es\\\/pt\\\/#website\",\"url\":\"https:\\\/\\\/www.wellacademy.es\\\/pt\\\/\",\"name\":\"Wella Academy Portugal\",\"description\":\"\",\"potentialAction\":[{\"@type\":\"SearchAction\",\"target\":{\"@type\":\"EntryPoint\",\"urlTemplate\":\"https:\\\/\\\/www.wellacademy.es\\\/pt\\\/?s={search_term_string}\"},\"query-input\":{\"@type\":\"PropertyValueSpecification\",\"valueRequired\":true,\"valueName\":\"search_term_string\"}}],\"inLanguage\":\"pt-PT\"}]}<\/script>\n<!-- \/ Yoast SEO plugin. -->","yoast_head_json":{"title":"REDES SOCIAIS - Wella Academy Portugal","description":"Estamos numa era de crescimento e desenvolvimento das redes sociais, estamos todos de olhos postos na internet.O nosso objetivo nesta forma\u00e7\u00e3o \u00e9 incentivar quem ainda n\u00e3o usa ou usa pouco est\u00e1 nova e valiosa ferramenta de trabalho chamada Instagram e facebook.","robots":{"index":"index","follow":"follow","max-snippet":"max-snippet:-1","max-image-preview":"max-image-preview:large","max-video-preview":"max-video-preview:-1"},"canonical":"https:\/\/www.wellacademy.es\/pt\/product\/redes-sociales\/","og_locale":"pt_PT","og_type":"article","og_title":"REDES SOCIAIS - Wella Academy Portugal","og_description":"Estamos numa era de crescimento e desenvolvimento das redes sociais, estamos todos de olhos postos na internet.O nosso objetivo nesta forma\u00e7\u00e3o \u00e9 incentivar quem ainda n\u00e3o usa ou usa pouco est\u00e1 nova e valiosa ferramenta de trabalho chamada Instagram e facebook.","og_url":"https:\/\/www.wellacademy.es\/pt\/product\/redes-sociales\/","og_site_name":"Wella Academy Portugal","article_modified_time":"2024-12-16T14:50:16+00:00","og_image":[{"width":675,"height":768,"url":"https:\/\/www.wellacademy.es\/pt\/wp-content\/uploads\/sites\/2\/2022\/03\/IMG_3969-1.png","type":"image\/png"}],"twitter_card":"summary_large_image","twitter_misc":{"Tempo estimado de leitura":"1 minuto"},"schema":{"@context":"https:\/\/schema.org","@graph":[{"@type":"WebPage","@id":"https:\/\/www.wellacademy.es\/pt\/product\/redes-sociales\/","url":"https:\/\/www.wellacademy.es\/pt\/product\/redes-sociales\/","name":"REDES SOCIAIS - Wella Academy Portugal","isPartOf":{"@id":"https:\/\/www.wellacademy.es\/pt\/#website"},"primaryImageOfPage":{"@id":"https:\/\/www.wellacademy.es\/pt\/product\/redes-sociales\/#primaryimage"},"image":{"@id":"https:\/\/www.wellacademy.es\/pt\/product\/redes-sociales\/#primaryimage"},"thumbnailUrl":"https:\/\/www.wellacademy.es\/pt\/wp-content\/uploads\/sites\/2\/2022\/03\/IMG_3969-1.png","datePublished":"2023-01-29T17:07:53+00:00","dateModified":"2024-12-16T14:50:16+00:00","description":"Estamos numa era de crescimento e desenvolvimento das redes sociais, estamos todos de olhos postos na internet.O nosso objetivo nesta forma\u00e7\u00e3o \u00e9 incentivar quem ainda n\u00e3o usa ou usa pouco est\u00e1 nova e valiosa ferramenta de trabalho chamada Instagram e facebook.","breadcrumb":{"@id":"https:\/\/www.wellacademy.es\/pt\/product\/redes-sociales\/#breadcrumb"},"inLanguage":"pt-PT","potentialAction":[{"@type":"ReadAction","target":["https:\/\/www.wellacademy.es\/pt\/product\/redes-sociales\/"]}]},{"@type":"ImageObject","inLanguage":"pt-PT","@id":"https:\/\/www.wellacademy.es\/pt\/product\/redes-sociales\/#primaryimage","url":"https:\/\/www.wellacademy.es\/pt\/wp-content\/uploads\/sites\/2\/2022\/03\/IMG_3969-1.png","contentUrl":"https:\/\/www.wellacademy.es\/pt\/wp-content\/uploads\/sites\/2\/2022\/03\/IMG_3969-1.png","width":675,"height":768},{"@type":"BreadcrumbList","@id":"https:\/\/www.wellacademy.es\/pt\/product\/redes-sociales\/#breadcrumb","itemListElement":[{"@type":"ListItem","position":1,"name":"Home","item":"https:\/\/www.wellacademy.es\/pt\/"},{"@type":"ListItem","position":2,"name":"Cursos","item":"https:\/\/www.wellacademy.es\/pt\/shop\/"},{"@type":"ListItem","position":3,"name":"REDES SOCIAIS"}]},{"@type":"WebSite","@id":"https:\/\/www.wellacademy.es\/pt\/#website","url":"https:\/\/www.wellacademy.es\/pt\/","name":"Wella Academy Portugal","description":"","potentialAction":[{"@type":"SearchAction","target":{"@type":"EntryPoint","urlTemplate":"https:\/\/www.wellacademy.es\/pt\/?s={search_term_string}"},"query-input":{"@type":"PropertyValueSpecification","valueRequired":true,"valueName":"search_term_string"}}],"inLanguage":"pt-PT"}]}},"_links":{"self":[{"href":"https:\/\/www.wellacademy.es\/pt\/wp-json\/wp\/v2\/product\/186","targetHints":{"allow":["GET"]}}],"collection":[{"href":"https:\/\/www.wellacademy.es\/pt\/wp-json\/wp\/v2\/product"}],"about":[{"href":"https:\/\/www.wellacademy.es\/pt\/wp-json\/wp\/v2\/types\/product"}],"replies":[{"embeddable":true,"href":"https:\/\/www.wellacademy.es\/pt\/wp-json\/wp\/v2\/comments?post=186"}],"wp:featuredmedia":[{"embeddable":true,"href":"https:\/\/www.wellacademy.es\/pt\/wp-json\/wp\/v2\/media\/171"}],"wp:attachment":[{"href":"https:\/\/www.wellacademy.es\/pt\/wp-json\/wp\/v2\/media?parent=186"}],"wp:term":[{"taxonomy":"product_brand","embeddable":true,"href":"https:\/\/www.wellacademy.es\/pt\/wp-json\/wp\/v2\/product_brand?post=186"},{"taxonomy":"product_cat","embeddable":true,"href":"https:\/\/www.wellacademy.es\/pt\/wp-json\/wp\/v2\/product_cat?post=186"},{"taxonomy":"product_tag","embeddable":true,"href":"https:\/\/www.wellacademy.es\/pt\/wp-json\/wp\/v2\/product_tag?post=186"}],"curies":[{"name":"wp","href":"https:\/\/api.w.org\/{rel}","templated":true}]}}