{"id":197,"date":"2023-02-03T12:35:24","date_gmt":"2023-02-03T12:35:24","guid":{"rendered":"https:\/\/www.wellacademy.es\/pt\/?post_type=product&#038;p=197"},"modified":"2025-11-17T16:41:40","modified_gmt":"2025-11-17T16:41:40","slug":"summer-lights","status":"publish","type":"product","link":"https:\/\/www.wellacademy.es\/pt\/product\/summer-lights\/","title":{"rendered":"SUMMER LIGHTS"},"content":{"rendered":"<p>Plismam Sousa traz-nos as melhores t\u00e9cnicas para conseguir um cabelo fabuloso<br \/>\ntanto para as morenas com madeixas como para as loiras mais poderosas.<br \/>\nAtrav\u00e9s de um workshop pr\u00e1tico e din\u00e2mico. Aprender atrav\u00e9s dessas t\u00e9cnicas,<br \/>\na obter ou melhorar as suas habilidades para obter um equil\u00edbrio perfeito de luz e sombra.<br \/>\nPosicionamento de madeixas, distribui\u00e7\u00e3o de cores, esfumado da raiz, \u2026<br \/>\nE tamb\u00e9m as melhores op\u00e7\u00f5es e ideias para capturar esses resultados para as redes sociais.<\/p>\n","protected":false},"excerpt":{"rendered":"<p>Plismam Sousa traz-nos as melhores t\u00e9cnicas para conseguir um cabelo fabuloso tanto para as morenas com madeixas como para as loiras mais poderosas. Atrav\u00e9s de um workshop pr\u00e1tico e din\u00e2mico. Aprender atrav\u00e9s dessas t\u00e9cnicas, a obter ou melhorar as suas habilidades para obter um equil\u00edbrio perfeito de luz e sombra. Posicionamento de madeixas, distribui\u00e7\u00e3o de [&hellip;]<\/p>\n","protected":false},"featured_media":0,"comment_status":"open","ping_status":"closed","template":"","meta":{"_acf_changed":false},"product_brand":[],"product_cat":[29],"product_tag":[],"class_list":{"0":"post-197","1":"product","2":"type-product","3":"status-publish","5":"product_cat-corte-e-cor","7":"first","8":"instock","9":"shipping-taxable","10":"product-type-simple"},"acf":[],"yoast_head":"<!-- This site is optimized with the Yoast SEO plugin v27.3 - https:\/\/yoast.com\/product\/yoast-seo-wordpress\/ -->\n<title>SUMMER LIGHTS - Wella Academy Portugal<\/title>\n<meta name=\"description\" content=\"Plismam Sousa traz-nos as melhores t\u00e9cnicas para conseguir um cabelo fabuloso tanto para as morenas com madeixas como para as loiras mais poderosa.\" \/>\n<meta name=\"robots\" content=\"index, follow, max-snippet:-1, max-image-preview:large, max-video-preview:-1\" \/>\n<link rel=\"canonical\" href=\"https:\/\/www.wellacademy.es\/pt\/product\/summer-lights\/\" \/>\n<meta property=\"og:locale\" content=\"pt_PT\" \/>\n<meta property=\"og:type\" content=\"article\" \/>\n<meta property=\"og:title\" content=\"SUMMER LIGHTS - Wella Academy Portugal\" \/>\n<meta property=\"og:description\" content=\"Plismam Sousa traz-nos as melhores t\u00e9cnicas para conseguir um cabelo fabuloso tanto para as morenas com madeixas como para as loiras mais poderosa.\" \/>\n<meta property=\"og:url\" content=\"https:\/\/www.wellacademy.es\/pt\/product\/summer-lights\/\" \/>\n<meta property=\"og:site_name\" content=\"Wella Academy Portugal\" \/>\n<meta property=\"article:modified_time\" content=\"2025-11-17T16:41:40+00:00\" \/>\n<meta name=\"twitter:card\" content=\"summary_large_image\" \/>\n<meta name=\"twitter:label1\" content=\"Tempo estimado de leitura\" \/>\n\t<meta name=\"twitter:data1\" content=\"1 minuto\" \/>\n<script type=\"application\/ld+json\" class=\"yoast-schema-graph\">{\"@context\":\"https:\\\/\\\/schema.org\",\"@graph\":[{\"@type\":\"WebPage\",\"@id\":\"https:\\\/\\\/www.wellacademy.es\\\/pt\\\/product\\\/summer-lights\\\/\",\"url\":\"https:\\\/\\\/www.wellacademy.es\\\/pt\\\/product\\\/summer-lights\\\/\",\"name\":\"SUMMER LIGHTS - Wella Academy Portugal\",\"isPartOf\":{\"@id\":\"https:\\\/\\\/www.wellacademy.es\\\/pt\\\/#website\"},\"datePublished\":\"2023-02-03T12:35:24+00:00\",\"dateModified\":\"2025-11-17T16:41:40+00:00\",\"description\":\"Plismam Sousa traz-nos as melhores t\u00e9cnicas para conseguir um cabelo fabuloso tanto para as morenas com madeixas como para as loiras mais poderosa.\",\"breadcrumb\":{\"@id\":\"https:\\\/\\\/www.wellacademy.es\\\/pt\\\/product\\\/summer-lights\\\/#breadcrumb\"},\"inLanguage\":\"pt-PT\",\"potentialAction\":[{\"@type\":\"ReadAction\",\"target\":[\"https:\\\/\\\/www.wellacademy.es\\\/pt\\\/product\\\/summer-lights\\\/\"]}]},{\"@type\":\"BreadcrumbList\",\"@id\":\"https:\\\/\\\/www.wellacademy.es\\\/pt\\\/product\\\/summer-lights\\\/#breadcrumb\",\"itemListElement\":[{\"@type\":\"ListItem\",\"position\":1,\"name\":\"Home\",\"item\":\"https:\\\/\\\/www.wellacademy.es\\\/pt\\\/\"},{\"@type\":\"ListItem\",\"position\":2,\"name\":\"Cursos\",\"item\":\"https:\\\/\\\/www.wellacademy.es\\\/pt\\\/shop\\\/\"},{\"@type\":\"ListItem\",\"position\":3,\"name\":\"SUMMER LIGHTS\"}]},{\"@type\":\"WebSite\",\"@id\":\"https:\\\/\\\/www.wellacademy.es\\\/pt\\\/#website\",\"url\":\"https:\\\/\\\/www.wellacademy.es\\\/pt\\\/\",\"name\":\"Wella Academy Portugal\",\"description\":\"\",\"potentialAction\":[{\"@type\":\"SearchAction\",\"target\":{\"@type\":\"EntryPoint\",\"urlTemplate\":\"https:\\\/\\\/www.wellacademy.es\\\/pt\\\/?s={search_term_string}\"},\"query-input\":{\"@type\":\"PropertyValueSpecification\",\"valueRequired\":true,\"valueName\":\"search_term_string\"}}],\"inLanguage\":\"pt-PT\"}]}<\/script>\n<!-- \/ Yoast SEO plugin. -->","yoast_head_json":{"title":"SUMMER LIGHTS - Wella Academy Portugal","description":"Plismam Sousa traz-nos as melhores t\u00e9cnicas para conseguir um cabelo fabuloso tanto para as morenas com madeixas como para as loiras mais poderosa.","robots":{"index":"index","follow":"follow","max-snippet":"max-snippet:-1","max-image-preview":"max-image-preview:large","max-video-preview":"max-video-preview:-1"},"canonical":"https:\/\/www.wellacademy.es\/pt\/product\/summer-lights\/","og_locale":"pt_PT","og_type":"article","og_title":"SUMMER LIGHTS - Wella Academy Portugal","og_description":"Plismam Sousa traz-nos as melhores t\u00e9cnicas para conseguir um cabelo fabuloso tanto para as morenas com madeixas como para as loiras mais poderosa.","og_url":"https:\/\/www.wellacademy.es\/pt\/product\/summer-lights\/","og_site_name":"Wella Academy Portugal","article_modified_time":"2025-11-17T16:41:40+00:00","twitter_card":"summary_large_image","twitter_misc":{"Tempo estimado de leitura":"1 minuto"},"schema":{"@context":"https:\/\/schema.org","@graph":[{"@type":"WebPage","@id":"https:\/\/www.wellacademy.es\/pt\/product\/summer-lights\/","url":"https:\/\/www.wellacademy.es\/pt\/product\/summer-lights\/","name":"SUMMER LIGHTS - Wella Academy Portugal","isPartOf":{"@id":"https:\/\/www.wellacademy.es\/pt\/#website"},"datePublished":"2023-02-03T12:35:24+00:00","dateModified":"2025-11-17T16:41:40+00:00","description":"Plismam Sousa traz-nos as melhores t\u00e9cnicas para conseguir um cabelo fabuloso tanto para as morenas com madeixas como para as loiras mais poderosa.","breadcrumb":{"@id":"https:\/\/www.wellacademy.es\/pt\/product\/summer-lights\/#breadcrumb"},"inLanguage":"pt-PT","potentialAction":[{"@type":"ReadAction","target":["https:\/\/www.wellacademy.es\/pt\/product\/summer-lights\/"]}]},{"@type":"BreadcrumbList","@id":"https:\/\/www.wellacademy.es\/pt\/product\/summer-lights\/#breadcrumb","itemListElement":[{"@type":"ListItem","position":1,"name":"Home","item":"https:\/\/www.wellacademy.es\/pt\/"},{"@type":"ListItem","position":2,"name":"Cursos","item":"https:\/\/www.wellacademy.es\/pt\/shop\/"},{"@type":"ListItem","position":3,"name":"SUMMER LIGHTS"}]},{"@type":"WebSite","@id":"https:\/\/www.wellacademy.es\/pt\/#website","url":"https:\/\/www.wellacademy.es\/pt\/","name":"Wella Academy Portugal","description":"","potentialAction":[{"@type":"SearchAction","target":{"@type":"EntryPoint","urlTemplate":"https:\/\/www.wellacademy.es\/pt\/?s={search_term_string}"},"query-input":{"@type":"PropertyValueSpecification","valueRequired":true,"valueName":"search_term_string"}}],"inLanguage":"pt-PT"}]}},"_links":{"self":[{"href":"https:\/\/www.wellacademy.es\/pt\/wp-json\/wp\/v2\/product\/197","targetHints":{"allow":["GET"]}}],"collection":[{"href":"https:\/\/www.wellacademy.es\/pt\/wp-json\/wp\/v2\/product"}],"about":[{"href":"https:\/\/www.wellacademy.es\/pt\/wp-json\/wp\/v2\/types\/product"}],"replies":[{"embeddable":true,"href":"https:\/\/www.wellacademy.es\/pt\/wp-json\/wp\/v2\/comments?post=197"}],"wp:attachment":[{"href":"https:\/\/www.wellacademy.es\/pt\/wp-json\/wp\/v2\/media?parent=197"}],"wp:term":[{"taxonomy":"product_brand","embeddable":true,"href":"https:\/\/www.wellacademy.es\/pt\/wp-json\/wp\/v2\/product_brand?post=197"},{"taxonomy":"product_cat","embeddable":true,"href":"https:\/\/www.wellacademy.es\/pt\/wp-json\/wp\/v2\/product_cat?post=197"},{"taxonomy":"product_tag","embeddable":true,"href":"https:\/\/www.wellacademy.es\/pt\/wp-json\/wp\/v2\/product_tag?post=197"}],"curies":[{"name":"wp","href":"https:\/\/api.w.org\/{rel}","templated":true}]}}