{"id":224,"date":"2023-03-08T10:33:12","date_gmt":"2023-03-08T10:33:12","guid":{"rendered":"https:\/\/www.wellacademy.es\/pt\/?post_type=product&#038;p=224"},"modified":"2025-09-08T14:29:47","modified_gmt":"2025-09-08T14:29:47","slug":"brazilian-blonde","status":"publish","type":"product","link":"https:\/\/www.wellacademy.es\/pt\/product\/brazilian-blonde\/","title":{"rendered":"BRAZILIAN BLONDES"},"content":{"rendered":"<p>Desenvolver e praticar uma t\u00e9cnica de loira ou morena iluminada.<br \/>\nT\u00e9cnicas de ripado e aplica\u00e7\u00e3o, esfumado de ra\u00edz com passagem de cor e sua finaliza\u00e7\u00e3o.<br \/>\nComo chegar a resultados perfeitos desde o diagn\u00f3stico at\u00e9 \u00e0 finaliza\u00e7\u00e3o.<br \/>\nT\u00e9cnicas avan\u00e7adas e principais f\u00f3rmulas de tonaliza\u00e7\u00e3o.<\/p>\n","protected":false},"excerpt":{"rendered":"<p>Desenvolver e praticar uma t\u00e9cnica de loira ou morena iluminada. T\u00e9cnicas de ripado e aplica\u00e7\u00e3o, esfumado de ra\u00edz com passagem de cor e sua finaliza\u00e7\u00e3o. Como chegar a resultados perfeitos desde o diagn\u00f3stico at\u00e9 \u00e0 finaliza\u00e7\u00e3o. T\u00e9cnicas avan\u00e7adas e principais f\u00f3rmulas de tonaliza\u00e7\u00e3o.<\/p>\n","protected":false},"featured_media":0,"comment_status":"open","ping_status":"closed","template":"","meta":{"_acf_changed":false},"product_brand":[],"product_cat":[29],"product_tag":[],"class_list":{"0":"post-224","1":"product","2":"type-product","3":"status-publish","5":"product_cat-corte-e-cor","7":"first","8":"instock","9":"shipping-taxable","10":"product-type-simple"},"acf":[],"yoast_head":"<!-- This site is optimized with the Yoast SEO plugin v27.3 - https:\/\/yoast.com\/product\/yoast-seo-wordpress\/ -->\n<title>BRAZILIAN BLONDES - Wella Academy Portugal<\/title>\n<meta name=\"robots\" content=\"index, follow, max-snippet:-1, max-image-preview:large, max-video-preview:-1\" \/>\n<link rel=\"canonical\" href=\"https:\/\/www.wellacademy.es\/pt\/product\/brazilian-blonde\/\" \/>\n<meta property=\"og:locale\" content=\"pt_PT\" \/>\n<meta property=\"og:type\" content=\"article\" \/>\n<meta property=\"og:title\" content=\"BRAZILIAN BLONDES - Wella Academy Portugal\" \/>\n<meta property=\"og:description\" content=\"Desenvolver e praticar uma t\u00e9cnica de loira ou morena iluminada. T\u00e9cnicas de ripado e aplica\u00e7\u00e3o, esfumado de ra\u00edz com passagem de cor e sua finaliza\u00e7\u00e3o. Como chegar a resultados perfeitos desde o diagn\u00f3stico at\u00e9 \u00e0 finaliza\u00e7\u00e3o. T\u00e9cnicas avan\u00e7adas e principais f\u00f3rmulas de tonaliza\u00e7\u00e3o.\" \/>\n<meta property=\"og:url\" content=\"https:\/\/www.wellacademy.es\/pt\/product\/brazilian-blonde\/\" \/>\n<meta property=\"og:site_name\" content=\"Wella Academy Portugal\" \/>\n<meta property=\"article:modified_time\" content=\"2025-09-08T14:29:47+00:00\" \/>\n<meta name=\"twitter:card\" content=\"summary_large_image\" \/>\n<meta name=\"twitter:label1\" content=\"Tempo estimado de leitura\" \/>\n\t<meta name=\"twitter:data1\" content=\"1 minuto\" \/>\n<script type=\"application\/ld+json\" class=\"yoast-schema-graph\">{\"@context\":\"https:\\\/\\\/schema.org\",\"@graph\":[{\"@type\":\"WebPage\",\"@id\":\"https:\\\/\\\/www.wellacademy.es\\\/pt\\\/product\\\/brazilian-blonde\\\/\",\"url\":\"https:\\\/\\\/www.wellacademy.es\\\/pt\\\/product\\\/brazilian-blonde\\\/\",\"name\":\"BRAZILIAN BLONDES - Wella Academy Portugal\",\"isPartOf\":{\"@id\":\"https:\\\/\\\/www.wellacademy.es\\\/pt\\\/#website\"},\"datePublished\":\"2023-03-08T10:33:12+00:00\",\"dateModified\":\"2025-09-08T14:29:47+00:00\",\"breadcrumb\":{\"@id\":\"https:\\\/\\\/www.wellacademy.es\\\/pt\\\/product\\\/brazilian-blonde\\\/#breadcrumb\"},\"inLanguage\":\"pt-PT\",\"potentialAction\":[{\"@type\":\"ReadAction\",\"target\":[\"https:\\\/\\\/www.wellacademy.es\\\/pt\\\/product\\\/brazilian-blonde\\\/\"]}]},{\"@type\":\"BreadcrumbList\",\"@id\":\"https:\\\/\\\/www.wellacademy.es\\\/pt\\\/product\\\/brazilian-blonde\\\/#breadcrumb\",\"itemListElement\":[{\"@type\":\"ListItem\",\"position\":1,\"name\":\"Home\",\"item\":\"https:\\\/\\\/www.wellacademy.es\\\/pt\\\/\"},{\"@type\":\"ListItem\",\"position\":2,\"name\":\"Cursos\",\"item\":\"https:\\\/\\\/www.wellacademy.es\\\/pt\\\/shop\\\/\"},{\"@type\":\"ListItem\",\"position\":3,\"name\":\"BRAZILIAN BLONDES\"}]},{\"@type\":\"WebSite\",\"@id\":\"https:\\\/\\\/www.wellacademy.es\\\/pt\\\/#website\",\"url\":\"https:\\\/\\\/www.wellacademy.es\\\/pt\\\/\",\"name\":\"Wella Academy Portugal\",\"description\":\"\",\"potentialAction\":[{\"@type\":\"SearchAction\",\"target\":{\"@type\":\"EntryPoint\",\"urlTemplate\":\"https:\\\/\\\/www.wellacademy.es\\\/pt\\\/?s={search_term_string}\"},\"query-input\":{\"@type\":\"PropertyValueSpecification\",\"valueRequired\":true,\"valueName\":\"search_term_string\"}}],\"inLanguage\":\"pt-PT\"}]}<\/script>\n<!-- \/ Yoast SEO plugin. -->","yoast_head_json":{"title":"BRAZILIAN BLONDES - Wella Academy Portugal","robots":{"index":"index","follow":"follow","max-snippet":"max-snippet:-1","max-image-preview":"max-image-preview:large","max-video-preview":"max-video-preview:-1"},"canonical":"https:\/\/www.wellacademy.es\/pt\/product\/brazilian-blonde\/","og_locale":"pt_PT","og_type":"article","og_title":"BRAZILIAN BLONDES - Wella Academy Portugal","og_description":"Desenvolver e praticar uma t\u00e9cnica de loira ou morena iluminada. T\u00e9cnicas de ripado e aplica\u00e7\u00e3o, esfumado de ra\u00edz com passagem de cor e sua finaliza\u00e7\u00e3o. Como chegar a resultados perfeitos desde o diagn\u00f3stico at\u00e9 \u00e0 finaliza\u00e7\u00e3o. T\u00e9cnicas avan\u00e7adas e principais f\u00f3rmulas de tonaliza\u00e7\u00e3o.","og_url":"https:\/\/www.wellacademy.es\/pt\/product\/brazilian-blonde\/","og_site_name":"Wella Academy Portugal","article_modified_time":"2025-09-08T14:29:47+00:00","twitter_card":"summary_large_image","twitter_misc":{"Tempo estimado de leitura":"1 minuto"},"schema":{"@context":"https:\/\/schema.org","@graph":[{"@type":"WebPage","@id":"https:\/\/www.wellacademy.es\/pt\/product\/brazilian-blonde\/","url":"https:\/\/www.wellacademy.es\/pt\/product\/brazilian-blonde\/","name":"BRAZILIAN BLONDES - Wella Academy Portugal","isPartOf":{"@id":"https:\/\/www.wellacademy.es\/pt\/#website"},"datePublished":"2023-03-08T10:33:12+00:00","dateModified":"2025-09-08T14:29:47+00:00","breadcrumb":{"@id":"https:\/\/www.wellacademy.es\/pt\/product\/brazilian-blonde\/#breadcrumb"},"inLanguage":"pt-PT","potentialAction":[{"@type":"ReadAction","target":["https:\/\/www.wellacademy.es\/pt\/product\/brazilian-blonde\/"]}]},{"@type":"BreadcrumbList","@id":"https:\/\/www.wellacademy.es\/pt\/product\/brazilian-blonde\/#breadcrumb","itemListElement":[{"@type":"ListItem","position":1,"name":"Home","item":"https:\/\/www.wellacademy.es\/pt\/"},{"@type":"ListItem","position":2,"name":"Cursos","item":"https:\/\/www.wellacademy.es\/pt\/shop\/"},{"@type":"ListItem","position":3,"name":"BRAZILIAN BLONDES"}]},{"@type":"WebSite","@id":"https:\/\/www.wellacademy.es\/pt\/#website","url":"https:\/\/www.wellacademy.es\/pt\/","name":"Wella Academy Portugal","description":"","potentialAction":[{"@type":"SearchAction","target":{"@type":"EntryPoint","urlTemplate":"https:\/\/www.wellacademy.es\/pt\/?s={search_term_string}"},"query-input":{"@type":"PropertyValueSpecification","valueRequired":true,"valueName":"search_term_string"}}],"inLanguage":"pt-PT"}]}},"_links":{"self":[{"href":"https:\/\/www.wellacademy.es\/pt\/wp-json\/wp\/v2\/product\/224","targetHints":{"allow":["GET"]}}],"collection":[{"href":"https:\/\/www.wellacademy.es\/pt\/wp-json\/wp\/v2\/product"}],"about":[{"href":"https:\/\/www.wellacademy.es\/pt\/wp-json\/wp\/v2\/types\/product"}],"replies":[{"embeddable":true,"href":"https:\/\/www.wellacademy.es\/pt\/wp-json\/wp\/v2\/comments?post=224"}],"wp:attachment":[{"href":"https:\/\/www.wellacademy.es\/pt\/wp-json\/wp\/v2\/media?parent=224"}],"wp:term":[{"taxonomy":"product_brand","embeddable":true,"href":"https:\/\/www.wellacademy.es\/pt\/wp-json\/wp\/v2\/product_brand?post=224"},{"taxonomy":"product_cat","embeddable":true,"href":"https:\/\/www.wellacademy.es\/pt\/wp-json\/wp\/v2\/product_cat?post=224"},{"taxonomy":"product_tag","embeddable":true,"href":"https:\/\/www.wellacademy.es\/pt\/wp-json\/wp\/v2\/product_tag?post=224"}],"curies":[{"name":"wp","href":"https:\/\/api.w.org\/{rel}","templated":true}]}}