{"id":257,"date":"2024-01-16T11:33:40","date_gmt":"2024-01-16T11:33:40","guid":{"rendered":"https:\/\/www.wellacademy.es\/pt\/?post_type=product&#038;p=257"},"modified":"2026-01-12T14:34:36","modified_gmt":"2026-01-12T14:34:36","slug":"o-som-da-cor","status":"publish","type":"product","link":"https:\/\/www.wellacademy.es\/pt\/product\/o-som-da-cor\/","title":{"rendered":"O SOM DA COR"},"content":{"rendered":"<p>Alexis ir\u00e1 orient\u00e1-lo neste curso para se tornar um verdadeiro especialista nas novas t\u00e9cnicas de cria\u00e7\u00e3o de cores \u00fanicas.<\/p>\n<p>Diretores de sal\u00e3o e estilistas interessados em aprender t\u00e9cnicas (ideias, truques, segredos, conselhos de especialistas) para criar a sua pr\u00f3pria paleta de cores. Se \u00e9 apaixonado pelo mundo das cores e da cria\u00e7\u00e3o&#8230; este \u00e9 o curso ideal para si!<\/p>\n","protected":false},"excerpt":{"rendered":"<p>Alexis ir\u00e1 orient\u00e1-lo neste curso para se tornar um verdadeiro especialista nas novas t\u00e9cnicas de cria\u00e7\u00e3o de cores \u00fanicas. Diretores de sal\u00e3o e estilistas interessados em aprender t\u00e9cnicas (ideias, truques, segredos, conselhos de especialistas) para criar a sua pr\u00f3pria paleta de cores. Se \u00e9 apaixonado pelo mundo das cores e da cria\u00e7\u00e3o&#8230; este \u00e9 o [&hellip;]<\/p>\n","protected":false},"featured_media":258,"comment_status":"open","ping_status":"closed","template":"","meta":{"_acf_changed":false},"product_brand":[],"product_cat":[29],"product_tag":[],"class_list":{"0":"post-257","1":"product","2":"type-product","3":"status-publish","4":"has-post-thumbnail","6":"product_cat-corte-e-cor","8":"first","9":"instock","10":"shipping-taxable","11":"product-type-simple"},"acf":[],"yoast_head":"<!-- This site is optimized with the Yoast SEO plugin v27.3 - https:\/\/yoast.com\/product\/yoast-seo-wordpress\/ -->\n<title>O SOM DA COR COM ALEXIS FERRER<\/title>\n<meta name=\"description\" content=\"Alexis ir\u00e1 orient\u00e1-lo neste curso para se tornar um verdadeiro especialista nas novas t\u00e9cnicas de cria\u00e7\u00e3o de cores \u00fanicas.\" \/>\n<meta name=\"robots\" content=\"index, follow, max-snippet:-1, max-image-preview:large, max-video-preview:-1\" \/>\n<link rel=\"canonical\" href=\"https:\/\/www.wellacademy.es\/pt\/product\/o-som-da-cor\/\" \/>\n<meta property=\"og:locale\" content=\"pt_PT\" \/>\n<meta property=\"og:type\" content=\"article\" \/>\n<meta property=\"og:title\" content=\"O SOM DA COR COM ALEXIS FERRER\" \/>\n<meta property=\"og:description\" content=\"Alexis ir\u00e1 orient\u00e1-lo neste curso para se tornar um verdadeiro especialista nas novas t\u00e9cnicas de cria\u00e7\u00e3o de cores \u00fanicas.\" \/>\n<meta property=\"og:url\" content=\"https:\/\/www.wellacademy.es\/pt\/product\/o-som-da-cor\/\" \/>\n<meta property=\"og:site_name\" content=\"Wella Academy Portugal\" \/>\n<meta property=\"article:modified_time\" content=\"2026-01-12T14:34:36+00:00\" \/>\n<meta property=\"og:image\" content=\"https:\/\/www.wellacademy.es\/pt\/wp-content\/uploads\/sites\/2\/2024\/01\/admin-ajax.jpg\" \/>\n\t<meta property=\"og:image:width\" content=\"600\" \/>\n\t<meta property=\"og:image:height\" content=\"419\" \/>\n\t<meta property=\"og:image:type\" content=\"image\/jpeg\" \/>\n<meta name=\"twitter:card\" content=\"summary_large_image\" \/>\n<meta name=\"twitter:label1\" content=\"Tempo estimado de leitura\" \/>\n\t<meta name=\"twitter:data1\" content=\"1 minuto\" \/>\n<script type=\"application\/ld+json\" class=\"yoast-schema-graph\">{\"@context\":\"https:\\\/\\\/schema.org\",\"@graph\":[{\"@type\":\"WebPage\",\"@id\":\"https:\\\/\\\/www.wellacademy.es\\\/pt\\\/product\\\/o-som-da-cor\\\/\",\"url\":\"https:\\\/\\\/www.wellacademy.es\\\/pt\\\/product\\\/o-som-da-cor\\\/\",\"name\":\"O SOM DA COR COM ALEXIS FERRER\",\"isPartOf\":{\"@id\":\"https:\\\/\\\/www.wellacademy.es\\\/pt\\\/#website\"},\"primaryImageOfPage\":{\"@id\":\"https:\\\/\\\/www.wellacademy.es\\\/pt\\\/product\\\/o-som-da-cor\\\/#primaryimage\"},\"image\":{\"@id\":\"https:\\\/\\\/www.wellacademy.es\\\/pt\\\/product\\\/o-som-da-cor\\\/#primaryimage\"},\"thumbnailUrl\":\"https:\\\/\\\/www.wellacademy.es\\\/pt\\\/wp-content\\\/uploads\\\/sites\\\/2\\\/2024\\\/01\\\/admin-ajax.jpg\",\"datePublished\":\"2024-01-16T11:33:40+00:00\",\"dateModified\":\"2026-01-12T14:34:36+00:00\",\"description\":\"Alexis ir\u00e1 orient\u00e1-lo neste curso para se tornar um verdadeiro especialista nas novas t\u00e9cnicas de cria\u00e7\u00e3o de cores \u00fanicas.\",\"breadcrumb\":{\"@id\":\"https:\\\/\\\/www.wellacademy.es\\\/pt\\\/product\\\/o-som-da-cor\\\/#breadcrumb\"},\"inLanguage\":\"pt-PT\",\"potentialAction\":[{\"@type\":\"ReadAction\",\"target\":[\"https:\\\/\\\/www.wellacademy.es\\\/pt\\\/product\\\/o-som-da-cor\\\/\"]}]},{\"@type\":\"ImageObject\",\"inLanguage\":\"pt-PT\",\"@id\":\"https:\\\/\\\/www.wellacademy.es\\\/pt\\\/product\\\/o-som-da-cor\\\/#primaryimage\",\"url\":\"https:\\\/\\\/www.wellacademy.es\\\/pt\\\/wp-content\\\/uploads\\\/sites\\\/2\\\/2024\\\/01\\\/admin-ajax.jpg\",\"contentUrl\":\"https:\\\/\\\/www.wellacademy.es\\\/pt\\\/wp-content\\\/uploads\\\/sites\\\/2\\\/2024\\\/01\\\/admin-ajax.jpg\",\"width\":600,\"height\":419},{\"@type\":\"BreadcrumbList\",\"@id\":\"https:\\\/\\\/www.wellacademy.es\\\/pt\\\/product\\\/o-som-da-cor\\\/#breadcrumb\",\"itemListElement\":[{\"@type\":\"ListItem\",\"position\":1,\"name\":\"Home\",\"item\":\"https:\\\/\\\/www.wellacademy.es\\\/pt\\\/\"},{\"@type\":\"ListItem\",\"position\":2,\"name\":\"Cursos\",\"item\":\"https:\\\/\\\/www.wellacademy.es\\\/pt\\\/shop\\\/\"},{\"@type\":\"ListItem\",\"position\":3,\"name\":\"O SOM DA COR\"}]},{\"@type\":\"WebSite\",\"@id\":\"https:\\\/\\\/www.wellacademy.es\\\/pt\\\/#website\",\"url\":\"https:\\\/\\\/www.wellacademy.es\\\/pt\\\/\",\"name\":\"Wella Academy Portugal\",\"description\":\"\",\"potentialAction\":[{\"@type\":\"SearchAction\",\"target\":{\"@type\":\"EntryPoint\",\"urlTemplate\":\"https:\\\/\\\/www.wellacademy.es\\\/pt\\\/?s={search_term_string}\"},\"query-input\":{\"@type\":\"PropertyValueSpecification\",\"valueRequired\":true,\"valueName\":\"search_term_string\"}}],\"inLanguage\":\"pt-PT\"}]}<\/script>\n<!-- \/ Yoast SEO plugin. -->","yoast_head_json":{"title":"O SOM DA COR COM ALEXIS FERRER","description":"Alexis ir\u00e1 orient\u00e1-lo neste curso para se tornar um verdadeiro especialista nas novas t\u00e9cnicas de cria\u00e7\u00e3o de cores \u00fanicas.","robots":{"index":"index","follow":"follow","max-snippet":"max-snippet:-1","max-image-preview":"max-image-preview:large","max-video-preview":"max-video-preview:-1"},"canonical":"https:\/\/www.wellacademy.es\/pt\/product\/o-som-da-cor\/","og_locale":"pt_PT","og_type":"article","og_title":"O SOM DA COR COM ALEXIS FERRER","og_description":"Alexis ir\u00e1 orient\u00e1-lo neste curso para se tornar um verdadeiro especialista nas novas t\u00e9cnicas de cria\u00e7\u00e3o de cores \u00fanicas.","og_url":"https:\/\/www.wellacademy.es\/pt\/product\/o-som-da-cor\/","og_site_name":"Wella Academy Portugal","article_modified_time":"2026-01-12T14:34:36+00:00","og_image":[{"width":600,"height":419,"url":"https:\/\/www.wellacademy.es\/pt\/wp-content\/uploads\/sites\/2\/2024\/01\/admin-ajax.jpg","type":"image\/jpeg"}],"twitter_card":"summary_large_image","twitter_misc":{"Tempo estimado de leitura":"1 minuto"},"schema":{"@context":"https:\/\/schema.org","@graph":[{"@type":"WebPage","@id":"https:\/\/www.wellacademy.es\/pt\/product\/o-som-da-cor\/","url":"https:\/\/www.wellacademy.es\/pt\/product\/o-som-da-cor\/","name":"O SOM DA COR COM ALEXIS FERRER","isPartOf":{"@id":"https:\/\/www.wellacademy.es\/pt\/#website"},"primaryImageOfPage":{"@id":"https:\/\/www.wellacademy.es\/pt\/product\/o-som-da-cor\/#primaryimage"},"image":{"@id":"https:\/\/www.wellacademy.es\/pt\/product\/o-som-da-cor\/#primaryimage"},"thumbnailUrl":"https:\/\/www.wellacademy.es\/pt\/wp-content\/uploads\/sites\/2\/2024\/01\/admin-ajax.jpg","datePublished":"2024-01-16T11:33:40+00:00","dateModified":"2026-01-12T14:34:36+00:00","description":"Alexis ir\u00e1 orient\u00e1-lo neste curso para se tornar um verdadeiro especialista nas novas t\u00e9cnicas de cria\u00e7\u00e3o de cores \u00fanicas.","breadcrumb":{"@id":"https:\/\/www.wellacademy.es\/pt\/product\/o-som-da-cor\/#breadcrumb"},"inLanguage":"pt-PT","potentialAction":[{"@type":"ReadAction","target":["https:\/\/www.wellacademy.es\/pt\/product\/o-som-da-cor\/"]}]},{"@type":"ImageObject","inLanguage":"pt-PT","@id":"https:\/\/www.wellacademy.es\/pt\/product\/o-som-da-cor\/#primaryimage","url":"https:\/\/www.wellacademy.es\/pt\/wp-content\/uploads\/sites\/2\/2024\/01\/admin-ajax.jpg","contentUrl":"https:\/\/www.wellacademy.es\/pt\/wp-content\/uploads\/sites\/2\/2024\/01\/admin-ajax.jpg","width":600,"height":419},{"@type":"BreadcrumbList","@id":"https:\/\/www.wellacademy.es\/pt\/product\/o-som-da-cor\/#breadcrumb","itemListElement":[{"@type":"ListItem","position":1,"name":"Home","item":"https:\/\/www.wellacademy.es\/pt\/"},{"@type":"ListItem","position":2,"name":"Cursos","item":"https:\/\/www.wellacademy.es\/pt\/shop\/"},{"@type":"ListItem","position":3,"name":"O SOM DA COR"}]},{"@type":"WebSite","@id":"https:\/\/www.wellacademy.es\/pt\/#website","url":"https:\/\/www.wellacademy.es\/pt\/","name":"Wella Academy Portugal","description":"","potentialAction":[{"@type":"SearchAction","target":{"@type":"EntryPoint","urlTemplate":"https:\/\/www.wellacademy.es\/pt\/?s={search_term_string}"},"query-input":{"@type":"PropertyValueSpecification","valueRequired":true,"valueName":"search_term_string"}}],"inLanguage":"pt-PT"}]}},"_links":{"self":[{"href":"https:\/\/www.wellacademy.es\/pt\/wp-json\/wp\/v2\/product\/257","targetHints":{"allow":["GET"]}}],"collection":[{"href":"https:\/\/www.wellacademy.es\/pt\/wp-json\/wp\/v2\/product"}],"about":[{"href":"https:\/\/www.wellacademy.es\/pt\/wp-json\/wp\/v2\/types\/product"}],"replies":[{"embeddable":true,"href":"https:\/\/www.wellacademy.es\/pt\/wp-json\/wp\/v2\/comments?post=257"}],"wp:featuredmedia":[{"embeddable":true,"href":"https:\/\/www.wellacademy.es\/pt\/wp-json\/wp\/v2\/media\/258"}],"wp:attachment":[{"href":"https:\/\/www.wellacademy.es\/pt\/wp-json\/wp\/v2\/media?parent=257"}],"wp:term":[{"taxonomy":"product_brand","embeddable":true,"href":"https:\/\/www.wellacademy.es\/pt\/wp-json\/wp\/v2\/product_brand?post=257"},{"taxonomy":"product_cat","embeddable":true,"href":"https:\/\/www.wellacademy.es\/pt\/wp-json\/wp\/v2\/product_cat?post=257"},{"taxonomy":"product_tag","embeddable":true,"href":"https:\/\/www.wellacademy.es\/pt\/wp-json\/wp\/v2\/product_tag?post=257"}],"curies":[{"name":"wp","href":"https:\/\/api.w.org\/{rel}","templated":true}]}}