{"id":259,"date":"2024-01-16T11:53:58","date_gmt":"2024-01-16T11:53:58","guid":{"rendered":"https:\/\/www.wellacademy.es\/pt\/?post_type=product&#038;p=259"},"modified":"2024-08-29T13:39:36","modified_gmt":"2024-08-29T13:39:36","slug":"penteados-criativos","status":"publish","type":"product","link":"https:\/\/www.wellacademy.es\/pt\/product\/penteados-criativos\/","title":{"rendered":"Penteados Criativos"},"content":{"rendered":"<table style=\"height: 205px\" width=\"450\">\n<tbody>\n<tr>\n<td width=\"286\">Aumente sua criatividade nos apanhados! Inspirado nas tend\u00eancias da moda, aprenda t\u00e9cnicas para criar looks criativos e ic\u00f4nicos neste curso de 1 dia.<\/td>\n<\/tr>\n<tr>\n<td>Una a t\u00e9cnica de cor ao recolhido e alcance o resultado perfeito para suas clientes.<\/td>\n<\/tr>\n<\/tbody>\n<\/table>\n","protected":false},"excerpt":{"rendered":"<p>Aumente sua criatividade nos apanhados! Inspirado nas tend\u00eancias da moda, aprenda t\u00e9cnicas para criar looks criativos e ic\u00f4nicos neste curso de 1 dia. Una a t\u00e9cnica de cor ao recolhido e alcance o resultado perfeito para suas clientes.<\/p>\n","protected":false},"featured_media":260,"comment_status":"open","ping_status":"closed","template":"","meta":{"_acf_changed":false},"product_brand":[],"product_cat":[34],"product_tag":[],"class_list":{"0":"post-259","1":"product","2":"type-product","3":"status-publish","4":"has-post-thumbnail","6":"product_cat-styling-e-apanhados","8":"first","9":"instock","10":"shipping-taxable","11":"product-type-simple"},"acf":[],"yoast_head":"<!-- This site is optimized with the Yoast SEO plugin v27.3 - https:\/\/yoast.com\/product\/yoast-seo-wordpress\/ -->\n<title>Penteados Criativos - Wella Academy Portugal<\/title>\n<meta name=\"description\" content=\"Aumente sua criatividade nos recolhidos! Inspirado nas tend\u00eancias da moda, aprenda t\u00e9cnicas para criar looks criativos e ic\u00f4nicos neste curso de 1 dia. Una a t\u00e9cnica de cor ao recolhido e alcance o resultado perfeito para suas clientes.\" \/>\n<meta name=\"robots\" content=\"index, follow, max-snippet:-1, max-image-preview:large, max-video-preview:-1\" \/>\n<link rel=\"canonical\" href=\"https:\/\/www.wellacademy.es\/pt\/product\/penteados-criativos\/\" \/>\n<meta property=\"og:locale\" content=\"pt_PT\" \/>\n<meta property=\"og:type\" content=\"article\" \/>\n<meta property=\"og:title\" content=\"Penteados Criativos - Wella Academy Portugal\" \/>\n<meta property=\"og:description\" content=\"Aumente sua criatividade nos recolhidos! Inspirado nas tend\u00eancias da moda, aprenda t\u00e9cnicas para criar looks criativos e ic\u00f4nicos neste curso de 1 dia. Una a t\u00e9cnica de cor ao recolhido e alcance o resultado perfeito para suas clientes.\" \/>\n<meta property=\"og:url\" content=\"https:\/\/www.wellacademy.es\/pt\/product\/penteados-criativos\/\" \/>\n<meta property=\"og:site_name\" content=\"Wella Academy Portugal\" \/>\n<meta property=\"article:modified_time\" content=\"2024-08-29T13:39:36+00:00\" \/>\n<meta property=\"og:image\" content=\"https:\/\/www.wellacademy.es\/pt\/wp-content\/uploads\/sites\/2\/2024\/01\/admin-ajax.png\" \/>\n\t<meta property=\"og:image:width\" content=\"570\" \/>\n\t<meta property=\"og:image:height\" content=\"570\" \/>\n\t<meta property=\"og:image:type\" content=\"image\/png\" \/>\n<meta name=\"twitter:card\" content=\"summary_large_image\" \/>\n<meta name=\"twitter:label1\" content=\"Tempo estimado de leitura\" \/>\n\t<meta name=\"twitter:data1\" content=\"1 minuto\" \/>\n<script type=\"application\/ld+json\" class=\"yoast-schema-graph\">{\"@context\":\"https:\\\/\\\/schema.org\",\"@graph\":[{\"@type\":\"WebPage\",\"@id\":\"https:\\\/\\\/www.wellacademy.es\\\/pt\\\/product\\\/penteados-criativos\\\/\",\"url\":\"https:\\\/\\\/www.wellacademy.es\\\/pt\\\/product\\\/penteados-criativos\\\/\",\"name\":\"Penteados Criativos - Wella Academy Portugal\",\"isPartOf\":{\"@id\":\"https:\\\/\\\/www.wellacademy.es\\\/pt\\\/#website\"},\"primaryImageOfPage\":{\"@id\":\"https:\\\/\\\/www.wellacademy.es\\\/pt\\\/product\\\/penteados-criativos\\\/#primaryimage\"},\"image\":{\"@id\":\"https:\\\/\\\/www.wellacademy.es\\\/pt\\\/product\\\/penteados-criativos\\\/#primaryimage\"},\"thumbnailUrl\":\"https:\\\/\\\/www.wellacademy.es\\\/pt\\\/wp-content\\\/uploads\\\/sites\\\/2\\\/2024\\\/01\\\/admin-ajax.png\",\"datePublished\":\"2024-01-16T11:53:58+00:00\",\"dateModified\":\"2024-08-29T13:39:36+00:00\",\"description\":\"Aumente sua criatividade nos recolhidos! Inspirado nas tend\u00eancias da moda, aprenda t\u00e9cnicas para criar looks criativos e ic\u00f4nicos neste curso de 1 dia. Una a t\u00e9cnica de cor ao recolhido e alcance o resultado perfeito para suas clientes.\",\"breadcrumb\":{\"@id\":\"https:\\\/\\\/www.wellacademy.es\\\/pt\\\/product\\\/penteados-criativos\\\/#breadcrumb\"},\"inLanguage\":\"pt-PT\",\"potentialAction\":[{\"@type\":\"ReadAction\",\"target\":[\"https:\\\/\\\/www.wellacademy.es\\\/pt\\\/product\\\/penteados-criativos\\\/\"]}]},{\"@type\":\"ImageObject\",\"inLanguage\":\"pt-PT\",\"@id\":\"https:\\\/\\\/www.wellacademy.es\\\/pt\\\/product\\\/penteados-criativos\\\/#primaryimage\",\"url\":\"https:\\\/\\\/www.wellacademy.es\\\/pt\\\/wp-content\\\/uploads\\\/sites\\\/2\\\/2024\\\/01\\\/admin-ajax.png\",\"contentUrl\":\"https:\\\/\\\/www.wellacademy.es\\\/pt\\\/wp-content\\\/uploads\\\/sites\\\/2\\\/2024\\\/01\\\/admin-ajax.png\",\"width\":570,\"height\":570},{\"@type\":\"BreadcrumbList\",\"@id\":\"https:\\\/\\\/www.wellacademy.es\\\/pt\\\/product\\\/penteados-criativos\\\/#breadcrumb\",\"itemListElement\":[{\"@type\":\"ListItem\",\"position\":1,\"name\":\"Home\",\"item\":\"https:\\\/\\\/www.wellacademy.es\\\/pt\\\/\"},{\"@type\":\"ListItem\",\"position\":2,\"name\":\"Cursos\",\"item\":\"https:\\\/\\\/www.wellacademy.es\\\/pt\\\/shop\\\/\"},{\"@type\":\"ListItem\",\"position\":3,\"name\":\"Penteados Criativos\"}]},{\"@type\":\"WebSite\",\"@id\":\"https:\\\/\\\/www.wellacademy.es\\\/pt\\\/#website\",\"url\":\"https:\\\/\\\/www.wellacademy.es\\\/pt\\\/\",\"name\":\"Wella Academy Portugal\",\"description\":\"\",\"potentialAction\":[{\"@type\":\"SearchAction\",\"target\":{\"@type\":\"EntryPoint\",\"urlTemplate\":\"https:\\\/\\\/www.wellacademy.es\\\/pt\\\/?s={search_term_string}\"},\"query-input\":{\"@type\":\"PropertyValueSpecification\",\"valueRequired\":true,\"valueName\":\"search_term_string\"}}],\"inLanguage\":\"pt-PT\"}]}<\/script>\n<!-- \/ Yoast SEO plugin. -->","yoast_head_json":{"title":"Penteados Criativos - Wella Academy Portugal","description":"Aumente sua criatividade nos recolhidos! Inspirado nas tend\u00eancias da moda, aprenda t\u00e9cnicas para criar looks criativos e ic\u00f4nicos neste curso de 1 dia. Una a t\u00e9cnica de cor ao recolhido e alcance o resultado perfeito para suas clientes.","robots":{"index":"index","follow":"follow","max-snippet":"max-snippet:-1","max-image-preview":"max-image-preview:large","max-video-preview":"max-video-preview:-1"},"canonical":"https:\/\/www.wellacademy.es\/pt\/product\/penteados-criativos\/","og_locale":"pt_PT","og_type":"article","og_title":"Penteados Criativos - Wella Academy Portugal","og_description":"Aumente sua criatividade nos recolhidos! Inspirado nas tend\u00eancias da moda, aprenda t\u00e9cnicas para criar looks criativos e ic\u00f4nicos neste curso de 1 dia. Una a t\u00e9cnica de cor ao recolhido e alcance o resultado perfeito para suas clientes.","og_url":"https:\/\/www.wellacademy.es\/pt\/product\/penteados-criativos\/","og_site_name":"Wella Academy Portugal","article_modified_time":"2024-08-29T13:39:36+00:00","og_image":[{"width":570,"height":570,"url":"https:\/\/www.wellacademy.es\/pt\/wp-content\/uploads\/sites\/2\/2024\/01\/admin-ajax.png","type":"image\/png"}],"twitter_card":"summary_large_image","twitter_misc":{"Tempo estimado de leitura":"1 minuto"},"schema":{"@context":"https:\/\/schema.org","@graph":[{"@type":"WebPage","@id":"https:\/\/www.wellacademy.es\/pt\/product\/penteados-criativos\/","url":"https:\/\/www.wellacademy.es\/pt\/product\/penteados-criativos\/","name":"Penteados Criativos - Wella Academy Portugal","isPartOf":{"@id":"https:\/\/www.wellacademy.es\/pt\/#website"},"primaryImageOfPage":{"@id":"https:\/\/www.wellacademy.es\/pt\/product\/penteados-criativos\/#primaryimage"},"image":{"@id":"https:\/\/www.wellacademy.es\/pt\/product\/penteados-criativos\/#primaryimage"},"thumbnailUrl":"https:\/\/www.wellacademy.es\/pt\/wp-content\/uploads\/sites\/2\/2024\/01\/admin-ajax.png","datePublished":"2024-01-16T11:53:58+00:00","dateModified":"2024-08-29T13:39:36+00:00","description":"Aumente sua criatividade nos recolhidos! Inspirado nas tend\u00eancias da moda, aprenda t\u00e9cnicas para criar looks criativos e ic\u00f4nicos neste curso de 1 dia. Una a t\u00e9cnica de cor ao recolhido e alcance o resultado perfeito para suas clientes.","breadcrumb":{"@id":"https:\/\/www.wellacademy.es\/pt\/product\/penteados-criativos\/#breadcrumb"},"inLanguage":"pt-PT","potentialAction":[{"@type":"ReadAction","target":["https:\/\/www.wellacademy.es\/pt\/product\/penteados-criativos\/"]}]},{"@type":"ImageObject","inLanguage":"pt-PT","@id":"https:\/\/www.wellacademy.es\/pt\/product\/penteados-criativos\/#primaryimage","url":"https:\/\/www.wellacademy.es\/pt\/wp-content\/uploads\/sites\/2\/2024\/01\/admin-ajax.png","contentUrl":"https:\/\/www.wellacademy.es\/pt\/wp-content\/uploads\/sites\/2\/2024\/01\/admin-ajax.png","width":570,"height":570},{"@type":"BreadcrumbList","@id":"https:\/\/www.wellacademy.es\/pt\/product\/penteados-criativos\/#breadcrumb","itemListElement":[{"@type":"ListItem","position":1,"name":"Home","item":"https:\/\/www.wellacademy.es\/pt\/"},{"@type":"ListItem","position":2,"name":"Cursos","item":"https:\/\/www.wellacademy.es\/pt\/shop\/"},{"@type":"ListItem","position":3,"name":"Penteados Criativos"}]},{"@type":"WebSite","@id":"https:\/\/www.wellacademy.es\/pt\/#website","url":"https:\/\/www.wellacademy.es\/pt\/","name":"Wella Academy Portugal","description":"","potentialAction":[{"@type":"SearchAction","target":{"@type":"EntryPoint","urlTemplate":"https:\/\/www.wellacademy.es\/pt\/?s={search_term_string}"},"query-input":{"@type":"PropertyValueSpecification","valueRequired":true,"valueName":"search_term_string"}}],"inLanguage":"pt-PT"}]}},"_links":{"self":[{"href":"https:\/\/www.wellacademy.es\/pt\/wp-json\/wp\/v2\/product\/259","targetHints":{"allow":["GET"]}}],"collection":[{"href":"https:\/\/www.wellacademy.es\/pt\/wp-json\/wp\/v2\/product"}],"about":[{"href":"https:\/\/www.wellacademy.es\/pt\/wp-json\/wp\/v2\/types\/product"}],"replies":[{"embeddable":true,"href":"https:\/\/www.wellacademy.es\/pt\/wp-json\/wp\/v2\/comments?post=259"}],"wp:featuredmedia":[{"embeddable":true,"href":"https:\/\/www.wellacademy.es\/pt\/wp-json\/wp\/v2\/media\/260"}],"wp:attachment":[{"href":"https:\/\/www.wellacademy.es\/pt\/wp-json\/wp\/v2\/media?parent=259"}],"wp:term":[{"taxonomy":"product_brand","embeddable":true,"href":"https:\/\/www.wellacademy.es\/pt\/wp-json\/wp\/v2\/product_brand?post=259"},{"taxonomy":"product_cat","embeddable":true,"href":"https:\/\/www.wellacademy.es\/pt\/wp-json\/wp\/v2\/product_cat?post=259"},{"taxonomy":"product_tag","embeddable":true,"href":"https:\/\/www.wellacademy.es\/pt\/wp-json\/wp\/v2\/product_tag?post=259"}],"curies":[{"name":"wp","href":"https:\/\/api.w.org\/{rel}","templated":true}]}}