{"id":269,"date":"2024-01-16T13:49:09","date_gmt":"2024-01-16T13:49:09","guid":{"rendered":"https:\/\/www.wellacademy.es\/pt\/?post_type=product&#038;p=269"},"modified":"2024-08-29T13:28:46","modified_gmt":"2024-08-29T13:28:46","slug":"atelier-cor-corte-e-styling","status":"publish","type":"product","link":"https:\/\/www.wellacademy.es\/pt\/product\/atelier-cor-corte-e-styling\/","title":{"rendered":"ATELIER COR, CORTE E STYLING"},"content":{"rendered":"<table style=\"height: 202px\" width=\"667\">\n<tbody>\n<tr>\n<td width=\"101\">\n<table style=\"height: 127px\" width=\"604\">\n<tbody>\n<tr>\n<td width=\"101\">Workshop de 2 dias para aperfei\u00e7oamento de cor, corte e styling.<\/td>\n<\/tr>\n<\/tbody>\n<\/table>\n<p>Este curso divide-se em duas partes:<\/td>\n<\/tr>\n<tr>\n<td>O 1\u00ba dia est\u00e1 programado o aperfei\u00e7oamento de t\u00e9cnicas de cor,<\/td>\n<\/tr>\n<tr>\n<td>corre\u00e7\u00f5es, truques e testar novas t\u00e9cnicas.<\/td>\n<\/tr>\n<tr>\n<td>O 2\u00ba dia, tem como pr\u00e1tica a execu\u00e7\u00e3o de um corte actual e cor em modelos<\/td>\n<\/tr>\n<tr>\n<td>com t\u00e9cnicas acess\u00edveis com resultados garantidos.<\/td>\n<\/tr>\n<\/tbody>\n<\/table>\n","protected":false},"excerpt":{"rendered":"<p>Workshop de 2 dias para aperfei\u00e7oamento de cor, corte e styling. Este curso divide-se em duas partes: O 1\u00ba dia est\u00e1 programado o aperfei\u00e7oamento de t\u00e9cnicas de cor, corre\u00e7\u00f5es, truques e testar novas t\u00e9cnicas. O 2\u00ba dia, tem como pr\u00e1tica a execu\u00e7\u00e3o de um corte actual e cor em modelos com t\u00e9cnicas acess\u00edveis com resultados [&hellip;]<\/p>\n","protected":false},"featured_media":87,"comment_status":"open","ping_status":"closed","template":"","meta":{"_acf_changed":false},"product_brand":[],"product_cat":[35],"product_tag":[],"class_list":{"0":"post-269","1":"product","2":"type-product","3":"status-publish","4":"has-post-thumbnail","6":"product_cat-workshops","8":"first","9":"instock","10":"shipping-taxable","11":"product-type-simple"},"acf":[],"yoast_head":"<!-- This site is optimized with the Yoast SEO plugin v27.3 - https:\/\/yoast.com\/product\/yoast-seo-wordpress\/ -->\n<title>ATELIER COR, CORTE E STYLING - Wella Academy Portugal<\/title>\n<meta name=\"description\" content=\"Workshop de 2 dias para aperfei\u00e7oamento de cor, corte e styling.\" \/>\n<meta name=\"robots\" content=\"index, follow, max-snippet:-1, max-image-preview:large, max-video-preview:-1\" \/>\n<link rel=\"canonical\" href=\"https:\/\/www.wellacademy.es\/pt\/product\/atelier-cor-corte-e-styling\/\" \/>\n<meta property=\"og:locale\" content=\"pt_PT\" \/>\n<meta property=\"og:type\" content=\"article\" \/>\n<meta property=\"og:title\" content=\"ATELIER COR, CORTE E STYLING - Wella Academy Portugal\" \/>\n<meta property=\"og:description\" content=\"Workshop de 2 dias para aperfei\u00e7oamento de cor, corte e styling.\" \/>\n<meta property=\"og:url\" content=\"https:\/\/www.wellacademy.es\/pt\/product\/atelier-cor-corte-e-styling\/\" \/>\n<meta property=\"og:site_name\" content=\"Wella Academy Portugal\" \/>\n<meta property=\"article:modified_time\" content=\"2024-08-29T13:28:46+00:00\" \/>\n<meta property=\"og:image\" content=\"https:\/\/www.wellacademy.es\/pt\/wp-content\/uploads\/sites\/2\/2022\/03\/cristinarodrigues.jpg\" \/>\n\t<meta property=\"og:image:width\" content=\"353\" \/>\n\t<meta property=\"og:image:height\" content=\"462\" \/>\n\t<meta property=\"og:image:type\" content=\"image\/jpeg\" \/>\n<meta name=\"twitter:card\" content=\"summary_large_image\" \/>\n<meta name=\"twitter:label1\" content=\"Tempo estimado de leitura\" \/>\n\t<meta name=\"twitter:data1\" content=\"1 minuto\" \/>\n<script type=\"application\/ld+json\" class=\"yoast-schema-graph\">{\"@context\":\"https:\\\/\\\/schema.org\",\"@graph\":[{\"@type\":\"WebPage\",\"@id\":\"https:\\\/\\\/www.wellacademy.es\\\/pt\\\/product\\\/atelier-cor-corte-e-styling\\\/\",\"url\":\"https:\\\/\\\/www.wellacademy.es\\\/pt\\\/product\\\/atelier-cor-corte-e-styling\\\/\",\"name\":\"ATELIER COR, CORTE E STYLING - Wella Academy Portugal\",\"isPartOf\":{\"@id\":\"https:\\\/\\\/www.wellacademy.es\\\/pt\\\/#website\"},\"primaryImageOfPage\":{\"@id\":\"https:\\\/\\\/www.wellacademy.es\\\/pt\\\/product\\\/atelier-cor-corte-e-styling\\\/#primaryimage\"},\"image\":{\"@id\":\"https:\\\/\\\/www.wellacademy.es\\\/pt\\\/product\\\/atelier-cor-corte-e-styling\\\/#primaryimage\"},\"thumbnailUrl\":\"https:\\\/\\\/www.wellacademy.es\\\/pt\\\/wp-content\\\/uploads\\\/sites\\\/2\\\/2022\\\/03\\\/cristinarodrigues.jpg\",\"datePublished\":\"2024-01-16T13:49:09+00:00\",\"dateModified\":\"2024-08-29T13:28:46+00:00\",\"description\":\"Workshop de 2 dias para aperfei\u00e7oamento de cor, corte e styling.\",\"breadcrumb\":{\"@id\":\"https:\\\/\\\/www.wellacademy.es\\\/pt\\\/product\\\/atelier-cor-corte-e-styling\\\/#breadcrumb\"},\"inLanguage\":\"pt-PT\",\"potentialAction\":[{\"@type\":\"ReadAction\",\"target\":[\"https:\\\/\\\/www.wellacademy.es\\\/pt\\\/product\\\/atelier-cor-corte-e-styling\\\/\"]}]},{\"@type\":\"ImageObject\",\"inLanguage\":\"pt-PT\",\"@id\":\"https:\\\/\\\/www.wellacademy.es\\\/pt\\\/product\\\/atelier-cor-corte-e-styling\\\/#primaryimage\",\"url\":\"https:\\\/\\\/www.wellacademy.es\\\/pt\\\/wp-content\\\/uploads\\\/sites\\\/2\\\/2022\\\/03\\\/cristinarodrigues.jpg\",\"contentUrl\":\"https:\\\/\\\/www.wellacademy.es\\\/pt\\\/wp-content\\\/uploads\\\/sites\\\/2\\\/2022\\\/03\\\/cristinarodrigues.jpg\",\"width\":353,\"height\":462},{\"@type\":\"BreadcrumbList\",\"@id\":\"https:\\\/\\\/www.wellacademy.es\\\/pt\\\/product\\\/atelier-cor-corte-e-styling\\\/#breadcrumb\",\"itemListElement\":[{\"@type\":\"ListItem\",\"position\":1,\"name\":\"Home\",\"item\":\"https:\\\/\\\/www.wellacademy.es\\\/pt\\\/\"},{\"@type\":\"ListItem\",\"position\":2,\"name\":\"Cursos\",\"item\":\"https:\\\/\\\/www.wellacademy.es\\\/pt\\\/shop\\\/\"},{\"@type\":\"ListItem\",\"position\":3,\"name\":\"ATELIER COR, CORTE E STYLING\"}]},{\"@type\":\"WebSite\",\"@id\":\"https:\\\/\\\/www.wellacademy.es\\\/pt\\\/#website\",\"url\":\"https:\\\/\\\/www.wellacademy.es\\\/pt\\\/\",\"name\":\"Wella Academy Portugal\",\"description\":\"\",\"potentialAction\":[{\"@type\":\"SearchAction\",\"target\":{\"@type\":\"EntryPoint\",\"urlTemplate\":\"https:\\\/\\\/www.wellacademy.es\\\/pt\\\/?s={search_term_string}\"},\"query-input\":{\"@type\":\"PropertyValueSpecification\",\"valueRequired\":true,\"valueName\":\"search_term_string\"}}],\"inLanguage\":\"pt-PT\"}]}<\/script>\n<!-- \/ Yoast SEO plugin. -->","yoast_head_json":{"title":"ATELIER COR, CORTE E STYLING - Wella Academy Portugal","description":"Workshop de 2 dias para aperfei\u00e7oamento de cor, corte e styling.","robots":{"index":"index","follow":"follow","max-snippet":"max-snippet:-1","max-image-preview":"max-image-preview:large","max-video-preview":"max-video-preview:-1"},"canonical":"https:\/\/www.wellacademy.es\/pt\/product\/atelier-cor-corte-e-styling\/","og_locale":"pt_PT","og_type":"article","og_title":"ATELIER COR, CORTE E STYLING - Wella Academy Portugal","og_description":"Workshop de 2 dias para aperfei\u00e7oamento de cor, corte e styling.","og_url":"https:\/\/www.wellacademy.es\/pt\/product\/atelier-cor-corte-e-styling\/","og_site_name":"Wella Academy Portugal","article_modified_time":"2024-08-29T13:28:46+00:00","og_image":[{"width":353,"height":462,"url":"https:\/\/www.wellacademy.es\/pt\/wp-content\/uploads\/sites\/2\/2022\/03\/cristinarodrigues.jpg","type":"image\/jpeg"}],"twitter_card":"summary_large_image","twitter_misc":{"Tempo estimado de leitura":"1 minuto"},"schema":{"@context":"https:\/\/schema.org","@graph":[{"@type":"WebPage","@id":"https:\/\/www.wellacademy.es\/pt\/product\/atelier-cor-corte-e-styling\/","url":"https:\/\/www.wellacademy.es\/pt\/product\/atelier-cor-corte-e-styling\/","name":"ATELIER COR, CORTE E STYLING - Wella Academy Portugal","isPartOf":{"@id":"https:\/\/www.wellacademy.es\/pt\/#website"},"primaryImageOfPage":{"@id":"https:\/\/www.wellacademy.es\/pt\/product\/atelier-cor-corte-e-styling\/#primaryimage"},"image":{"@id":"https:\/\/www.wellacademy.es\/pt\/product\/atelier-cor-corte-e-styling\/#primaryimage"},"thumbnailUrl":"https:\/\/www.wellacademy.es\/pt\/wp-content\/uploads\/sites\/2\/2022\/03\/cristinarodrigues.jpg","datePublished":"2024-01-16T13:49:09+00:00","dateModified":"2024-08-29T13:28:46+00:00","description":"Workshop de 2 dias para aperfei\u00e7oamento de cor, corte e styling.","breadcrumb":{"@id":"https:\/\/www.wellacademy.es\/pt\/product\/atelier-cor-corte-e-styling\/#breadcrumb"},"inLanguage":"pt-PT","potentialAction":[{"@type":"ReadAction","target":["https:\/\/www.wellacademy.es\/pt\/product\/atelier-cor-corte-e-styling\/"]}]},{"@type":"ImageObject","inLanguage":"pt-PT","@id":"https:\/\/www.wellacademy.es\/pt\/product\/atelier-cor-corte-e-styling\/#primaryimage","url":"https:\/\/www.wellacademy.es\/pt\/wp-content\/uploads\/sites\/2\/2022\/03\/cristinarodrigues.jpg","contentUrl":"https:\/\/www.wellacademy.es\/pt\/wp-content\/uploads\/sites\/2\/2022\/03\/cristinarodrigues.jpg","width":353,"height":462},{"@type":"BreadcrumbList","@id":"https:\/\/www.wellacademy.es\/pt\/product\/atelier-cor-corte-e-styling\/#breadcrumb","itemListElement":[{"@type":"ListItem","position":1,"name":"Home","item":"https:\/\/www.wellacademy.es\/pt\/"},{"@type":"ListItem","position":2,"name":"Cursos","item":"https:\/\/www.wellacademy.es\/pt\/shop\/"},{"@type":"ListItem","position":3,"name":"ATELIER COR, CORTE E STYLING"}]},{"@type":"WebSite","@id":"https:\/\/www.wellacademy.es\/pt\/#website","url":"https:\/\/www.wellacademy.es\/pt\/","name":"Wella Academy Portugal","description":"","potentialAction":[{"@type":"SearchAction","target":{"@type":"EntryPoint","urlTemplate":"https:\/\/www.wellacademy.es\/pt\/?s={search_term_string}"},"query-input":{"@type":"PropertyValueSpecification","valueRequired":true,"valueName":"search_term_string"}}],"inLanguage":"pt-PT"}]}},"_links":{"self":[{"href":"https:\/\/www.wellacademy.es\/pt\/wp-json\/wp\/v2\/product\/269","targetHints":{"allow":["GET"]}}],"collection":[{"href":"https:\/\/www.wellacademy.es\/pt\/wp-json\/wp\/v2\/product"}],"about":[{"href":"https:\/\/www.wellacademy.es\/pt\/wp-json\/wp\/v2\/types\/product"}],"replies":[{"embeddable":true,"href":"https:\/\/www.wellacademy.es\/pt\/wp-json\/wp\/v2\/comments?post=269"}],"wp:featuredmedia":[{"embeddable":true,"href":"https:\/\/www.wellacademy.es\/pt\/wp-json\/wp\/v2\/media\/87"}],"wp:attachment":[{"href":"https:\/\/www.wellacademy.es\/pt\/wp-json\/wp\/v2\/media?parent=269"}],"wp:term":[{"taxonomy":"product_brand","embeddable":true,"href":"https:\/\/www.wellacademy.es\/pt\/wp-json\/wp\/v2\/product_brand?post=269"},{"taxonomy":"product_cat","embeddable":true,"href":"https:\/\/www.wellacademy.es\/pt\/wp-json\/wp\/v2\/product_cat?post=269"},{"taxonomy":"product_tag","embeddable":true,"href":"https:\/\/www.wellacademy.es\/pt\/wp-json\/wp\/v2\/product_tag?post=269"}],"curies":[{"name":"wp","href":"https:\/\/api.w.org\/{rel}","templated":true}]}}