{"id":272,"date":"2024-01-17T15:16:09","date_gmt":"2024-01-17T15:16:09","guid":{"rendered":"https:\/\/www.wellacademy.es\/pt\/?post_type=product&#038;p=272"},"modified":"2025-11-17T16:39:42","modified_gmt":"2025-11-17T16:39:42","slug":"dois-em-um-2","status":"publish","type":"product","link":"https:\/\/www.wellacademy.es\/pt\/product\/dois-em-um-2\/","title":{"rendered":"DOIS EM UM"},"content":{"rendered":"<table style=\"border-collapse: collapse;width: 350px;height: 214px\" border=\"0\" width=\"64\" cellspacing=\"0\" cellpadding=\"0\">\n<tbody>\n<tr style=\"height: 14.5pt\">\n<td style=\"height: 14.5pt;width: 48pt\" width=\"64\" height=\"19\">Pense e desenvolva, crie, misture, compreenda como funciona a cor degradando com um\/dois tons que cria uma fus\u00e3o perfeita do trabalho de cor e corte.<\/td>\n<\/tr>\n<\/tbody>\n<\/table>\n","protected":false},"excerpt":{"rendered":"<p>Pense e desenvolva, crie, misture, compreenda como funciona a cor degradando com um\/dois tons que cria uma fus\u00e3o perfeita do trabalho de cor e corte.<\/p>\n","protected":false},"featured_media":102,"comment_status":"open","ping_status":"closed","template":"","meta":{"_acf_changed":false},"product_brand":[],"product_cat":[29],"product_tag":[],"class_list":{"0":"post-272","1":"product","2":"type-product","3":"status-publish","4":"has-post-thumbnail","6":"product_cat-corte-e-cor","8":"first","9":"instock","10":"shipping-taxable","11":"product-type-external"},"acf":[],"yoast_head":"<!-- This site is optimized with the Yoast SEO plugin v27.3 - https:\/\/yoast.com\/product\/yoast-seo-wordpress\/ -->\n<title>DOIS EM UM - Wella Academy Portugal<\/title>\n<meta name=\"description\" content=\"Pense e desenvolva, crie, misture, compreenda como funciona a cor degradando com um\/dois tons que cria uma fus\u00e3o perfeita do trabalho de cor e corte.Aproveite o Angel no palco realizando dois cortes e uma colora\u00e7\u00e3o ao vivo (com o corte j\u00e1 feito), que ir\u00e1 praticar posteriormente. Degrada\u00e7\u00f5es de cor com no m\u00e1ximo dois tons criando efeitos incr\u00edveis e corte adaptado \u00e0 cor realizada.&quot;\" \/>\n<meta name=\"robots\" content=\"index, follow, max-snippet:-1, max-image-preview:large, max-video-preview:-1\" \/>\n<link rel=\"canonical\" href=\"https:\/\/www.wellacademy.es\/pt\/product\/dois-em-um-2\/\" \/>\n<meta property=\"og:locale\" content=\"pt_PT\" \/>\n<meta property=\"og:type\" content=\"article\" \/>\n<meta property=\"og:title\" content=\"DOIS EM UM - Wella Academy Portugal\" \/>\n<meta property=\"og:description\" content=\"Pense e desenvolva, crie, misture, compreenda como funciona a cor degradando com um\/dois tons que cria uma fus\u00e3o perfeita do trabalho de cor e corte.Aproveite o Angel no palco realizando dois cortes e uma colora\u00e7\u00e3o ao vivo (com o corte j\u00e1 feito), que ir\u00e1 praticar posteriormente. Degrada\u00e7\u00f5es de cor com no m\u00e1ximo dois tons criando efeitos incr\u00edveis e corte adaptado \u00e0 cor realizada.&quot;\" \/>\n<meta property=\"og:url\" content=\"https:\/\/www.wellacademy.es\/pt\/product\/dois-em-um-2\/\" \/>\n<meta property=\"og:site_name\" content=\"Wella Academy Portugal\" \/>\n<meta property=\"article:modified_time\" content=\"2025-11-17T16:39:42+00:00\" \/>\n<meta property=\"og:image\" content=\"https:\/\/www.wellacademy.es\/pt\/wp-content\/uploads\/sites\/2\/2022\/03\/angel_diez.jpeg\" \/>\n\t<meta property=\"og:image:width\" content=\"375\" \/>\n\t<meta property=\"og:image:height\" content=\"462\" \/>\n\t<meta property=\"og:image:type\" content=\"image\/jpeg\" \/>\n<meta name=\"twitter:card\" content=\"summary_large_image\" \/>\n<meta name=\"twitter:label1\" content=\"Tempo estimado de leitura\" \/>\n\t<meta name=\"twitter:data1\" content=\"1 minuto\" \/>\n<script type=\"application\/ld+json\" class=\"yoast-schema-graph\">{\"@context\":\"https:\\\/\\\/schema.org\",\"@graph\":[{\"@type\":\"WebPage\",\"@id\":\"https:\\\/\\\/www.wellacademy.es\\\/pt\\\/product\\\/dois-em-um-2\\\/\",\"url\":\"https:\\\/\\\/www.wellacademy.es\\\/pt\\\/product\\\/dois-em-um-2\\\/\",\"name\":\"DOIS EM UM - Wella Academy Portugal\",\"isPartOf\":{\"@id\":\"https:\\\/\\\/www.wellacademy.es\\\/pt\\\/#website\"},\"primaryImageOfPage\":{\"@id\":\"https:\\\/\\\/www.wellacademy.es\\\/pt\\\/product\\\/dois-em-um-2\\\/#primaryimage\"},\"image\":{\"@id\":\"https:\\\/\\\/www.wellacademy.es\\\/pt\\\/product\\\/dois-em-um-2\\\/#primaryimage\"},\"thumbnailUrl\":\"https:\\\/\\\/www.wellacademy.es\\\/pt\\\/wp-content\\\/uploads\\\/sites\\\/2\\\/2022\\\/03\\\/angel_diez.jpeg\",\"datePublished\":\"2024-01-17T15:16:09+00:00\",\"dateModified\":\"2025-11-17T16:39:42+00:00\",\"description\":\"Pense e desenvolva, crie, misture, compreenda como funciona a cor degradando com um\\\/dois tons que cria uma fus\u00e3o perfeita do trabalho de cor e corte.Aproveite o Angel no palco realizando dois cortes e uma colora\u00e7\u00e3o ao vivo (com o corte j\u00e1 feito), que ir\u00e1 praticar posteriormente. Degrada\u00e7\u00f5es de cor com no m\u00e1ximo dois tons criando efeitos incr\u00edveis e corte adaptado \u00e0 cor realizada.\\\"\",\"breadcrumb\":{\"@id\":\"https:\\\/\\\/www.wellacademy.es\\\/pt\\\/product\\\/dois-em-um-2\\\/#breadcrumb\"},\"inLanguage\":\"pt-PT\",\"potentialAction\":[{\"@type\":\"ReadAction\",\"target\":[\"https:\\\/\\\/www.wellacademy.es\\\/pt\\\/product\\\/dois-em-um-2\\\/\"]}]},{\"@type\":\"ImageObject\",\"inLanguage\":\"pt-PT\",\"@id\":\"https:\\\/\\\/www.wellacademy.es\\\/pt\\\/product\\\/dois-em-um-2\\\/#primaryimage\",\"url\":\"https:\\\/\\\/www.wellacademy.es\\\/pt\\\/wp-content\\\/uploads\\\/sites\\\/2\\\/2022\\\/03\\\/angel_diez.jpeg\",\"contentUrl\":\"https:\\\/\\\/www.wellacademy.es\\\/pt\\\/wp-content\\\/uploads\\\/sites\\\/2\\\/2022\\\/03\\\/angel_diez.jpeg\",\"width\":375,\"height\":462},{\"@type\":\"BreadcrumbList\",\"@id\":\"https:\\\/\\\/www.wellacademy.es\\\/pt\\\/product\\\/dois-em-um-2\\\/#breadcrumb\",\"itemListElement\":[{\"@type\":\"ListItem\",\"position\":1,\"name\":\"Home\",\"item\":\"https:\\\/\\\/www.wellacademy.es\\\/pt\\\/\"},{\"@type\":\"ListItem\",\"position\":2,\"name\":\"Cursos\",\"item\":\"https:\\\/\\\/www.wellacademy.es\\\/pt\\\/shop\\\/\"},{\"@type\":\"ListItem\",\"position\":3,\"name\":\"DOIS EM UM\"}]},{\"@type\":\"WebSite\",\"@id\":\"https:\\\/\\\/www.wellacademy.es\\\/pt\\\/#website\",\"url\":\"https:\\\/\\\/www.wellacademy.es\\\/pt\\\/\",\"name\":\"Wella Academy Portugal\",\"description\":\"\",\"potentialAction\":[{\"@type\":\"SearchAction\",\"target\":{\"@type\":\"EntryPoint\",\"urlTemplate\":\"https:\\\/\\\/www.wellacademy.es\\\/pt\\\/?s={search_term_string}\"},\"query-input\":{\"@type\":\"PropertyValueSpecification\",\"valueRequired\":true,\"valueName\":\"search_term_string\"}}],\"inLanguage\":\"pt-PT\"}]}<\/script>\n<!-- \/ Yoast SEO plugin. -->","yoast_head_json":{"title":"DOIS EM UM - Wella Academy Portugal","description":"Pense e desenvolva, crie, misture, compreenda como funciona a cor degradando com um\/dois tons que cria uma fus\u00e3o perfeita do trabalho de cor e corte.Aproveite o Angel no palco realizando dois cortes e uma colora\u00e7\u00e3o ao vivo (com o corte j\u00e1 feito), que ir\u00e1 praticar posteriormente. Degrada\u00e7\u00f5es de cor com no m\u00e1ximo dois tons criando efeitos incr\u00edveis e corte adaptado \u00e0 cor realizada.\"","robots":{"index":"index","follow":"follow","max-snippet":"max-snippet:-1","max-image-preview":"max-image-preview:large","max-video-preview":"max-video-preview:-1"},"canonical":"https:\/\/www.wellacademy.es\/pt\/product\/dois-em-um-2\/","og_locale":"pt_PT","og_type":"article","og_title":"DOIS EM UM - Wella Academy Portugal","og_description":"Pense e desenvolva, crie, misture, compreenda como funciona a cor degradando com um\/dois tons que cria uma fus\u00e3o perfeita do trabalho de cor e corte.Aproveite o Angel no palco realizando dois cortes e uma colora\u00e7\u00e3o ao vivo (com o corte j\u00e1 feito), que ir\u00e1 praticar posteriormente. Degrada\u00e7\u00f5es de cor com no m\u00e1ximo dois tons criando efeitos incr\u00edveis e corte adaptado \u00e0 cor realizada.\"","og_url":"https:\/\/www.wellacademy.es\/pt\/product\/dois-em-um-2\/","og_site_name":"Wella Academy Portugal","article_modified_time":"2025-11-17T16:39:42+00:00","og_image":[{"width":375,"height":462,"url":"https:\/\/www.wellacademy.es\/pt\/wp-content\/uploads\/sites\/2\/2022\/03\/angel_diez.jpeg","type":"image\/jpeg"}],"twitter_card":"summary_large_image","twitter_misc":{"Tempo estimado de leitura":"1 minuto"},"schema":{"@context":"https:\/\/schema.org","@graph":[{"@type":"WebPage","@id":"https:\/\/www.wellacademy.es\/pt\/product\/dois-em-um-2\/","url":"https:\/\/www.wellacademy.es\/pt\/product\/dois-em-um-2\/","name":"DOIS EM UM - Wella Academy Portugal","isPartOf":{"@id":"https:\/\/www.wellacademy.es\/pt\/#website"},"primaryImageOfPage":{"@id":"https:\/\/www.wellacademy.es\/pt\/product\/dois-em-um-2\/#primaryimage"},"image":{"@id":"https:\/\/www.wellacademy.es\/pt\/product\/dois-em-um-2\/#primaryimage"},"thumbnailUrl":"https:\/\/www.wellacademy.es\/pt\/wp-content\/uploads\/sites\/2\/2022\/03\/angel_diez.jpeg","datePublished":"2024-01-17T15:16:09+00:00","dateModified":"2025-11-17T16:39:42+00:00","description":"Pense e desenvolva, crie, misture, compreenda como funciona a cor degradando com um\/dois tons que cria uma fus\u00e3o perfeita do trabalho de cor e corte.Aproveite o Angel no palco realizando dois cortes e uma colora\u00e7\u00e3o ao vivo (com o corte j\u00e1 feito), que ir\u00e1 praticar posteriormente. Degrada\u00e7\u00f5es de cor com no m\u00e1ximo dois tons criando efeitos incr\u00edveis e corte adaptado \u00e0 cor realizada.\"","breadcrumb":{"@id":"https:\/\/www.wellacademy.es\/pt\/product\/dois-em-um-2\/#breadcrumb"},"inLanguage":"pt-PT","potentialAction":[{"@type":"ReadAction","target":["https:\/\/www.wellacademy.es\/pt\/product\/dois-em-um-2\/"]}]},{"@type":"ImageObject","inLanguage":"pt-PT","@id":"https:\/\/www.wellacademy.es\/pt\/product\/dois-em-um-2\/#primaryimage","url":"https:\/\/www.wellacademy.es\/pt\/wp-content\/uploads\/sites\/2\/2022\/03\/angel_diez.jpeg","contentUrl":"https:\/\/www.wellacademy.es\/pt\/wp-content\/uploads\/sites\/2\/2022\/03\/angel_diez.jpeg","width":375,"height":462},{"@type":"BreadcrumbList","@id":"https:\/\/www.wellacademy.es\/pt\/product\/dois-em-um-2\/#breadcrumb","itemListElement":[{"@type":"ListItem","position":1,"name":"Home","item":"https:\/\/www.wellacademy.es\/pt\/"},{"@type":"ListItem","position":2,"name":"Cursos","item":"https:\/\/www.wellacademy.es\/pt\/shop\/"},{"@type":"ListItem","position":3,"name":"DOIS EM UM"}]},{"@type":"WebSite","@id":"https:\/\/www.wellacademy.es\/pt\/#website","url":"https:\/\/www.wellacademy.es\/pt\/","name":"Wella Academy Portugal","description":"","potentialAction":[{"@type":"SearchAction","target":{"@type":"EntryPoint","urlTemplate":"https:\/\/www.wellacademy.es\/pt\/?s={search_term_string}"},"query-input":{"@type":"PropertyValueSpecification","valueRequired":true,"valueName":"search_term_string"}}],"inLanguage":"pt-PT"}]}},"_links":{"self":[{"href":"https:\/\/www.wellacademy.es\/pt\/wp-json\/wp\/v2\/product\/272","targetHints":{"allow":["GET"]}}],"collection":[{"href":"https:\/\/www.wellacademy.es\/pt\/wp-json\/wp\/v2\/product"}],"about":[{"href":"https:\/\/www.wellacademy.es\/pt\/wp-json\/wp\/v2\/types\/product"}],"replies":[{"embeddable":true,"href":"https:\/\/www.wellacademy.es\/pt\/wp-json\/wp\/v2\/comments?post=272"}],"wp:featuredmedia":[{"embeddable":true,"href":"https:\/\/www.wellacademy.es\/pt\/wp-json\/wp\/v2\/media\/102"}],"wp:attachment":[{"href":"https:\/\/www.wellacademy.es\/pt\/wp-json\/wp\/v2\/media?parent=272"}],"wp:term":[{"taxonomy":"product_brand","embeddable":true,"href":"https:\/\/www.wellacademy.es\/pt\/wp-json\/wp\/v2\/product_brand?post=272"},{"taxonomy":"product_cat","embeddable":true,"href":"https:\/\/www.wellacademy.es\/pt\/wp-json\/wp\/v2\/product_cat?post=272"},{"taxonomy":"product_tag","embeddable":true,"href":"https:\/\/www.wellacademy.es\/pt\/wp-json\/wp\/v2\/product_tag?post=272"}],"curies":[{"name":"wp","href":"https:\/\/api.w.org\/{rel}","templated":true}]}}