{"id":294,"date":"2024-08-12T16:09:30","date_gmt":"2024-08-12T16:09:30","guid":{"rendered":"https:\/\/www.wellacademy.es\/pt\/?post_type=product&#038;p=294"},"modified":"2025-09-08T14:22:20","modified_gmt":"2025-09-08T14:22:20","slug":"gestao-lideranca-mod-2","status":"publish","type":"product","link":"https:\/\/www.wellacademy.es\/pt\/product\/gestao-lideranca-mod-2\/","title":{"rendered":"GEST\u00c3O LIDERAN\u00c7A M\u00d3D.2"},"content":{"rendered":"<p>Introdu\u00e7\u00e3o \u00e0 Forma\u00e7\u00e3o de gest\u00e3o e Lideran\u00e7a M\u00f3d. II<br \/>\nGerir um neg\u00f3cio e Liderar uma equipa nunca foram tarefas f\u00e1ceis e est\u00e3o particularmente<br \/>\ndesafiantes com a rapidez com que as mudan\u00e7as acorrem no mundo nos dias de hoje.<br \/>\n\u00c9 importante liderar-nos primeiro, aprimorar e mudar o nosso pr\u00f3prio mindset.<\/p>\n","protected":false},"excerpt":{"rendered":"<p>Introdu\u00e7\u00e3o \u00e0 Forma\u00e7\u00e3o de gest\u00e3o e Lideran\u00e7a M\u00f3d. II Gerir um neg\u00f3cio e Liderar uma equipa nunca foram tarefas f\u00e1ceis e est\u00e3o particularmente desafiantes com a rapidez com que as mudan\u00e7as acorrem no mundo nos dias de hoje. \u00c9 importante liderar-nos primeiro, aprimorar e mudar o nosso pr\u00f3prio mindset.<\/p>\n","protected":false},"featured_media":0,"comment_status":"open","ping_status":"closed","template":"","meta":{"_acf_changed":false},"product_brand":[],"product_cat":[27,35],"product_tag":[],"class_list":{"0":"post-294","1":"product","2":"type-product","3":"status-publish","5":"product_cat-business","6":"product_cat-workshops","8":"first","9":"instock","10":"shipping-taxable","11":"product-type-simple"},"acf":[],"yoast_head":"<!-- This site is optimized with the Yoast SEO plugin v27.3 - https:\/\/yoast.com\/product\/yoast-seo-wordpress\/ -->\n<title>GEST\u00c3O LIDERAN\u00c7A M\u00d3D.2 - WELLA ACADEMY<\/title>\n<meta name=\"description\" content=\"Esta forma\u00e7\u00e3o pretende ajudar l\u00edderes a ampliar a vis\u00e3o sobre todos os principais pilares do seu n\u00e9gocio,\u00a0produto, servi\u00e7os e equipa, atrav\u00e9s da constru\u00e7\u00e3o de bases s\u00f3lidas do neg\u00f3cio,\u00a0processos e cultura e do foco na melhoria de uma comunica\u00e7\u00e3o eficaz com clientes e liderados.\u00a0\" \/>\n<meta name=\"robots\" content=\"index, follow, max-snippet:-1, max-image-preview:large, max-video-preview:-1\" \/>\n<link rel=\"canonical\" href=\"https:\/\/www.wellacademy.es\/pt\/product\/gestao-lideranca-mod-2\/\" \/>\n<meta property=\"og:locale\" content=\"pt_PT\" \/>\n<meta property=\"og:type\" content=\"article\" \/>\n<meta property=\"og:title\" content=\"GEST\u00c3O LIDERAN\u00c7A M\u00d3D.2 - WELLA ACADEMY\" \/>\n<meta property=\"og:description\" content=\"Esta forma\u00e7\u00e3o pretende ajudar l\u00edderes a ampliar a vis\u00e3o sobre todos os principais pilares do seu n\u00e9gocio,\u00a0produto, servi\u00e7os e equipa, atrav\u00e9s da constru\u00e7\u00e3o de bases s\u00f3lidas do neg\u00f3cio,\u00a0processos e cultura e do foco na melhoria de uma comunica\u00e7\u00e3o eficaz com clientes e liderados.\u00a0\" \/>\n<meta property=\"og:url\" content=\"https:\/\/www.wellacademy.es\/pt\/product\/gestao-lideranca-mod-2\/\" \/>\n<meta property=\"og:site_name\" content=\"Wella Academy Portugal\" \/>\n<meta property=\"article:modified_time\" content=\"2025-09-08T14:22:20+00:00\" \/>\n<meta name=\"twitter:card\" content=\"summary_large_image\" \/>\n<meta name=\"twitter:label1\" content=\"Tempo estimado de leitura\" \/>\n\t<meta name=\"twitter:data1\" content=\"1 minuto\" \/>\n<script type=\"application\/ld+json\" class=\"yoast-schema-graph\">{\"@context\":\"https:\\\/\\\/schema.org\",\"@graph\":[{\"@type\":\"WebPage\",\"@id\":\"https:\\\/\\\/www.wellacademy.es\\\/pt\\\/product\\\/gestao-lideranca-mod-2\\\/\",\"url\":\"https:\\\/\\\/www.wellacademy.es\\\/pt\\\/product\\\/gestao-lideranca-mod-2\\\/\",\"name\":\"GEST\u00c3O LIDERAN\u00c7A M\u00d3D.2 - WELLA ACADEMY\",\"isPartOf\":{\"@id\":\"https:\\\/\\\/www.wellacademy.es\\\/pt\\\/#website\"},\"datePublished\":\"2024-08-12T16:09:30+00:00\",\"dateModified\":\"2025-09-08T14:22:20+00:00\",\"description\":\"Esta forma\u00e7\u00e3o pretende ajudar l\u00edderes a ampliar a vis\u00e3o sobre todos os principais pilares do seu n\u00e9gocio,\u00a0produto, servi\u00e7os e equipa, atrav\u00e9s da constru\u00e7\u00e3o de bases s\u00f3lidas do neg\u00f3cio,\u00a0processos e cultura e do foco na melhoria de uma comunica\u00e7\u00e3o eficaz com clientes e liderados.\u00a0\",\"breadcrumb\":{\"@id\":\"https:\\\/\\\/www.wellacademy.es\\\/pt\\\/product\\\/gestao-lideranca-mod-2\\\/#breadcrumb\"},\"inLanguage\":\"pt-PT\",\"potentialAction\":[{\"@type\":\"ReadAction\",\"target\":[\"https:\\\/\\\/www.wellacademy.es\\\/pt\\\/product\\\/gestao-lideranca-mod-2\\\/\"]}]},{\"@type\":\"BreadcrumbList\",\"@id\":\"https:\\\/\\\/www.wellacademy.es\\\/pt\\\/product\\\/gestao-lideranca-mod-2\\\/#breadcrumb\",\"itemListElement\":[{\"@type\":\"ListItem\",\"position\":1,\"name\":\"Home\",\"item\":\"https:\\\/\\\/www.wellacademy.es\\\/pt\\\/\"},{\"@type\":\"ListItem\",\"position\":2,\"name\":\"Cursos\",\"item\":\"https:\\\/\\\/www.wellacademy.es\\\/pt\\\/shop\\\/\"},{\"@type\":\"ListItem\",\"position\":3,\"name\":\"GEST\u00c3O LIDERAN\u00c7A M\u00d3D.2\"}]},{\"@type\":\"WebSite\",\"@id\":\"https:\\\/\\\/www.wellacademy.es\\\/pt\\\/#website\",\"url\":\"https:\\\/\\\/www.wellacademy.es\\\/pt\\\/\",\"name\":\"Wella Academy Portugal\",\"description\":\"\",\"potentialAction\":[{\"@type\":\"SearchAction\",\"target\":{\"@type\":\"EntryPoint\",\"urlTemplate\":\"https:\\\/\\\/www.wellacademy.es\\\/pt\\\/?s={search_term_string}\"},\"query-input\":{\"@type\":\"PropertyValueSpecification\",\"valueRequired\":true,\"valueName\":\"search_term_string\"}}],\"inLanguage\":\"pt-PT\"}]}<\/script>\n<!-- \/ Yoast SEO plugin. -->","yoast_head_json":{"title":"GEST\u00c3O LIDERAN\u00c7A M\u00d3D.2 - WELLA ACADEMY","description":"Esta forma\u00e7\u00e3o pretende ajudar l\u00edderes a ampliar a vis\u00e3o sobre todos os principais pilares do seu n\u00e9gocio,\u00a0produto, servi\u00e7os e equipa, atrav\u00e9s da constru\u00e7\u00e3o de bases s\u00f3lidas do neg\u00f3cio,\u00a0processos e cultura e do foco na melhoria de uma comunica\u00e7\u00e3o eficaz com clientes e liderados.\u00a0","robots":{"index":"index","follow":"follow","max-snippet":"max-snippet:-1","max-image-preview":"max-image-preview:large","max-video-preview":"max-video-preview:-1"},"canonical":"https:\/\/www.wellacademy.es\/pt\/product\/gestao-lideranca-mod-2\/","og_locale":"pt_PT","og_type":"article","og_title":"GEST\u00c3O LIDERAN\u00c7A M\u00d3D.2 - WELLA ACADEMY","og_description":"Esta forma\u00e7\u00e3o pretende ajudar l\u00edderes a ampliar a vis\u00e3o sobre todos os principais pilares do seu n\u00e9gocio,\u00a0produto, servi\u00e7os e equipa, atrav\u00e9s da constru\u00e7\u00e3o de bases s\u00f3lidas do neg\u00f3cio,\u00a0processos e cultura e do foco na melhoria de uma comunica\u00e7\u00e3o eficaz com clientes e liderados.\u00a0","og_url":"https:\/\/www.wellacademy.es\/pt\/product\/gestao-lideranca-mod-2\/","og_site_name":"Wella Academy Portugal","article_modified_time":"2025-09-08T14:22:20+00:00","twitter_card":"summary_large_image","twitter_misc":{"Tempo estimado de leitura":"1 minuto"},"schema":{"@context":"https:\/\/schema.org","@graph":[{"@type":"WebPage","@id":"https:\/\/www.wellacademy.es\/pt\/product\/gestao-lideranca-mod-2\/","url":"https:\/\/www.wellacademy.es\/pt\/product\/gestao-lideranca-mod-2\/","name":"GEST\u00c3O LIDERAN\u00c7A M\u00d3D.2 - WELLA ACADEMY","isPartOf":{"@id":"https:\/\/www.wellacademy.es\/pt\/#website"},"datePublished":"2024-08-12T16:09:30+00:00","dateModified":"2025-09-08T14:22:20+00:00","description":"Esta forma\u00e7\u00e3o pretende ajudar l\u00edderes a ampliar a vis\u00e3o sobre todos os principais pilares do seu n\u00e9gocio,\u00a0produto, servi\u00e7os e equipa, atrav\u00e9s da constru\u00e7\u00e3o de bases s\u00f3lidas do neg\u00f3cio,\u00a0processos e cultura e do foco na melhoria de uma comunica\u00e7\u00e3o eficaz com clientes e liderados.\u00a0","breadcrumb":{"@id":"https:\/\/www.wellacademy.es\/pt\/product\/gestao-lideranca-mod-2\/#breadcrumb"},"inLanguage":"pt-PT","potentialAction":[{"@type":"ReadAction","target":["https:\/\/www.wellacademy.es\/pt\/product\/gestao-lideranca-mod-2\/"]}]},{"@type":"BreadcrumbList","@id":"https:\/\/www.wellacademy.es\/pt\/product\/gestao-lideranca-mod-2\/#breadcrumb","itemListElement":[{"@type":"ListItem","position":1,"name":"Home","item":"https:\/\/www.wellacademy.es\/pt\/"},{"@type":"ListItem","position":2,"name":"Cursos","item":"https:\/\/www.wellacademy.es\/pt\/shop\/"},{"@type":"ListItem","position":3,"name":"GEST\u00c3O LIDERAN\u00c7A M\u00d3D.2"}]},{"@type":"WebSite","@id":"https:\/\/www.wellacademy.es\/pt\/#website","url":"https:\/\/www.wellacademy.es\/pt\/","name":"Wella Academy Portugal","description":"","potentialAction":[{"@type":"SearchAction","target":{"@type":"EntryPoint","urlTemplate":"https:\/\/www.wellacademy.es\/pt\/?s={search_term_string}"},"query-input":{"@type":"PropertyValueSpecification","valueRequired":true,"valueName":"search_term_string"}}],"inLanguage":"pt-PT"}]}},"_links":{"self":[{"href":"https:\/\/www.wellacademy.es\/pt\/wp-json\/wp\/v2\/product\/294","targetHints":{"allow":["GET"]}}],"collection":[{"href":"https:\/\/www.wellacademy.es\/pt\/wp-json\/wp\/v2\/product"}],"about":[{"href":"https:\/\/www.wellacademy.es\/pt\/wp-json\/wp\/v2\/types\/product"}],"replies":[{"embeddable":true,"href":"https:\/\/www.wellacademy.es\/pt\/wp-json\/wp\/v2\/comments?post=294"}],"wp:attachment":[{"href":"https:\/\/www.wellacademy.es\/pt\/wp-json\/wp\/v2\/media?parent=294"}],"wp:term":[{"taxonomy":"product_brand","embeddable":true,"href":"https:\/\/www.wellacademy.es\/pt\/wp-json\/wp\/v2\/product_brand?post=294"},{"taxonomy":"product_cat","embeddable":true,"href":"https:\/\/www.wellacademy.es\/pt\/wp-json\/wp\/v2\/product_cat?post=294"},{"taxonomy":"product_tag","embeddable":true,"href":"https:\/\/www.wellacademy.es\/pt\/wp-json\/wp\/v2\/product_tag?post=294"}],"curies":[{"name":"wp","href":"https:\/\/api.w.org\/{rel}","templated":true}]}}