{"id":295,"date":"2024-08-12T16:04:35","date_gmt":"2024-08-12T16:04:35","guid":{"rendered":"https:\/\/www.wellacademy.es\/pt\/?post_type=product&#038;p=295"},"modified":"2024-08-12T16:04:41","modified_gmt":"2024-08-12T16:04:41","slug":"na-preparacao-esta-o-exito","status":"publish","type":"product","link":"https:\/\/www.wellacademy.es\/pt\/product\/na-preparacao-esta-o-exito\/","title":{"rendered":"NA PREPARA\u00c7\u00c3O EST\u00c1 O \u00caXITO"},"content":{"rendered":"<p>Prepara\u00e7\u00e3o\u00a0da \u00e1rea de trabalho,<br \/>\nA import\u00e2ncia da higieniza\u00e7\u00e3o, desinfec\u00e7\u00e3o e esteriliza\u00e7\u00e3o<br \/>\nConhecimento da unha e diagn\u00f3stico.<br \/>\n&#8220;Consulta\u201c Ferramentas necess\u00e1rias e seu uso<br \/>\nT\u00e9cnica de arquivamento e suas diferentes formas<br \/>\nRemo\u00e7\u00e3o de cut\u00edcula priorizando cuidados<br \/>\nPolidores e seu uso<br \/>\nPraticar todos os itens acim<\/p>\n","protected":false},"excerpt":{"rendered":"<p>Prepara\u00e7\u00e3o\u00a0da \u00e1rea de trabalho, A import\u00e2ncia da higieniza\u00e7\u00e3o, desinfec\u00e7\u00e3o e esteriliza\u00e7\u00e3o Conhecimento da unha e diagn\u00f3stico. &#8220;Consulta\u201c Ferramentas necess\u00e1rias e seu uso T\u00e9cnica de arquivamento e suas diferentes formas Remo\u00e7\u00e3o de cut\u00edcula priorizando cuidados Polidores e seu uso Praticar todos os itens acim<\/p>\n","protected":false},"featured_media":0,"comment_status":"open","ping_status":"closed","template":"","meta":{"_acf_changed":false},"product_brand":[],"product_cat":[32,31],"product_tag":[],"class_list":{"0":"post-295","1":"product","2":"type-product","3":"status-publish","5":"product_cat-cursos","6":"product_cat-nails","8":"first","9":"instock","10":"shipping-taxable","11":"product-type-simple"},"acf":[],"yoast_head":"<!-- This site is optimized with the Yoast SEO plugin v27.3 - https:\/\/yoast.com\/product\/yoast-seo-wordpress\/ -->\n<title>NA PREPARA\u00c7\u00c3O EST\u00c1 O \u00caXITO - OPI NAIL ACADEMY<\/title>\n<meta name=\"robots\" content=\"index, follow, max-snippet:-1, max-image-preview:large, max-video-preview:-1\" \/>\n<link rel=\"canonical\" href=\"https:\/\/www.wellacademy.es\/pt\/product\/na-preparacao-esta-o-exito\/\" \/>\n<meta property=\"og:locale\" content=\"pt_PT\" \/>\n<meta property=\"og:type\" content=\"article\" \/>\n<meta property=\"og:title\" content=\"NA PREPARA\u00c7\u00c3O EST\u00c1 O \u00caXITO - OPI NAIL ACADEMY\" \/>\n<meta property=\"og:description\" content=\"Prepara\u00e7\u00e3o\u00a0da \u00e1rea de trabalho, A import\u00e2ncia da higieniza\u00e7\u00e3o, desinfec\u00e7\u00e3o e esteriliza\u00e7\u00e3o Conhecimento da unha e diagn\u00f3stico. &#8220;Consulta\u201c Ferramentas necess\u00e1rias e seu uso T\u00e9cnica de arquivamento e suas diferentes formas Remo\u00e7\u00e3o de cut\u00edcula priorizando cuidados Polidores e seu uso Praticar todos os itens acim\" \/>\n<meta property=\"og:url\" content=\"https:\/\/www.wellacademy.es\/pt\/product\/na-preparacao-esta-o-exito\/\" \/>\n<meta property=\"og:site_name\" content=\"Wella Academy Portugal\" \/>\n<meta property=\"article:modified_time\" content=\"2024-08-12T16:04:41+00:00\" \/>\n<meta name=\"twitter:card\" content=\"summary_large_image\" \/>\n<meta name=\"twitter:label1\" content=\"Tempo estimado de leitura\" \/>\n\t<meta name=\"twitter:data1\" content=\"1 minuto\" \/>\n<script type=\"application\/ld+json\" class=\"yoast-schema-graph\">{\"@context\":\"https:\\\/\\\/schema.org\",\"@graph\":[{\"@type\":\"WebPage\",\"@id\":\"https:\\\/\\\/www.wellacademy.es\\\/pt\\\/product\\\/na-preparacao-esta-o-exito\\\/\",\"url\":\"https:\\\/\\\/www.wellacademy.es\\\/pt\\\/product\\\/na-preparacao-esta-o-exito\\\/\",\"name\":\"NA PREPARA\u00c7\u00c3O EST\u00c1 O \u00caXITO - OPI NAIL ACADEMY\",\"isPartOf\":{\"@id\":\"https:\\\/\\\/www.wellacademy.es\\\/pt\\\/#website\"},\"datePublished\":\"2024-08-12T16:04:35+00:00\",\"dateModified\":\"2024-08-12T16:04:41+00:00\",\"breadcrumb\":{\"@id\":\"https:\\\/\\\/www.wellacademy.es\\\/pt\\\/product\\\/na-preparacao-esta-o-exito\\\/#breadcrumb\"},\"inLanguage\":\"pt-PT\",\"potentialAction\":[{\"@type\":\"ReadAction\",\"target\":[\"https:\\\/\\\/www.wellacademy.es\\\/pt\\\/product\\\/na-preparacao-esta-o-exito\\\/\"]}]},{\"@type\":\"BreadcrumbList\",\"@id\":\"https:\\\/\\\/www.wellacademy.es\\\/pt\\\/product\\\/na-preparacao-esta-o-exito\\\/#breadcrumb\",\"itemListElement\":[{\"@type\":\"ListItem\",\"position\":1,\"name\":\"Home\",\"item\":\"https:\\\/\\\/www.wellacademy.es\\\/pt\\\/\"},{\"@type\":\"ListItem\",\"position\":2,\"name\":\"Cursos\",\"item\":\"https:\\\/\\\/www.wellacademy.es\\\/pt\\\/shop\\\/\"},{\"@type\":\"ListItem\",\"position\":3,\"name\":\"NA PREPARA\u00c7\u00c3O EST\u00c1 O \u00caXITO\"}]},{\"@type\":\"WebSite\",\"@id\":\"https:\\\/\\\/www.wellacademy.es\\\/pt\\\/#website\",\"url\":\"https:\\\/\\\/www.wellacademy.es\\\/pt\\\/\",\"name\":\"Wella Academy Portugal\",\"description\":\"\",\"potentialAction\":[{\"@type\":\"SearchAction\",\"target\":{\"@type\":\"EntryPoint\",\"urlTemplate\":\"https:\\\/\\\/www.wellacademy.es\\\/pt\\\/?s={search_term_string}\"},\"query-input\":{\"@type\":\"PropertyValueSpecification\",\"valueRequired\":true,\"valueName\":\"search_term_string\"}}],\"inLanguage\":\"pt-PT\"}]}<\/script>\n<!-- \/ Yoast SEO plugin. -->","yoast_head_json":{"title":"NA PREPARA\u00c7\u00c3O EST\u00c1 O \u00caXITO - OPI NAIL ACADEMY","robots":{"index":"index","follow":"follow","max-snippet":"max-snippet:-1","max-image-preview":"max-image-preview:large","max-video-preview":"max-video-preview:-1"},"canonical":"https:\/\/www.wellacademy.es\/pt\/product\/na-preparacao-esta-o-exito\/","og_locale":"pt_PT","og_type":"article","og_title":"NA PREPARA\u00c7\u00c3O EST\u00c1 O \u00caXITO - OPI NAIL ACADEMY","og_description":"Prepara\u00e7\u00e3o\u00a0da \u00e1rea de trabalho, A import\u00e2ncia da higieniza\u00e7\u00e3o, desinfec\u00e7\u00e3o e esteriliza\u00e7\u00e3o Conhecimento da unha e diagn\u00f3stico. &#8220;Consulta\u201c Ferramentas necess\u00e1rias e seu uso T\u00e9cnica de arquivamento e suas diferentes formas Remo\u00e7\u00e3o de cut\u00edcula priorizando cuidados Polidores e seu uso Praticar todos os itens acim","og_url":"https:\/\/www.wellacademy.es\/pt\/product\/na-preparacao-esta-o-exito\/","og_site_name":"Wella Academy Portugal","article_modified_time":"2024-08-12T16:04:41+00:00","twitter_card":"summary_large_image","twitter_misc":{"Tempo estimado de leitura":"1 minuto"},"schema":{"@context":"https:\/\/schema.org","@graph":[{"@type":"WebPage","@id":"https:\/\/www.wellacademy.es\/pt\/product\/na-preparacao-esta-o-exito\/","url":"https:\/\/www.wellacademy.es\/pt\/product\/na-preparacao-esta-o-exito\/","name":"NA PREPARA\u00c7\u00c3O EST\u00c1 O \u00caXITO - OPI NAIL ACADEMY","isPartOf":{"@id":"https:\/\/www.wellacademy.es\/pt\/#website"},"datePublished":"2024-08-12T16:04:35+00:00","dateModified":"2024-08-12T16:04:41+00:00","breadcrumb":{"@id":"https:\/\/www.wellacademy.es\/pt\/product\/na-preparacao-esta-o-exito\/#breadcrumb"},"inLanguage":"pt-PT","potentialAction":[{"@type":"ReadAction","target":["https:\/\/www.wellacademy.es\/pt\/product\/na-preparacao-esta-o-exito\/"]}]},{"@type":"BreadcrumbList","@id":"https:\/\/www.wellacademy.es\/pt\/product\/na-preparacao-esta-o-exito\/#breadcrumb","itemListElement":[{"@type":"ListItem","position":1,"name":"Home","item":"https:\/\/www.wellacademy.es\/pt\/"},{"@type":"ListItem","position":2,"name":"Cursos","item":"https:\/\/www.wellacademy.es\/pt\/shop\/"},{"@type":"ListItem","position":3,"name":"NA PREPARA\u00c7\u00c3O EST\u00c1 O \u00caXITO"}]},{"@type":"WebSite","@id":"https:\/\/www.wellacademy.es\/pt\/#website","url":"https:\/\/www.wellacademy.es\/pt\/","name":"Wella Academy Portugal","description":"","potentialAction":[{"@type":"SearchAction","target":{"@type":"EntryPoint","urlTemplate":"https:\/\/www.wellacademy.es\/pt\/?s={search_term_string}"},"query-input":{"@type":"PropertyValueSpecification","valueRequired":true,"valueName":"search_term_string"}}],"inLanguage":"pt-PT"}]}},"_links":{"self":[{"href":"https:\/\/www.wellacademy.es\/pt\/wp-json\/wp\/v2\/product\/295","targetHints":{"allow":["GET"]}}],"collection":[{"href":"https:\/\/www.wellacademy.es\/pt\/wp-json\/wp\/v2\/product"}],"about":[{"href":"https:\/\/www.wellacademy.es\/pt\/wp-json\/wp\/v2\/types\/product"}],"replies":[{"embeddable":true,"href":"https:\/\/www.wellacademy.es\/pt\/wp-json\/wp\/v2\/comments?post=295"}],"wp:attachment":[{"href":"https:\/\/www.wellacademy.es\/pt\/wp-json\/wp\/v2\/media?parent=295"}],"wp:term":[{"taxonomy":"product_brand","embeddable":true,"href":"https:\/\/www.wellacademy.es\/pt\/wp-json\/wp\/v2\/product_brand?post=295"},{"taxonomy":"product_cat","embeddable":true,"href":"https:\/\/www.wellacademy.es\/pt\/wp-json\/wp\/v2\/product_cat?post=295"},{"taxonomy":"product_tag","embeddable":true,"href":"https:\/\/www.wellacademy.es\/pt\/wp-json\/wp\/v2\/product_tag?post=295"}],"curies":[{"name":"wp","href":"https:\/\/api.w.org\/{rel}","templated":true}]}}