{"id":319,"date":"2024-12-17T16:49:13","date_gmt":"2024-12-17T16:49:13","guid":{"rendered":"https:\/\/www.wellacademy.es\/pt\/?post_type=product&#038;p=319"},"modified":"2025-09-08T14:33:32","modified_gmt":"2025-09-08T14:33:32","slug":"dimensional-blonde-hair-2-0","status":"publish","type":"product","link":"https:\/\/www.wellacademy.es\/pt\/product\/dimensional-blonde-hair-2-0\/","title":{"rendered":"DIMENSIONAL BLONDE HAIR 2.0"},"content":{"rendered":"<p>Nesta forma\u00e7\u00e3o, aprofundaremos as t\u00e9cnicas de balayage,<br \/>\npartilhando todos os servi\u00e7os mais atuais e procurados nos sal\u00f5es.<br \/>\nPara obter resultados dimensionais, loiros mais luminosos e 100% integrados,<br \/>\nelevaremos as t\u00e9cnicas de clareamento ao pr\u00f3ximo n\u00edvel com a abordagem freehand.<\/p>\n<p>Import\u00e2ncia da T\u00e9cnica<br \/>\nFocaremos na aplica\u00e7\u00e3o precisa e no dep\u00f3sito correto do produto<br \/>\npara garantir um resultado esfumado, integrado e com clareamento homog\u00e9neo em todas as sec\u00e7\u00f5es.<\/p>\n<p>Benef\u00edcios da T\u00e9cnica<br \/>\nCombina\u00e7\u00e3o de t\u00e9cnicas para alcan\u00e7ar resultados mais claros, 100% integrados e altamente luminosos.<br \/>\nExplora\u00e7\u00e3o da import\u00e2ncia da posi\u00e7\u00e3o corporal, dire\u00e7\u00e3o e eleva\u00e7\u00e3o de cada sec\u00e7\u00e3o para criar um efeito esfumado e homog\u00e9neo.<br \/>\nUtiliza\u00e7\u00e3o de foils para criar efeitos dimensionais com contraste.<br \/>\nClareamento adaptado a bases em alturas 8\/9\/10, quentes ou frias.<\/p>\n<p>Produto Utilizado<br \/>\nBlondorplex.<\/p>\n","protected":false},"excerpt":{"rendered":"<p>Nesta forma\u00e7\u00e3o, aprofundaremos as t\u00e9cnicas de balayage, partilhando todos os servi\u00e7os mais atuais e procurados nos sal\u00f5es. Para obter resultados dimensionais, loiros mais luminosos e 100% integrados, elevaremos as t\u00e9cnicas de clareamento ao pr\u00f3ximo n\u00edvel com a abordagem freehand. Import\u00e2ncia da T\u00e9cnica Focaremos na aplica\u00e7\u00e3o precisa e no dep\u00f3sito correto do produto para garantir um [&hellip;]<\/p>\n","protected":false},"featured_media":301,"comment_status":"open","ping_status":"closed","template":"","meta":{"_acf_changed":false},"product_brand":[],"product_cat":[29],"product_tag":[],"class_list":{"0":"post-319","1":"product","2":"type-product","3":"status-publish","4":"has-post-thumbnail","6":"product_cat-corte-e-cor","8":"first","9":"instock","10":"shipping-taxable","11":"product-type-simple"},"acf":[],"yoast_head":"<!-- This site is optimized with the Yoast SEO plugin v27.3 - https:\/\/yoast.com\/product\/yoast-seo-wordpress\/ -->\n<title>DIMENSIONAL BLONDE HAIR 2.0 - Wella Academy Portugal<\/title>\n<meta name=\"description\" content=\"Nesta forma\u00e7\u00e3o, aprofundaremos as t\u00e9cnicas de balayage,partilhando todos os servi\u00e7os mais atuais e procurados nos sal\u00f5es.\" \/>\n<meta name=\"robots\" content=\"index, follow, max-snippet:-1, max-image-preview:large, max-video-preview:-1\" \/>\n<link rel=\"canonical\" href=\"https:\/\/www.wellacademy.es\/pt\/product\/dimensional-blonde-hair-2-0\/\" \/>\n<meta property=\"og:locale\" content=\"pt_PT\" \/>\n<meta property=\"og:type\" content=\"article\" \/>\n<meta property=\"og:title\" content=\"DIMENSIONAL BLONDE HAIR 2.0 - Wella Academy Portugal\" \/>\n<meta property=\"og:description\" content=\"Nesta forma\u00e7\u00e3o, aprofundaremos as t\u00e9cnicas de balayage,partilhando todos os servi\u00e7os mais atuais e procurados nos sal\u00f5es.\" \/>\n<meta property=\"og:url\" content=\"https:\/\/www.wellacademy.es\/pt\/product\/dimensional-blonde-hair-2-0\/\" \/>\n<meta property=\"og:site_name\" content=\"Wella Academy Portugal\" \/>\n<meta property=\"article:modified_time\" content=\"2025-09-08T14:33:32+00:00\" \/>\n<meta property=\"og:image\" content=\"https:\/\/www.wellacademy.es\/pt\/wp-content\/uploads\/sites\/2\/2024\/08\/Javier-Vila-FOTO-WEB-781x1024-1.jpg\" \/>\n\t<meta property=\"og:image:width\" content=\"781\" \/>\n\t<meta property=\"og:image:height\" content=\"1024\" \/>\n\t<meta property=\"og:image:type\" content=\"image\/jpeg\" \/>\n<meta name=\"twitter:card\" content=\"summary_large_image\" \/>\n<meta name=\"twitter:label1\" content=\"Tempo estimado de leitura\" \/>\n\t<meta name=\"twitter:data1\" content=\"1 minuto\" \/>\n<script type=\"application\/ld+json\" class=\"yoast-schema-graph\">{\"@context\":\"https:\\\/\\\/schema.org\",\"@graph\":[{\"@type\":\"WebPage\",\"@id\":\"https:\\\/\\\/www.wellacademy.es\\\/pt\\\/product\\\/dimensional-blonde-hair-2-0\\\/\",\"url\":\"https:\\\/\\\/www.wellacademy.es\\\/pt\\\/product\\\/dimensional-blonde-hair-2-0\\\/\",\"name\":\"DIMENSIONAL BLONDE HAIR 2.0 - Wella Academy Portugal\",\"isPartOf\":{\"@id\":\"https:\\\/\\\/www.wellacademy.es\\\/pt\\\/#website\"},\"primaryImageOfPage\":{\"@id\":\"https:\\\/\\\/www.wellacademy.es\\\/pt\\\/product\\\/dimensional-blonde-hair-2-0\\\/#primaryimage\"},\"image\":{\"@id\":\"https:\\\/\\\/www.wellacademy.es\\\/pt\\\/product\\\/dimensional-blonde-hair-2-0\\\/#primaryimage\"},\"thumbnailUrl\":\"https:\\\/\\\/www.wellacademy.es\\\/pt\\\/wp-content\\\/uploads\\\/sites\\\/2\\\/2024\\\/08\\\/Javier-Vila-FOTO-WEB-781x1024-1.jpg\",\"datePublished\":\"2024-12-17T16:49:13+00:00\",\"dateModified\":\"2025-09-08T14:33:32+00:00\",\"description\":\"Nesta forma\u00e7\u00e3o, aprofundaremos as t\u00e9cnicas de balayage,partilhando todos os servi\u00e7os mais atuais e procurados nos sal\u00f5es.\",\"breadcrumb\":{\"@id\":\"https:\\\/\\\/www.wellacademy.es\\\/pt\\\/product\\\/dimensional-blonde-hair-2-0\\\/#breadcrumb\"},\"inLanguage\":\"pt-PT\",\"potentialAction\":[{\"@type\":\"ReadAction\",\"target\":[\"https:\\\/\\\/www.wellacademy.es\\\/pt\\\/product\\\/dimensional-blonde-hair-2-0\\\/\"]}]},{\"@type\":\"ImageObject\",\"inLanguage\":\"pt-PT\",\"@id\":\"https:\\\/\\\/www.wellacademy.es\\\/pt\\\/product\\\/dimensional-blonde-hair-2-0\\\/#primaryimage\",\"url\":\"https:\\\/\\\/www.wellacademy.es\\\/pt\\\/wp-content\\\/uploads\\\/sites\\\/2\\\/2024\\\/08\\\/Javier-Vila-FOTO-WEB-781x1024-1.jpg\",\"contentUrl\":\"https:\\\/\\\/www.wellacademy.es\\\/pt\\\/wp-content\\\/uploads\\\/sites\\\/2\\\/2024\\\/08\\\/Javier-Vila-FOTO-WEB-781x1024-1.jpg\",\"width\":781,\"height\":1024},{\"@type\":\"BreadcrumbList\",\"@id\":\"https:\\\/\\\/www.wellacademy.es\\\/pt\\\/product\\\/dimensional-blonde-hair-2-0\\\/#breadcrumb\",\"itemListElement\":[{\"@type\":\"ListItem\",\"position\":1,\"name\":\"Home\",\"item\":\"https:\\\/\\\/www.wellacademy.es\\\/pt\\\/\"},{\"@type\":\"ListItem\",\"position\":2,\"name\":\"Cursos\",\"item\":\"https:\\\/\\\/www.wellacademy.es\\\/pt\\\/shop\\\/\"},{\"@type\":\"ListItem\",\"position\":3,\"name\":\"DIMENSIONAL BLONDE HAIR 2.0\"}]},{\"@type\":\"WebSite\",\"@id\":\"https:\\\/\\\/www.wellacademy.es\\\/pt\\\/#website\",\"url\":\"https:\\\/\\\/www.wellacademy.es\\\/pt\\\/\",\"name\":\"Wella Academy Portugal\",\"description\":\"\",\"potentialAction\":[{\"@type\":\"SearchAction\",\"target\":{\"@type\":\"EntryPoint\",\"urlTemplate\":\"https:\\\/\\\/www.wellacademy.es\\\/pt\\\/?s={search_term_string}\"},\"query-input\":{\"@type\":\"PropertyValueSpecification\",\"valueRequired\":true,\"valueName\":\"search_term_string\"}}],\"inLanguage\":\"pt-PT\"}]}<\/script>\n<!-- \/ Yoast SEO plugin. -->","yoast_head_json":{"title":"DIMENSIONAL BLONDE HAIR 2.0 - Wella Academy Portugal","description":"Nesta forma\u00e7\u00e3o, aprofundaremos as t\u00e9cnicas de balayage,partilhando todos os servi\u00e7os mais atuais e procurados nos sal\u00f5es.","robots":{"index":"index","follow":"follow","max-snippet":"max-snippet:-1","max-image-preview":"max-image-preview:large","max-video-preview":"max-video-preview:-1"},"canonical":"https:\/\/www.wellacademy.es\/pt\/product\/dimensional-blonde-hair-2-0\/","og_locale":"pt_PT","og_type":"article","og_title":"DIMENSIONAL BLONDE HAIR 2.0 - Wella Academy Portugal","og_description":"Nesta forma\u00e7\u00e3o, aprofundaremos as t\u00e9cnicas de balayage,partilhando todos os servi\u00e7os mais atuais e procurados nos sal\u00f5es.","og_url":"https:\/\/www.wellacademy.es\/pt\/product\/dimensional-blonde-hair-2-0\/","og_site_name":"Wella Academy Portugal","article_modified_time":"2025-09-08T14:33:32+00:00","og_image":[{"width":781,"height":1024,"url":"https:\/\/www.wellacademy.es\/pt\/wp-content\/uploads\/sites\/2\/2024\/08\/Javier-Vila-FOTO-WEB-781x1024-1.jpg","type":"image\/jpeg"}],"twitter_card":"summary_large_image","twitter_misc":{"Tempo estimado de leitura":"1 minuto"},"schema":{"@context":"https:\/\/schema.org","@graph":[{"@type":"WebPage","@id":"https:\/\/www.wellacademy.es\/pt\/product\/dimensional-blonde-hair-2-0\/","url":"https:\/\/www.wellacademy.es\/pt\/product\/dimensional-blonde-hair-2-0\/","name":"DIMENSIONAL BLONDE HAIR 2.0 - Wella Academy Portugal","isPartOf":{"@id":"https:\/\/www.wellacademy.es\/pt\/#website"},"primaryImageOfPage":{"@id":"https:\/\/www.wellacademy.es\/pt\/product\/dimensional-blonde-hair-2-0\/#primaryimage"},"image":{"@id":"https:\/\/www.wellacademy.es\/pt\/product\/dimensional-blonde-hair-2-0\/#primaryimage"},"thumbnailUrl":"https:\/\/www.wellacademy.es\/pt\/wp-content\/uploads\/sites\/2\/2024\/08\/Javier-Vila-FOTO-WEB-781x1024-1.jpg","datePublished":"2024-12-17T16:49:13+00:00","dateModified":"2025-09-08T14:33:32+00:00","description":"Nesta forma\u00e7\u00e3o, aprofundaremos as t\u00e9cnicas de balayage,partilhando todos os servi\u00e7os mais atuais e procurados nos sal\u00f5es.","breadcrumb":{"@id":"https:\/\/www.wellacademy.es\/pt\/product\/dimensional-blonde-hair-2-0\/#breadcrumb"},"inLanguage":"pt-PT","potentialAction":[{"@type":"ReadAction","target":["https:\/\/www.wellacademy.es\/pt\/product\/dimensional-blonde-hair-2-0\/"]}]},{"@type":"ImageObject","inLanguage":"pt-PT","@id":"https:\/\/www.wellacademy.es\/pt\/product\/dimensional-blonde-hair-2-0\/#primaryimage","url":"https:\/\/www.wellacademy.es\/pt\/wp-content\/uploads\/sites\/2\/2024\/08\/Javier-Vila-FOTO-WEB-781x1024-1.jpg","contentUrl":"https:\/\/www.wellacademy.es\/pt\/wp-content\/uploads\/sites\/2\/2024\/08\/Javier-Vila-FOTO-WEB-781x1024-1.jpg","width":781,"height":1024},{"@type":"BreadcrumbList","@id":"https:\/\/www.wellacademy.es\/pt\/product\/dimensional-blonde-hair-2-0\/#breadcrumb","itemListElement":[{"@type":"ListItem","position":1,"name":"Home","item":"https:\/\/www.wellacademy.es\/pt\/"},{"@type":"ListItem","position":2,"name":"Cursos","item":"https:\/\/www.wellacademy.es\/pt\/shop\/"},{"@type":"ListItem","position":3,"name":"DIMENSIONAL BLONDE HAIR 2.0"}]},{"@type":"WebSite","@id":"https:\/\/www.wellacademy.es\/pt\/#website","url":"https:\/\/www.wellacademy.es\/pt\/","name":"Wella Academy Portugal","description":"","potentialAction":[{"@type":"SearchAction","target":{"@type":"EntryPoint","urlTemplate":"https:\/\/www.wellacademy.es\/pt\/?s={search_term_string}"},"query-input":{"@type":"PropertyValueSpecification","valueRequired":true,"valueName":"search_term_string"}}],"inLanguage":"pt-PT"}]}},"_links":{"self":[{"href":"https:\/\/www.wellacademy.es\/pt\/wp-json\/wp\/v2\/product\/319","targetHints":{"allow":["GET"]}}],"collection":[{"href":"https:\/\/www.wellacademy.es\/pt\/wp-json\/wp\/v2\/product"}],"about":[{"href":"https:\/\/www.wellacademy.es\/pt\/wp-json\/wp\/v2\/types\/product"}],"replies":[{"embeddable":true,"href":"https:\/\/www.wellacademy.es\/pt\/wp-json\/wp\/v2\/comments?post=319"}],"wp:featuredmedia":[{"embeddable":true,"href":"https:\/\/www.wellacademy.es\/pt\/wp-json\/wp\/v2\/media\/301"}],"wp:attachment":[{"href":"https:\/\/www.wellacademy.es\/pt\/wp-json\/wp\/v2\/media?parent=319"}],"wp:term":[{"taxonomy":"product_brand","embeddable":true,"href":"https:\/\/www.wellacademy.es\/pt\/wp-json\/wp\/v2\/product_brand?post=319"},{"taxonomy":"product_cat","embeddable":true,"href":"https:\/\/www.wellacademy.es\/pt\/wp-json\/wp\/v2\/product_cat?post=319"},{"taxonomy":"product_tag","embeddable":true,"href":"https:\/\/www.wellacademy.es\/pt\/wp-json\/wp\/v2\/product_tag?post=319"}],"curies":[{"name":"wp","href":"https:\/\/api.w.org\/{rel}","templated":true}]}}