{"id":322,"date":"2024-12-17T16:55:26","date_gmt":"2024-12-17T16:55:26","guid":{"rendered":"https:\/\/www.wellacademy.es\/pt\/?post_type=product&#038;p=322"},"modified":"2025-11-17T16:43:30","modified_gmt":"2025-11-17T16:43:30","slug":"fartlek-technique-by-alberto-cordoba","status":"publish","type":"product","link":"https:\/\/www.wellacademy.es\/pt\/product\/fartlek-technique-by-alberto-cordoba\/","title":{"rendered":"Fartlek Technique by Alberto C\u00f3rdoba"},"content":{"rendered":"<p>Queres focar-te na tend\u00eancia masculina?<br \/>\nQueres aumentar o n\u00famero de homens no teu sal\u00e3o?<br \/>\nNeste curso, vais conhecer a nova cole\u00e7\u00e3o de Alberto: Fartleck.<br \/>\nUm curso dedicado \u00e0 moda masculina e \u00e0s tend\u00eancias do momento.<br \/>\nVais praticar diferentes medidas e t\u00e9cnicas para obter cortes atuais e vanguardistas<\/p>\n","protected":false},"excerpt":{"rendered":"<p>Queres focar-te na tend\u00eancia masculina? Queres aumentar o n\u00famero de homens no teu sal\u00e3o? Neste curso, vais conhecer a nova cole\u00e7\u00e3o de Alberto: Fartleck. Um curso dedicado \u00e0 moda masculina e \u00e0s tend\u00eancias do momento. Vais praticar diferentes medidas e t\u00e9cnicas para obter cortes atuais e vanguardistas<\/p>\n","protected":false},"featured_media":0,"comment_status":"open","ping_status":"closed","template":"","meta":{"_acf_changed":false},"product_brand":[],"product_cat":[30],"product_tag":[],"class_list":{"0":"post-322","1":"product","2":"type-product","3":"status-publish","5":"product_cat-masculino-e-barbearia","7":"first","8":"instock","9":"shipping-taxable","10":"product-type-simple"},"acf":[],"yoast_head":"<!-- This site is optimized with the Yoast SEO plugin v27.3 - https:\/\/yoast.com\/product\/yoast-seo-wordpress\/ -->\n<title>Fartlek Technique by Alberto C\u00f3rdoba - Wella Academy Portugal<\/title>\n<meta name=\"description\" content=\"Neste curso, vais conhecer a nova cole\u00e7\u00e3o de Alberto: Fartleck.\u00a0Um curso dedicado \u00e0 moda masculina e \u00e0s tend\u00eancias do momento.\u00a0\" \/>\n<meta name=\"robots\" content=\"index, follow, max-snippet:-1, max-image-preview:large, max-video-preview:-1\" \/>\n<link rel=\"canonical\" href=\"https:\/\/www.wellacademy.es\/pt\/product\/fartlek-technique-by-alberto-cordoba\/\" \/>\n<meta property=\"og:locale\" content=\"pt_PT\" \/>\n<meta property=\"og:type\" content=\"article\" \/>\n<meta property=\"og:title\" content=\"Fartlek Technique by Alberto C\u00f3rdoba - Wella Academy Portugal\" \/>\n<meta property=\"og:description\" content=\"Neste curso, vais conhecer a nova cole\u00e7\u00e3o de Alberto: Fartleck.\u00a0Um curso dedicado \u00e0 moda masculina e \u00e0s tend\u00eancias do momento.\u00a0\" \/>\n<meta property=\"og:url\" content=\"https:\/\/www.wellacademy.es\/pt\/product\/fartlek-technique-by-alberto-cordoba\/\" \/>\n<meta property=\"og:site_name\" content=\"Wella Academy Portugal\" \/>\n<meta property=\"article:modified_time\" content=\"2025-11-17T16:43:30+00:00\" \/>\n<meta name=\"twitter:card\" content=\"summary_large_image\" \/>\n<meta name=\"twitter:label1\" content=\"Tempo estimado de leitura\" \/>\n\t<meta name=\"twitter:data1\" content=\"1 minuto\" \/>\n<script type=\"application\/ld+json\" class=\"yoast-schema-graph\">{\"@context\":\"https:\\\/\\\/schema.org\",\"@graph\":[{\"@type\":\"WebPage\",\"@id\":\"https:\\\/\\\/www.wellacademy.es\\\/pt\\\/product\\\/fartlek-technique-by-alberto-cordoba\\\/\",\"url\":\"https:\\\/\\\/www.wellacademy.es\\\/pt\\\/product\\\/fartlek-technique-by-alberto-cordoba\\\/\",\"name\":\"Fartlek Technique by Alberto C\u00f3rdoba - Wella Academy Portugal\",\"isPartOf\":{\"@id\":\"https:\\\/\\\/www.wellacademy.es\\\/pt\\\/#website\"},\"datePublished\":\"2024-12-17T16:55:26+00:00\",\"dateModified\":\"2025-11-17T16:43:30+00:00\",\"description\":\"Neste curso, vais conhecer a nova cole\u00e7\u00e3o de Alberto: Fartleck.\u00a0Um curso dedicado \u00e0 moda masculina e \u00e0s tend\u00eancias do momento.\u00a0\",\"breadcrumb\":{\"@id\":\"https:\\\/\\\/www.wellacademy.es\\\/pt\\\/product\\\/fartlek-technique-by-alberto-cordoba\\\/#breadcrumb\"},\"inLanguage\":\"pt-PT\",\"potentialAction\":[{\"@type\":\"ReadAction\",\"target\":[\"https:\\\/\\\/www.wellacademy.es\\\/pt\\\/product\\\/fartlek-technique-by-alberto-cordoba\\\/\"]}]},{\"@type\":\"BreadcrumbList\",\"@id\":\"https:\\\/\\\/www.wellacademy.es\\\/pt\\\/product\\\/fartlek-technique-by-alberto-cordoba\\\/#breadcrumb\",\"itemListElement\":[{\"@type\":\"ListItem\",\"position\":1,\"name\":\"Home\",\"item\":\"https:\\\/\\\/www.wellacademy.es\\\/pt\\\/\"},{\"@type\":\"ListItem\",\"position\":2,\"name\":\"Cursos\",\"item\":\"https:\\\/\\\/www.wellacademy.es\\\/pt\\\/shop\\\/\"},{\"@type\":\"ListItem\",\"position\":3,\"name\":\"Fartlek Technique by Alberto C\u00f3rdoba\"}]},{\"@type\":\"WebSite\",\"@id\":\"https:\\\/\\\/www.wellacademy.es\\\/pt\\\/#website\",\"url\":\"https:\\\/\\\/www.wellacademy.es\\\/pt\\\/\",\"name\":\"Wella Academy Portugal\",\"description\":\"\",\"potentialAction\":[{\"@type\":\"SearchAction\",\"target\":{\"@type\":\"EntryPoint\",\"urlTemplate\":\"https:\\\/\\\/www.wellacademy.es\\\/pt\\\/?s={search_term_string}\"},\"query-input\":{\"@type\":\"PropertyValueSpecification\",\"valueRequired\":true,\"valueName\":\"search_term_string\"}}],\"inLanguage\":\"pt-PT\"}]}<\/script>\n<!-- \/ Yoast SEO plugin. -->","yoast_head_json":{"title":"Fartlek Technique by Alberto C\u00f3rdoba - Wella Academy Portugal","description":"Neste curso, vais conhecer a nova cole\u00e7\u00e3o de Alberto: Fartleck.\u00a0Um curso dedicado \u00e0 moda masculina e \u00e0s tend\u00eancias do momento.\u00a0","robots":{"index":"index","follow":"follow","max-snippet":"max-snippet:-1","max-image-preview":"max-image-preview:large","max-video-preview":"max-video-preview:-1"},"canonical":"https:\/\/www.wellacademy.es\/pt\/product\/fartlek-technique-by-alberto-cordoba\/","og_locale":"pt_PT","og_type":"article","og_title":"Fartlek Technique by Alberto C\u00f3rdoba - Wella Academy Portugal","og_description":"Neste curso, vais conhecer a nova cole\u00e7\u00e3o de Alberto: Fartleck.\u00a0Um curso dedicado \u00e0 moda masculina e \u00e0s tend\u00eancias do momento.\u00a0","og_url":"https:\/\/www.wellacademy.es\/pt\/product\/fartlek-technique-by-alberto-cordoba\/","og_site_name":"Wella Academy Portugal","article_modified_time":"2025-11-17T16:43:30+00:00","twitter_card":"summary_large_image","twitter_misc":{"Tempo estimado de leitura":"1 minuto"},"schema":{"@context":"https:\/\/schema.org","@graph":[{"@type":"WebPage","@id":"https:\/\/www.wellacademy.es\/pt\/product\/fartlek-technique-by-alberto-cordoba\/","url":"https:\/\/www.wellacademy.es\/pt\/product\/fartlek-technique-by-alberto-cordoba\/","name":"Fartlek Technique by Alberto C\u00f3rdoba - Wella Academy Portugal","isPartOf":{"@id":"https:\/\/www.wellacademy.es\/pt\/#website"},"datePublished":"2024-12-17T16:55:26+00:00","dateModified":"2025-11-17T16:43:30+00:00","description":"Neste curso, vais conhecer a nova cole\u00e7\u00e3o de Alberto: Fartleck.\u00a0Um curso dedicado \u00e0 moda masculina e \u00e0s tend\u00eancias do momento.\u00a0","breadcrumb":{"@id":"https:\/\/www.wellacademy.es\/pt\/product\/fartlek-technique-by-alberto-cordoba\/#breadcrumb"},"inLanguage":"pt-PT","potentialAction":[{"@type":"ReadAction","target":["https:\/\/www.wellacademy.es\/pt\/product\/fartlek-technique-by-alberto-cordoba\/"]}]},{"@type":"BreadcrumbList","@id":"https:\/\/www.wellacademy.es\/pt\/product\/fartlek-technique-by-alberto-cordoba\/#breadcrumb","itemListElement":[{"@type":"ListItem","position":1,"name":"Home","item":"https:\/\/www.wellacademy.es\/pt\/"},{"@type":"ListItem","position":2,"name":"Cursos","item":"https:\/\/www.wellacademy.es\/pt\/shop\/"},{"@type":"ListItem","position":3,"name":"Fartlek Technique by Alberto C\u00f3rdoba"}]},{"@type":"WebSite","@id":"https:\/\/www.wellacademy.es\/pt\/#website","url":"https:\/\/www.wellacademy.es\/pt\/","name":"Wella Academy Portugal","description":"","potentialAction":[{"@type":"SearchAction","target":{"@type":"EntryPoint","urlTemplate":"https:\/\/www.wellacademy.es\/pt\/?s={search_term_string}"},"query-input":{"@type":"PropertyValueSpecification","valueRequired":true,"valueName":"search_term_string"}}],"inLanguage":"pt-PT"}]}},"_links":{"self":[{"href":"https:\/\/www.wellacademy.es\/pt\/wp-json\/wp\/v2\/product\/322","targetHints":{"allow":["GET"]}}],"collection":[{"href":"https:\/\/www.wellacademy.es\/pt\/wp-json\/wp\/v2\/product"}],"about":[{"href":"https:\/\/www.wellacademy.es\/pt\/wp-json\/wp\/v2\/types\/product"}],"replies":[{"embeddable":true,"href":"https:\/\/www.wellacademy.es\/pt\/wp-json\/wp\/v2\/comments?post=322"}],"wp:attachment":[{"href":"https:\/\/www.wellacademy.es\/pt\/wp-json\/wp\/v2\/media?parent=322"}],"wp:term":[{"taxonomy":"product_brand","embeddable":true,"href":"https:\/\/www.wellacademy.es\/pt\/wp-json\/wp\/v2\/product_brand?post=322"},{"taxonomy":"product_cat","embeddable":true,"href":"https:\/\/www.wellacademy.es\/pt\/wp-json\/wp\/v2\/product_cat?post=322"},{"taxonomy":"product_tag","embeddable":true,"href":"https:\/\/www.wellacademy.es\/pt\/wp-json\/wp\/v2\/product_tag?post=322"}],"curies":[{"name":"wp","href":"https:\/\/api.w.org\/{rel}","templated":true}]}}