{"id":362,"date":"2025-09-18T11:28:50","date_gmt":"2025-09-18T11:28:50","guid":{"rendered":"https:\/\/www.wellacademy.es\/pt\/?post_type=product&#038;p=362"},"modified":"2026-01-12T14:33:37","modified_gmt":"2026-01-12T14:33:37","slug":"summer-texture-by-luis-zamban","status":"publish","type":"product","link":"https:\/\/www.wellacademy.es\/pt\/product\/summer-texture-by-luis-zamban\/","title":{"rendered":"SUMMER TEXTURE by LUIS ZAMBAN"},"content":{"rendered":"<p>Reconhecido pela sua t\u00e9cnica sofisticada e atemporal, a sua abordagem \u00e9 marcada pela harmonia e usabilidade,<br \/>\nrefletindo um profundo conhecimento sobre formas e texturas.<br \/>\nO seu curso apresenta uma vis\u00e3o \u00fanica e vers\u00e1til para tornar o seus atendimentos surpreendentes<br \/>\ne com o objetivo de transformar qualquer cabelo em um look \u00fanico!<\/p>\n","protected":false},"excerpt":{"rendered":"<p>Reconhecido pela sua t\u00e9cnica sofisticada e atemporal, a sua abordagem \u00e9 marcada pela harmonia e usabilidade, refletindo um profundo conhecimento sobre formas e texturas. O seu curso apresenta uma vis\u00e3o \u00fanica e vers\u00e1til para tornar o seus atendimentos surpreendentes e com o objetivo de transformar qualquer cabelo em um look \u00fanico!<\/p>\n","protected":false},"featured_media":0,"comment_status":"open","ping_status":"closed","template":"","meta":{"_acf_changed":false},"product_brand":[],"product_cat":[28,34],"product_tag":[41],"class_list":{"0":"post-362","1":"product","2":"type-product","3":"status-publish","5":"product_cat-corte","6":"product_cat-styling-e-apanhados","7":"product_tag-summer-texture-by-luis-zamban","9":"first","10":"instock","11":"shipping-taxable","12":"product-type-simple"},"acf":[],"yoast_head":"<!-- This site is optimized with the Yoast SEO plugin v27.3 - https:\/\/yoast.com\/product\/yoast-seo-wordpress\/ -->\n<title>WELLA ACADEMY SUMMER TEXTURE by LUIS ZAMBAN<\/title>\n<meta name=\"description\" content=\"Reconhecido pela sua t\u00e9cnica sofisticada e atemporal, a sua abordagem \u00e9 marcada pela harmonia e usabilidade, refletindo um profundo conhecimento sobre formas e texturas.\" \/>\n<meta name=\"robots\" content=\"index, follow, max-snippet:-1, max-image-preview:large, max-video-preview:-1\" \/>\n<link rel=\"canonical\" href=\"https:\/\/www.wellacademy.es\/pt\/product\/summer-texture-by-luis-zamban\/\" \/>\n<meta property=\"og:locale\" content=\"pt_PT\" \/>\n<meta property=\"og:type\" content=\"article\" \/>\n<meta property=\"og:title\" content=\"WELLA ACADEMY SUMMER TEXTURE by LUIS ZAMBAN\" \/>\n<meta property=\"og:description\" content=\"Reconhecido pela sua t\u00e9cnica sofisticada e atemporal, a sua abordagem \u00e9 marcada pela harmonia e usabilidade, refletindo um profundo conhecimento sobre formas e texturas.\" \/>\n<meta property=\"og:url\" content=\"https:\/\/www.wellacademy.es\/pt\/product\/summer-texture-by-luis-zamban\/\" \/>\n<meta property=\"og:site_name\" content=\"Wella Academy Portugal\" \/>\n<meta property=\"article:modified_time\" content=\"2026-01-12T14:33:37+00:00\" \/>\n<meta name=\"twitter:card\" content=\"summary_large_image\" \/>\n<meta name=\"twitter:label1\" content=\"Tempo estimado de leitura\" \/>\n\t<meta name=\"twitter:data1\" content=\"1 minuto\" \/>\n<script type=\"application\/ld+json\" class=\"yoast-schema-graph\">{\"@context\":\"https:\\\/\\\/schema.org\",\"@graph\":[{\"@type\":\"WebPage\",\"@id\":\"https:\\\/\\\/www.wellacademy.es\\\/pt\\\/product\\\/summer-texture-by-luis-zamban\\\/\",\"url\":\"https:\\\/\\\/www.wellacademy.es\\\/pt\\\/product\\\/summer-texture-by-luis-zamban\\\/\",\"name\":\"WELLA ACADEMY SUMMER TEXTURE by LUIS ZAMBAN\",\"isPartOf\":{\"@id\":\"https:\\\/\\\/www.wellacademy.es\\\/pt\\\/#website\"},\"datePublished\":\"2025-09-18T11:28:50+00:00\",\"dateModified\":\"2026-01-12T14:33:37+00:00\",\"description\":\"Reconhecido pela sua t\u00e9cnica sofisticada e atemporal, a sua abordagem \u00e9 marcada pela harmonia e usabilidade, refletindo um profundo conhecimento sobre formas e texturas.\",\"breadcrumb\":{\"@id\":\"https:\\\/\\\/www.wellacademy.es\\\/pt\\\/product\\\/summer-texture-by-luis-zamban\\\/#breadcrumb\"},\"inLanguage\":\"pt-PT\",\"potentialAction\":[{\"@type\":\"ReadAction\",\"target\":[\"https:\\\/\\\/www.wellacademy.es\\\/pt\\\/product\\\/summer-texture-by-luis-zamban\\\/\"]}]},{\"@type\":\"BreadcrumbList\",\"@id\":\"https:\\\/\\\/www.wellacademy.es\\\/pt\\\/product\\\/summer-texture-by-luis-zamban\\\/#breadcrumb\",\"itemListElement\":[{\"@type\":\"ListItem\",\"position\":1,\"name\":\"Home\",\"item\":\"https:\\\/\\\/www.wellacademy.es\\\/pt\\\/\"},{\"@type\":\"ListItem\",\"position\":2,\"name\":\"Cursos\",\"item\":\"https:\\\/\\\/www.wellacademy.es\\\/pt\\\/shop\\\/\"},{\"@type\":\"ListItem\",\"position\":3,\"name\":\"SUMMER TEXTURE by LUIS ZAMBAN\"}]},{\"@type\":\"WebSite\",\"@id\":\"https:\\\/\\\/www.wellacademy.es\\\/pt\\\/#website\",\"url\":\"https:\\\/\\\/www.wellacademy.es\\\/pt\\\/\",\"name\":\"Wella Academy Portugal\",\"description\":\"\",\"potentialAction\":[{\"@type\":\"SearchAction\",\"target\":{\"@type\":\"EntryPoint\",\"urlTemplate\":\"https:\\\/\\\/www.wellacademy.es\\\/pt\\\/?s={search_term_string}\"},\"query-input\":{\"@type\":\"PropertyValueSpecification\",\"valueRequired\":true,\"valueName\":\"search_term_string\"}}],\"inLanguage\":\"pt-PT\"}]}<\/script>\n<!-- \/ Yoast SEO plugin. -->","yoast_head_json":{"title":"WELLA ACADEMY SUMMER TEXTURE by LUIS ZAMBAN","description":"Reconhecido pela sua t\u00e9cnica sofisticada e atemporal, a sua abordagem \u00e9 marcada pela harmonia e usabilidade, refletindo um profundo conhecimento sobre formas e texturas.","robots":{"index":"index","follow":"follow","max-snippet":"max-snippet:-1","max-image-preview":"max-image-preview:large","max-video-preview":"max-video-preview:-1"},"canonical":"https:\/\/www.wellacademy.es\/pt\/product\/summer-texture-by-luis-zamban\/","og_locale":"pt_PT","og_type":"article","og_title":"WELLA ACADEMY SUMMER TEXTURE by LUIS ZAMBAN","og_description":"Reconhecido pela sua t\u00e9cnica sofisticada e atemporal, a sua abordagem \u00e9 marcada pela harmonia e usabilidade, refletindo um profundo conhecimento sobre formas e texturas.","og_url":"https:\/\/www.wellacademy.es\/pt\/product\/summer-texture-by-luis-zamban\/","og_site_name":"Wella Academy Portugal","article_modified_time":"2026-01-12T14:33:37+00:00","twitter_card":"summary_large_image","twitter_misc":{"Tempo estimado de leitura":"1 minuto"},"schema":{"@context":"https:\/\/schema.org","@graph":[{"@type":"WebPage","@id":"https:\/\/www.wellacademy.es\/pt\/product\/summer-texture-by-luis-zamban\/","url":"https:\/\/www.wellacademy.es\/pt\/product\/summer-texture-by-luis-zamban\/","name":"WELLA ACADEMY SUMMER TEXTURE by LUIS ZAMBAN","isPartOf":{"@id":"https:\/\/www.wellacademy.es\/pt\/#website"},"datePublished":"2025-09-18T11:28:50+00:00","dateModified":"2026-01-12T14:33:37+00:00","description":"Reconhecido pela sua t\u00e9cnica sofisticada e atemporal, a sua abordagem \u00e9 marcada pela harmonia e usabilidade, refletindo um profundo conhecimento sobre formas e texturas.","breadcrumb":{"@id":"https:\/\/www.wellacademy.es\/pt\/product\/summer-texture-by-luis-zamban\/#breadcrumb"},"inLanguage":"pt-PT","potentialAction":[{"@type":"ReadAction","target":["https:\/\/www.wellacademy.es\/pt\/product\/summer-texture-by-luis-zamban\/"]}]},{"@type":"BreadcrumbList","@id":"https:\/\/www.wellacademy.es\/pt\/product\/summer-texture-by-luis-zamban\/#breadcrumb","itemListElement":[{"@type":"ListItem","position":1,"name":"Home","item":"https:\/\/www.wellacademy.es\/pt\/"},{"@type":"ListItem","position":2,"name":"Cursos","item":"https:\/\/www.wellacademy.es\/pt\/shop\/"},{"@type":"ListItem","position":3,"name":"SUMMER TEXTURE by LUIS ZAMBAN"}]},{"@type":"WebSite","@id":"https:\/\/www.wellacademy.es\/pt\/#website","url":"https:\/\/www.wellacademy.es\/pt\/","name":"Wella Academy Portugal","description":"","potentialAction":[{"@type":"SearchAction","target":{"@type":"EntryPoint","urlTemplate":"https:\/\/www.wellacademy.es\/pt\/?s={search_term_string}"},"query-input":{"@type":"PropertyValueSpecification","valueRequired":true,"valueName":"search_term_string"}}],"inLanguage":"pt-PT"}]}},"_links":{"self":[{"href":"https:\/\/www.wellacademy.es\/pt\/wp-json\/wp\/v2\/product\/362","targetHints":{"allow":["GET"]}}],"collection":[{"href":"https:\/\/www.wellacademy.es\/pt\/wp-json\/wp\/v2\/product"}],"about":[{"href":"https:\/\/www.wellacademy.es\/pt\/wp-json\/wp\/v2\/types\/product"}],"replies":[{"embeddable":true,"href":"https:\/\/www.wellacademy.es\/pt\/wp-json\/wp\/v2\/comments?post=362"}],"wp:attachment":[{"href":"https:\/\/www.wellacademy.es\/pt\/wp-json\/wp\/v2\/media?parent=362"}],"wp:term":[{"taxonomy":"product_brand","embeddable":true,"href":"https:\/\/www.wellacademy.es\/pt\/wp-json\/wp\/v2\/product_brand?post=362"},{"taxonomy":"product_cat","embeddable":true,"href":"https:\/\/www.wellacademy.es\/pt\/wp-json\/wp\/v2\/product_cat?post=362"},{"taxonomy":"product_tag","embeddable":true,"href":"https:\/\/www.wellacademy.es\/pt\/wp-json\/wp\/v2\/product_tag?post=362"}],"curies":[{"name":"wp","href":"https:\/\/api.w.org\/{rel}","templated":true}]}}