{"id":363,"date":"2025-09-18T11:27:21","date_gmt":"2025-09-18T11:27:21","guid":{"rendered":"https:\/\/www.wellacademy.es\/pt\/?post_type=product&#038;p=363"},"modified":"2026-01-12T14:36:29","modified_gmt":"2026-01-12T14:36:29","slug":"express-balayage-by-daniel-amorim","status":"publish","type":"product","link":"https:\/\/www.wellacademy.es\/pt\/product\/express-balayage-by-daniel-amorim\/","title":{"rendered":"EXPRESS BALAYAGE By Daniel Amorim"},"content":{"rendered":"<p>As suas t\u00e9cnicas exclusivas de luz e sombra valorizam os tra\u00e7os naturais e permitem aclara\u00e7\u00f5es personalizadas.<br \/>\nMais do que ensinar t\u00e9cnicas, este curso partilha ideias, vis\u00f5es, truques,<br \/>\nsegredos e dicas que permitem a cada profissional descobrir a sua pr\u00f3pria identidade criativa.<br \/>\nO foco est\u00e1 em dominar a aclara\u00e7\u00e3o com inten\u00e7\u00e3o, personalidade e liberdade, criando resultados \u00fanicos,<br \/>\nadaptados a cada cliente, com confian\u00e7a e autenticidade<\/p>\n","protected":false},"excerpt":{"rendered":"<p>As suas t\u00e9cnicas exclusivas de luz e sombra valorizam os tra\u00e7os naturais e permitem aclara\u00e7\u00f5es personalizadas. Mais do que ensinar t\u00e9cnicas, este curso partilha ideias, vis\u00f5es, truques, segredos e dicas que permitem a cada profissional descobrir a sua pr\u00f3pria identidade criativa. O foco est\u00e1 em dominar a aclara\u00e7\u00e3o com inten\u00e7\u00e3o, personalidade e liberdade, criando resultados [&hellip;]<\/p>\n","protected":false},"featured_media":350,"comment_status":"open","ping_status":"closed","template":"","meta":{"_acf_changed":false},"product_brand":[],"product_cat":[29],"product_tag":[],"class_list":{"0":"post-363","1":"product","2":"type-product","3":"status-publish","4":"has-post-thumbnail","6":"product_cat-corte-e-cor","8":"first","9":"instock","10":"shipping-taxable","11":"product-type-simple"},"acf":[],"yoast_head":"<!-- This site is optimized with the Yoast SEO plugin v27.3 - https:\/\/yoast.com\/product\/yoast-seo-wordpress\/ -->\n<title>Wella Academy EXPRESS BALAYAGE By Daniel Amorim<\/title>\n<meta name=\"description\" content=\"O foco est\u00e1 em dominar a aclara\u00e7\u00e3o com inten\u00e7\u00e3o, personalidade e liberdade, criando resultados \u00fanicos, adaptados a cada cliente, com confian\u00e7a e autenticidade.\" \/>\n<meta name=\"robots\" content=\"index, follow, max-snippet:-1, max-image-preview:large, max-video-preview:-1\" \/>\n<link rel=\"canonical\" href=\"https:\/\/www.wellacademy.es\/pt\/product\/express-balayage-by-daniel-amorim\/\" \/>\n<meta property=\"og:locale\" content=\"pt_PT\" \/>\n<meta property=\"og:type\" content=\"article\" \/>\n<meta property=\"og:title\" content=\"Wella Academy EXPRESS BALAYAGE By Daniel Amorim\" \/>\n<meta property=\"og:description\" content=\"O foco est\u00e1 em dominar a aclara\u00e7\u00e3o com inten\u00e7\u00e3o, personalidade e liberdade, criando resultados \u00fanicos, adaptados a cada cliente, com confian\u00e7a e autenticidade.\" \/>\n<meta property=\"og:url\" content=\"https:\/\/www.wellacademy.es\/pt\/product\/express-balayage-by-daniel-amorim\/\" \/>\n<meta property=\"og:site_name\" content=\"Wella Academy Portugal\" \/>\n<meta property=\"article:modified_time\" content=\"2026-01-12T14:36:29+00:00\" \/>\n<meta property=\"og:image\" content=\"https:\/\/www.wellacademy.es\/pt\/wp-content\/uploads\/sites\/2\/2025\/09\/Fotos-Wellacademy-Portugal-Daniel-Amorim-scaled.jpg\" \/>\n\t<meta property=\"og:image:width\" content=\"2048\" \/>\n\t<meta property=\"og:image:height\" content=\"2560\" \/>\n\t<meta property=\"og:image:type\" content=\"image\/jpeg\" \/>\n<meta name=\"twitter:card\" content=\"summary_large_image\" \/>\n<meta name=\"twitter:label1\" content=\"Tempo estimado de leitura\" \/>\n\t<meta name=\"twitter:data1\" content=\"1 minuto\" \/>\n<script type=\"application\/ld+json\" class=\"yoast-schema-graph\">{\"@context\":\"https:\\\/\\\/schema.org\",\"@graph\":[{\"@type\":\"WebPage\",\"@id\":\"https:\\\/\\\/www.wellacademy.es\\\/pt\\\/product\\\/express-balayage-by-daniel-amorim\\\/\",\"url\":\"https:\\\/\\\/www.wellacademy.es\\\/pt\\\/product\\\/express-balayage-by-daniel-amorim\\\/\",\"name\":\"Wella Academy EXPRESS BALAYAGE By Daniel Amorim\",\"isPartOf\":{\"@id\":\"https:\\\/\\\/www.wellacademy.es\\\/pt\\\/#website\"},\"primaryImageOfPage\":{\"@id\":\"https:\\\/\\\/www.wellacademy.es\\\/pt\\\/product\\\/express-balayage-by-daniel-amorim\\\/#primaryimage\"},\"image\":{\"@id\":\"https:\\\/\\\/www.wellacademy.es\\\/pt\\\/product\\\/express-balayage-by-daniel-amorim\\\/#primaryimage\"},\"thumbnailUrl\":\"https:\\\/\\\/www.wellacademy.es\\\/pt\\\/wp-content\\\/uploads\\\/sites\\\/2\\\/2025\\\/09\\\/Fotos-Wellacademy-Portugal-Daniel-Amorim-scaled.jpg\",\"datePublished\":\"2025-09-18T11:27:21+00:00\",\"dateModified\":\"2026-01-12T14:36:29+00:00\",\"description\":\"O foco est\u00e1 em dominar a aclara\u00e7\u00e3o com inten\u00e7\u00e3o, personalidade e liberdade, criando resultados \u00fanicos, adaptados a cada cliente, com confian\u00e7a e autenticidade.\",\"breadcrumb\":{\"@id\":\"https:\\\/\\\/www.wellacademy.es\\\/pt\\\/product\\\/express-balayage-by-daniel-amorim\\\/#breadcrumb\"},\"inLanguage\":\"pt-PT\",\"potentialAction\":[{\"@type\":\"ReadAction\",\"target\":[\"https:\\\/\\\/www.wellacademy.es\\\/pt\\\/product\\\/express-balayage-by-daniel-amorim\\\/\"]}]},{\"@type\":\"ImageObject\",\"inLanguage\":\"pt-PT\",\"@id\":\"https:\\\/\\\/www.wellacademy.es\\\/pt\\\/product\\\/express-balayage-by-daniel-amorim\\\/#primaryimage\",\"url\":\"https:\\\/\\\/www.wellacademy.es\\\/pt\\\/wp-content\\\/uploads\\\/sites\\\/2\\\/2025\\\/09\\\/Fotos-Wellacademy-Portugal-Daniel-Amorim-scaled.jpg\",\"contentUrl\":\"https:\\\/\\\/www.wellacademy.es\\\/pt\\\/wp-content\\\/uploads\\\/sites\\\/2\\\/2025\\\/09\\\/Fotos-Wellacademy-Portugal-Daniel-Amorim-scaled.jpg\",\"width\":2048,\"height\":2560},{\"@type\":\"BreadcrumbList\",\"@id\":\"https:\\\/\\\/www.wellacademy.es\\\/pt\\\/product\\\/express-balayage-by-daniel-amorim\\\/#breadcrumb\",\"itemListElement\":[{\"@type\":\"ListItem\",\"position\":1,\"name\":\"Home\",\"item\":\"https:\\\/\\\/www.wellacademy.es\\\/pt\\\/\"},{\"@type\":\"ListItem\",\"position\":2,\"name\":\"Cursos\",\"item\":\"https:\\\/\\\/www.wellacademy.es\\\/pt\\\/shop\\\/\"},{\"@type\":\"ListItem\",\"position\":3,\"name\":\"EXPRESS BALAYAGE By Daniel Amorim\"}]},{\"@type\":\"WebSite\",\"@id\":\"https:\\\/\\\/www.wellacademy.es\\\/pt\\\/#website\",\"url\":\"https:\\\/\\\/www.wellacademy.es\\\/pt\\\/\",\"name\":\"Wella Academy Portugal\",\"description\":\"\",\"potentialAction\":[{\"@type\":\"SearchAction\",\"target\":{\"@type\":\"EntryPoint\",\"urlTemplate\":\"https:\\\/\\\/www.wellacademy.es\\\/pt\\\/?s={search_term_string}\"},\"query-input\":{\"@type\":\"PropertyValueSpecification\",\"valueRequired\":true,\"valueName\":\"search_term_string\"}}],\"inLanguage\":\"pt-PT\"}]}<\/script>\n<!-- \/ Yoast SEO plugin. -->","yoast_head_json":{"title":"Wella Academy EXPRESS BALAYAGE By Daniel Amorim","description":"O foco est\u00e1 em dominar a aclara\u00e7\u00e3o com inten\u00e7\u00e3o, personalidade e liberdade, criando resultados \u00fanicos, adaptados a cada cliente, com confian\u00e7a e autenticidade.","robots":{"index":"index","follow":"follow","max-snippet":"max-snippet:-1","max-image-preview":"max-image-preview:large","max-video-preview":"max-video-preview:-1"},"canonical":"https:\/\/www.wellacademy.es\/pt\/product\/express-balayage-by-daniel-amorim\/","og_locale":"pt_PT","og_type":"article","og_title":"Wella Academy EXPRESS BALAYAGE By Daniel Amorim","og_description":"O foco est\u00e1 em dominar a aclara\u00e7\u00e3o com inten\u00e7\u00e3o, personalidade e liberdade, criando resultados \u00fanicos, adaptados a cada cliente, com confian\u00e7a e autenticidade.","og_url":"https:\/\/www.wellacademy.es\/pt\/product\/express-balayage-by-daniel-amorim\/","og_site_name":"Wella Academy Portugal","article_modified_time":"2026-01-12T14:36:29+00:00","og_image":[{"width":2048,"height":2560,"url":"https:\/\/www.wellacademy.es\/pt\/wp-content\/uploads\/sites\/2\/2025\/09\/Fotos-Wellacademy-Portugal-Daniel-Amorim-scaled.jpg","type":"image\/jpeg"}],"twitter_card":"summary_large_image","twitter_misc":{"Tempo estimado de leitura":"1 minuto"},"schema":{"@context":"https:\/\/schema.org","@graph":[{"@type":"WebPage","@id":"https:\/\/www.wellacademy.es\/pt\/product\/express-balayage-by-daniel-amorim\/","url":"https:\/\/www.wellacademy.es\/pt\/product\/express-balayage-by-daniel-amorim\/","name":"Wella Academy EXPRESS BALAYAGE By Daniel Amorim","isPartOf":{"@id":"https:\/\/www.wellacademy.es\/pt\/#website"},"primaryImageOfPage":{"@id":"https:\/\/www.wellacademy.es\/pt\/product\/express-balayage-by-daniel-amorim\/#primaryimage"},"image":{"@id":"https:\/\/www.wellacademy.es\/pt\/product\/express-balayage-by-daniel-amorim\/#primaryimage"},"thumbnailUrl":"https:\/\/www.wellacademy.es\/pt\/wp-content\/uploads\/sites\/2\/2025\/09\/Fotos-Wellacademy-Portugal-Daniel-Amorim-scaled.jpg","datePublished":"2025-09-18T11:27:21+00:00","dateModified":"2026-01-12T14:36:29+00:00","description":"O foco est\u00e1 em dominar a aclara\u00e7\u00e3o com inten\u00e7\u00e3o, personalidade e liberdade, criando resultados \u00fanicos, adaptados a cada cliente, com confian\u00e7a e autenticidade.","breadcrumb":{"@id":"https:\/\/www.wellacademy.es\/pt\/product\/express-balayage-by-daniel-amorim\/#breadcrumb"},"inLanguage":"pt-PT","potentialAction":[{"@type":"ReadAction","target":["https:\/\/www.wellacademy.es\/pt\/product\/express-balayage-by-daniel-amorim\/"]}]},{"@type":"ImageObject","inLanguage":"pt-PT","@id":"https:\/\/www.wellacademy.es\/pt\/product\/express-balayage-by-daniel-amorim\/#primaryimage","url":"https:\/\/www.wellacademy.es\/pt\/wp-content\/uploads\/sites\/2\/2025\/09\/Fotos-Wellacademy-Portugal-Daniel-Amorim-scaled.jpg","contentUrl":"https:\/\/www.wellacademy.es\/pt\/wp-content\/uploads\/sites\/2\/2025\/09\/Fotos-Wellacademy-Portugal-Daniel-Amorim-scaled.jpg","width":2048,"height":2560},{"@type":"BreadcrumbList","@id":"https:\/\/www.wellacademy.es\/pt\/product\/express-balayage-by-daniel-amorim\/#breadcrumb","itemListElement":[{"@type":"ListItem","position":1,"name":"Home","item":"https:\/\/www.wellacademy.es\/pt\/"},{"@type":"ListItem","position":2,"name":"Cursos","item":"https:\/\/www.wellacademy.es\/pt\/shop\/"},{"@type":"ListItem","position":3,"name":"EXPRESS BALAYAGE By Daniel Amorim"}]},{"@type":"WebSite","@id":"https:\/\/www.wellacademy.es\/pt\/#website","url":"https:\/\/www.wellacademy.es\/pt\/","name":"Wella Academy Portugal","description":"","potentialAction":[{"@type":"SearchAction","target":{"@type":"EntryPoint","urlTemplate":"https:\/\/www.wellacademy.es\/pt\/?s={search_term_string}"},"query-input":{"@type":"PropertyValueSpecification","valueRequired":true,"valueName":"search_term_string"}}],"inLanguage":"pt-PT"}]}},"_links":{"self":[{"href":"https:\/\/www.wellacademy.es\/pt\/wp-json\/wp\/v2\/product\/363","targetHints":{"allow":["GET"]}}],"collection":[{"href":"https:\/\/www.wellacademy.es\/pt\/wp-json\/wp\/v2\/product"}],"about":[{"href":"https:\/\/www.wellacademy.es\/pt\/wp-json\/wp\/v2\/types\/product"}],"replies":[{"embeddable":true,"href":"https:\/\/www.wellacademy.es\/pt\/wp-json\/wp\/v2\/comments?post=363"}],"wp:featuredmedia":[{"embeddable":true,"href":"https:\/\/www.wellacademy.es\/pt\/wp-json\/wp\/v2\/media\/350"}],"wp:attachment":[{"href":"https:\/\/www.wellacademy.es\/pt\/wp-json\/wp\/v2\/media?parent=363"}],"wp:term":[{"taxonomy":"product_brand","embeddable":true,"href":"https:\/\/www.wellacademy.es\/pt\/wp-json\/wp\/v2\/product_brand?post=363"},{"taxonomy":"product_cat","embeddable":true,"href":"https:\/\/www.wellacademy.es\/pt\/wp-json\/wp\/v2\/product_cat?post=363"},{"taxonomy":"product_tag","embeddable":true,"href":"https:\/\/www.wellacademy.es\/pt\/wp-json\/wp\/v2\/product_tag?post=363"}],"curies":[{"name":"wp","href":"https:\/\/api.w.org\/{rel}","templated":true}]}}