{"id":370,"date":"2025-11-17T16:27:08","date_gmt":"2025-11-17T16:27:08","guid":{"rendered":"https:\/\/www.wellacademy.es\/pt\/?post_type=product&#038;p=370"},"modified":"2025-11-17T16:27:16","modified_gmt":"2025-11-17T16:27:16","slug":"express-balayage","status":"publish","type":"product","link":"https:\/\/www.wellacademy.es\/pt\/product\/express-balayage\/","title":{"rendered":"EXPRESS BALAYAGE"},"content":{"rendered":"<p>No final do curso dever\u00e1 dominar:<br \/>\nFundos de aclara\u00e7\u00e3o<br \/>\nPassagens de cor e transi\u00e7\u00f5es suaves<br \/>\nT\u00e9cnicas de esfumado para um acabamento natural e elegante<br \/>\n\u201cMaquilhagem capilar\u201d: detalhes estrat\u00e9gicos de luz e sombra<br \/>\nFinaliza\u00e7\u00f5es pensadas para criar conte\u00fado visual de impacto no digital<\/p>\n","protected":false},"excerpt":{"rendered":"<p>No final do curso dever\u00e1 dominar: Fundos de aclara\u00e7\u00e3o Passagens de cor e transi\u00e7\u00f5es suaves T\u00e9cnicas de esfumado para um acabamento natural e elegante \u201cMaquilhagem capilar\u201d: detalhes estrat\u00e9gicos de luz e sombra Finaliza\u00e7\u00f5es pensadas para criar conte\u00fado visual de impacto no digital<\/p>\n","protected":false},"featured_media":0,"comment_status":"open","ping_status":"closed","template":"","meta":{"_acf_changed":false},"product_brand":[],"product_cat":[29],"product_tag":[],"class_list":{"0":"post-370","1":"product","2":"type-product","3":"status-publish","5":"product_cat-corte-e-cor","7":"first","8":"instock","9":"shipping-taxable","10":"product-type-simple"},"acf":[],"yoast_head":"<!-- This site is optimized with the Yoast SEO plugin v27.3 - https:\/\/yoast.com\/product\/yoast-seo-wordpress\/ -->\n<title>EXPRESS BALAYAGE WELLA ACADEMY<\/title>\n<meta name=\"description\" content=\"Objectivo do curso:Mais do que ensinar t\u00e9cnicas, este curso partilha ideias, vis\u00f5es, truques, segredos e dicas que permitem a cada profissional descobrir a sua pr\u00f3pria identidade criativa.O foco est\u00e1 em dominar a aclara\u00e7\u00e3o com inten\u00e7\u00e3o, personalidade e liberdade, criando resultados \u00fanicos, adaptados a cada cliente, com confian\u00e7a e autenticidade.\" \/>\n<meta name=\"robots\" content=\"index, follow, max-snippet:-1, max-image-preview:large, max-video-preview:-1\" \/>\n<link rel=\"canonical\" href=\"https:\/\/www.wellacademy.es\/pt\/product\/express-balayage\/\" \/>\n<meta property=\"og:locale\" content=\"pt_PT\" \/>\n<meta property=\"og:type\" content=\"article\" \/>\n<meta property=\"og:title\" content=\"EXPRESS BALAYAGE WELLA ACADEMY\" \/>\n<meta property=\"og:description\" content=\"Objectivo do curso:Mais do que ensinar t\u00e9cnicas, este curso partilha ideias, vis\u00f5es, truques, segredos e dicas que permitem a cada profissional descobrir a sua pr\u00f3pria identidade criativa.O foco est\u00e1 em dominar a aclara\u00e7\u00e3o com inten\u00e7\u00e3o, personalidade e liberdade, criando resultados \u00fanicos, adaptados a cada cliente, com confian\u00e7a e autenticidade.\" \/>\n<meta property=\"og:url\" content=\"https:\/\/www.wellacademy.es\/pt\/product\/express-balayage\/\" \/>\n<meta property=\"og:site_name\" content=\"Wella Academy Portugal\" \/>\n<meta property=\"article:modified_time\" content=\"2025-11-17T16:27:16+00:00\" \/>\n<meta name=\"twitter:card\" content=\"summary_large_image\" \/>\n<meta name=\"twitter:label1\" content=\"Tempo estimado de leitura\" \/>\n\t<meta name=\"twitter:data1\" content=\"1 minuto\" \/>\n<script type=\"application\/ld+json\" class=\"yoast-schema-graph\">{\"@context\":\"https:\\\/\\\/schema.org\",\"@graph\":[{\"@type\":\"WebPage\",\"@id\":\"https:\\\/\\\/www.wellacademy.es\\\/pt\\\/product\\\/express-balayage\\\/\",\"url\":\"https:\\\/\\\/www.wellacademy.es\\\/pt\\\/product\\\/express-balayage\\\/\",\"name\":\"EXPRESS BALAYAGE WELLA ACADEMY\",\"isPartOf\":{\"@id\":\"https:\\\/\\\/www.wellacademy.es\\\/pt\\\/#website\"},\"datePublished\":\"2025-11-17T16:27:08+00:00\",\"dateModified\":\"2025-11-17T16:27:16+00:00\",\"description\":\"Objectivo do curso:Mais do que ensinar t\u00e9cnicas, este curso partilha ideias, vis\u00f5es, truques, segredos e dicas que permitem a cada profissional descobrir a sua pr\u00f3pria identidade criativa.O foco est\u00e1 em dominar a aclara\u00e7\u00e3o com inten\u00e7\u00e3o, personalidade e liberdade, criando resultados \u00fanicos, adaptados a cada cliente, com confian\u00e7a e autenticidade.\",\"breadcrumb\":{\"@id\":\"https:\\\/\\\/www.wellacademy.es\\\/pt\\\/product\\\/express-balayage\\\/#breadcrumb\"},\"inLanguage\":\"pt-PT\",\"potentialAction\":[{\"@type\":\"ReadAction\",\"target\":[\"https:\\\/\\\/www.wellacademy.es\\\/pt\\\/product\\\/express-balayage\\\/\"]}]},{\"@type\":\"BreadcrumbList\",\"@id\":\"https:\\\/\\\/www.wellacademy.es\\\/pt\\\/product\\\/express-balayage\\\/#breadcrumb\",\"itemListElement\":[{\"@type\":\"ListItem\",\"position\":1,\"name\":\"Home\",\"item\":\"https:\\\/\\\/www.wellacademy.es\\\/pt\\\/\"},{\"@type\":\"ListItem\",\"position\":2,\"name\":\"Cursos\",\"item\":\"https:\\\/\\\/www.wellacademy.es\\\/pt\\\/shop\\\/\"},{\"@type\":\"ListItem\",\"position\":3,\"name\":\"EXPRESS BALAYAGE\"}]},{\"@type\":\"WebSite\",\"@id\":\"https:\\\/\\\/www.wellacademy.es\\\/pt\\\/#website\",\"url\":\"https:\\\/\\\/www.wellacademy.es\\\/pt\\\/\",\"name\":\"Wella Academy Portugal\",\"description\":\"\",\"potentialAction\":[{\"@type\":\"SearchAction\",\"target\":{\"@type\":\"EntryPoint\",\"urlTemplate\":\"https:\\\/\\\/www.wellacademy.es\\\/pt\\\/?s={search_term_string}\"},\"query-input\":{\"@type\":\"PropertyValueSpecification\",\"valueRequired\":true,\"valueName\":\"search_term_string\"}}],\"inLanguage\":\"pt-PT\"}]}<\/script>\n<!-- \/ Yoast SEO plugin. -->","yoast_head_json":{"title":"EXPRESS BALAYAGE WELLA ACADEMY","description":"Objectivo do curso:Mais do que ensinar t\u00e9cnicas, este curso partilha ideias, vis\u00f5es, truques, segredos e dicas que permitem a cada profissional descobrir a sua pr\u00f3pria identidade criativa.O foco est\u00e1 em dominar a aclara\u00e7\u00e3o com inten\u00e7\u00e3o, personalidade e liberdade, criando resultados \u00fanicos, adaptados a cada cliente, com confian\u00e7a e autenticidade.","robots":{"index":"index","follow":"follow","max-snippet":"max-snippet:-1","max-image-preview":"max-image-preview:large","max-video-preview":"max-video-preview:-1"},"canonical":"https:\/\/www.wellacademy.es\/pt\/product\/express-balayage\/","og_locale":"pt_PT","og_type":"article","og_title":"EXPRESS BALAYAGE WELLA ACADEMY","og_description":"Objectivo do curso:Mais do que ensinar t\u00e9cnicas, este curso partilha ideias, vis\u00f5es, truques, segredos e dicas que permitem a cada profissional descobrir a sua pr\u00f3pria identidade criativa.O foco est\u00e1 em dominar a aclara\u00e7\u00e3o com inten\u00e7\u00e3o, personalidade e liberdade, criando resultados \u00fanicos, adaptados a cada cliente, com confian\u00e7a e autenticidade.","og_url":"https:\/\/www.wellacademy.es\/pt\/product\/express-balayage\/","og_site_name":"Wella Academy Portugal","article_modified_time":"2025-11-17T16:27:16+00:00","twitter_card":"summary_large_image","twitter_misc":{"Tempo estimado de leitura":"1 minuto"},"schema":{"@context":"https:\/\/schema.org","@graph":[{"@type":"WebPage","@id":"https:\/\/www.wellacademy.es\/pt\/product\/express-balayage\/","url":"https:\/\/www.wellacademy.es\/pt\/product\/express-balayage\/","name":"EXPRESS BALAYAGE WELLA ACADEMY","isPartOf":{"@id":"https:\/\/www.wellacademy.es\/pt\/#website"},"datePublished":"2025-11-17T16:27:08+00:00","dateModified":"2025-11-17T16:27:16+00:00","description":"Objectivo do curso:Mais do que ensinar t\u00e9cnicas, este curso partilha ideias, vis\u00f5es, truques, segredos e dicas que permitem a cada profissional descobrir a sua pr\u00f3pria identidade criativa.O foco est\u00e1 em dominar a aclara\u00e7\u00e3o com inten\u00e7\u00e3o, personalidade e liberdade, criando resultados \u00fanicos, adaptados a cada cliente, com confian\u00e7a e autenticidade.","breadcrumb":{"@id":"https:\/\/www.wellacademy.es\/pt\/product\/express-balayage\/#breadcrumb"},"inLanguage":"pt-PT","potentialAction":[{"@type":"ReadAction","target":["https:\/\/www.wellacademy.es\/pt\/product\/express-balayage\/"]}]},{"@type":"BreadcrumbList","@id":"https:\/\/www.wellacademy.es\/pt\/product\/express-balayage\/#breadcrumb","itemListElement":[{"@type":"ListItem","position":1,"name":"Home","item":"https:\/\/www.wellacademy.es\/pt\/"},{"@type":"ListItem","position":2,"name":"Cursos","item":"https:\/\/www.wellacademy.es\/pt\/shop\/"},{"@type":"ListItem","position":3,"name":"EXPRESS BALAYAGE"}]},{"@type":"WebSite","@id":"https:\/\/www.wellacademy.es\/pt\/#website","url":"https:\/\/www.wellacademy.es\/pt\/","name":"Wella Academy Portugal","description":"","potentialAction":[{"@type":"SearchAction","target":{"@type":"EntryPoint","urlTemplate":"https:\/\/www.wellacademy.es\/pt\/?s={search_term_string}"},"query-input":{"@type":"PropertyValueSpecification","valueRequired":true,"valueName":"search_term_string"}}],"inLanguage":"pt-PT"}]}},"_links":{"self":[{"href":"https:\/\/www.wellacademy.es\/pt\/wp-json\/wp\/v2\/product\/370","targetHints":{"allow":["GET"]}}],"collection":[{"href":"https:\/\/www.wellacademy.es\/pt\/wp-json\/wp\/v2\/product"}],"about":[{"href":"https:\/\/www.wellacademy.es\/pt\/wp-json\/wp\/v2\/types\/product"}],"replies":[{"embeddable":true,"href":"https:\/\/www.wellacademy.es\/pt\/wp-json\/wp\/v2\/comments?post=370"}],"wp:attachment":[{"href":"https:\/\/www.wellacademy.es\/pt\/wp-json\/wp\/v2\/media?parent=370"}],"wp:term":[{"taxonomy":"product_brand","embeddable":true,"href":"https:\/\/www.wellacademy.es\/pt\/wp-json\/wp\/v2\/product_brand?post=370"},{"taxonomy":"product_cat","embeddable":true,"href":"https:\/\/www.wellacademy.es\/pt\/wp-json\/wp\/v2\/product_cat?post=370"},{"taxonomy":"product_tag","embeddable":true,"href":"https:\/\/www.wellacademy.es\/pt\/wp-json\/wp\/v2\/product_tag?post=370"}],"curies":[{"name":"wp","href":"https:\/\/api.w.org\/{rel}","templated":true}]}}