{"id":372,"date":"2025-11-17T16:30:40","date_gmt":"2025-11-17T16:30:40","guid":{"rendered":"https:\/\/www.wellacademy.es\/pt\/?post_type=product&#038;p=372"},"modified":"2025-11-17T16:47:39","modified_gmt":"2025-11-17T16:47:39","slug":"color-signature-by-maicon-scaglioni","status":"publish","type":"product","link":"https:\/\/www.wellacademy.es\/pt\/product\/color-signature-by-maicon-scaglioni\/","title":{"rendered":"COLOR SIGNATURE by MAICON SCAGLIONI"},"content":{"rendered":"<table width=\"533\">\n<tbody>\n<tr>\n<td width=\"533\">Desenvolver e praticar uma t\u00e9cnicas corre\u00e7\u00e3o de cor, de loiros personalizados e morena iluminada.<br \/>\nComo chegar a resultados perfeitos desde o diagn\u00f3stico at\u00e9 \u00e0 finaliza\u00e7\u00e3o.<\/td>\n<\/tr>\n<\/tbody>\n<\/table>\n","protected":false},"excerpt":{"rendered":"<p>Desenvolver e praticar uma t\u00e9cnicas corre\u00e7\u00e3o de cor, de loiros personalizados e morena iluminada. Como chegar a resultados perfeitos desde o diagn\u00f3stico at\u00e9 \u00e0 finaliza\u00e7\u00e3o.<\/p>\n","protected":false},"featured_media":0,"comment_status":"open","ping_status":"closed","template":"","meta":{"_acf_changed":false},"product_brand":[],"product_cat":[29],"product_tag":[],"class_list":{"0":"post-372","1":"product","2":"type-product","3":"status-publish","5":"product_cat-corte-e-cor","7":"first","8":"instock","9":"shipping-taxable","10":"product-type-simple"},"acf":[],"yoast_head":"<!-- This site is optimized with the Yoast SEO plugin v27.3 - https:\/\/yoast.com\/product\/yoast-seo-wordpress\/ -->\n<title>COLOR SIGNATURE by MAICON SCAGLIONI Wella Academy<\/title>\n<meta name=\"description\" content=\"Desenvolver e praticar uma t\u00e9cnicas corre\u00e7\u00e3o de cor, de loiros personalizados e morena iluminada. Como chegar a resultados perfeitos desde o diagn\u00f3stico at\u00e9 \u00e0 finaliza\u00e7\u00e3o.\" \/>\n<meta name=\"robots\" content=\"index, follow, max-snippet:-1, max-image-preview:large, max-video-preview:-1\" \/>\n<link rel=\"canonical\" href=\"https:\/\/www.wellacademy.es\/pt\/product\/color-signature-by-maicon-scaglioni\/\" \/>\n<meta property=\"og:locale\" content=\"pt_PT\" \/>\n<meta property=\"og:type\" content=\"article\" \/>\n<meta property=\"og:title\" content=\"COLOR SIGNATURE by MAICON SCAGLIONI Wella Academy\" \/>\n<meta property=\"og:description\" content=\"Desenvolver e praticar uma t\u00e9cnicas corre\u00e7\u00e3o de cor, de loiros personalizados e morena iluminada. Como chegar a resultados perfeitos desde o diagn\u00f3stico at\u00e9 \u00e0 finaliza\u00e7\u00e3o.\" \/>\n<meta property=\"og:url\" content=\"https:\/\/www.wellacademy.es\/pt\/product\/color-signature-by-maicon-scaglioni\/\" \/>\n<meta property=\"og:site_name\" content=\"Wella Academy Portugal\" \/>\n<meta property=\"article:modified_time\" content=\"2025-11-17T16:47:39+00:00\" \/>\n<meta name=\"twitter:card\" content=\"summary_large_image\" \/>\n<meta name=\"twitter:label1\" content=\"Tempo estimado de leitura\" \/>\n\t<meta name=\"twitter:data1\" content=\"1 minuto\" \/>\n<script type=\"application\/ld+json\" class=\"yoast-schema-graph\">{\"@context\":\"https:\\\/\\\/schema.org\",\"@graph\":[{\"@type\":\"WebPage\",\"@id\":\"https:\\\/\\\/www.wellacademy.es\\\/pt\\\/product\\\/color-signature-by-maicon-scaglioni\\\/\",\"url\":\"https:\\\/\\\/www.wellacademy.es\\\/pt\\\/product\\\/color-signature-by-maicon-scaglioni\\\/\",\"name\":\"COLOR SIGNATURE by MAICON SCAGLIONI Wella Academy\",\"isPartOf\":{\"@id\":\"https:\\\/\\\/www.wellacademy.es\\\/pt\\\/#website\"},\"datePublished\":\"2025-11-17T16:30:40+00:00\",\"dateModified\":\"2025-11-17T16:47:39+00:00\",\"description\":\"Desenvolver e praticar uma t\u00e9cnicas corre\u00e7\u00e3o de cor, de loiros personalizados e morena iluminada. Como chegar a resultados perfeitos desde o diagn\u00f3stico at\u00e9 \u00e0 finaliza\u00e7\u00e3o.\",\"breadcrumb\":{\"@id\":\"https:\\\/\\\/www.wellacademy.es\\\/pt\\\/product\\\/color-signature-by-maicon-scaglioni\\\/#breadcrumb\"},\"inLanguage\":\"pt-PT\",\"potentialAction\":[{\"@type\":\"ReadAction\",\"target\":[\"https:\\\/\\\/www.wellacademy.es\\\/pt\\\/product\\\/color-signature-by-maicon-scaglioni\\\/\"]}]},{\"@type\":\"BreadcrumbList\",\"@id\":\"https:\\\/\\\/www.wellacademy.es\\\/pt\\\/product\\\/color-signature-by-maicon-scaglioni\\\/#breadcrumb\",\"itemListElement\":[{\"@type\":\"ListItem\",\"position\":1,\"name\":\"Home\",\"item\":\"https:\\\/\\\/www.wellacademy.es\\\/pt\\\/\"},{\"@type\":\"ListItem\",\"position\":2,\"name\":\"Cursos\",\"item\":\"https:\\\/\\\/www.wellacademy.es\\\/pt\\\/shop\\\/\"},{\"@type\":\"ListItem\",\"position\":3,\"name\":\"COLOR SIGNATURE by MAICON SCAGLIONI\"}]},{\"@type\":\"WebSite\",\"@id\":\"https:\\\/\\\/www.wellacademy.es\\\/pt\\\/#website\",\"url\":\"https:\\\/\\\/www.wellacademy.es\\\/pt\\\/\",\"name\":\"Wella Academy Portugal\",\"description\":\"\",\"potentialAction\":[{\"@type\":\"SearchAction\",\"target\":{\"@type\":\"EntryPoint\",\"urlTemplate\":\"https:\\\/\\\/www.wellacademy.es\\\/pt\\\/?s={search_term_string}\"},\"query-input\":{\"@type\":\"PropertyValueSpecification\",\"valueRequired\":true,\"valueName\":\"search_term_string\"}}],\"inLanguage\":\"pt-PT\"}]}<\/script>\n<!-- \/ Yoast SEO plugin. -->","yoast_head_json":{"title":"COLOR SIGNATURE by MAICON SCAGLIONI Wella Academy","description":"Desenvolver e praticar uma t\u00e9cnicas corre\u00e7\u00e3o de cor, de loiros personalizados e morena iluminada. Como chegar a resultados perfeitos desde o diagn\u00f3stico at\u00e9 \u00e0 finaliza\u00e7\u00e3o.","robots":{"index":"index","follow":"follow","max-snippet":"max-snippet:-1","max-image-preview":"max-image-preview:large","max-video-preview":"max-video-preview:-1"},"canonical":"https:\/\/www.wellacademy.es\/pt\/product\/color-signature-by-maicon-scaglioni\/","og_locale":"pt_PT","og_type":"article","og_title":"COLOR SIGNATURE by MAICON SCAGLIONI Wella Academy","og_description":"Desenvolver e praticar uma t\u00e9cnicas corre\u00e7\u00e3o de cor, de loiros personalizados e morena iluminada. Como chegar a resultados perfeitos desde o diagn\u00f3stico at\u00e9 \u00e0 finaliza\u00e7\u00e3o.","og_url":"https:\/\/www.wellacademy.es\/pt\/product\/color-signature-by-maicon-scaglioni\/","og_site_name":"Wella Academy Portugal","article_modified_time":"2025-11-17T16:47:39+00:00","twitter_card":"summary_large_image","twitter_misc":{"Tempo estimado de leitura":"1 minuto"},"schema":{"@context":"https:\/\/schema.org","@graph":[{"@type":"WebPage","@id":"https:\/\/www.wellacademy.es\/pt\/product\/color-signature-by-maicon-scaglioni\/","url":"https:\/\/www.wellacademy.es\/pt\/product\/color-signature-by-maicon-scaglioni\/","name":"COLOR SIGNATURE by MAICON SCAGLIONI Wella Academy","isPartOf":{"@id":"https:\/\/www.wellacademy.es\/pt\/#website"},"datePublished":"2025-11-17T16:30:40+00:00","dateModified":"2025-11-17T16:47:39+00:00","description":"Desenvolver e praticar uma t\u00e9cnicas corre\u00e7\u00e3o de cor, de loiros personalizados e morena iluminada. Como chegar a resultados perfeitos desde o diagn\u00f3stico at\u00e9 \u00e0 finaliza\u00e7\u00e3o.","breadcrumb":{"@id":"https:\/\/www.wellacademy.es\/pt\/product\/color-signature-by-maicon-scaglioni\/#breadcrumb"},"inLanguage":"pt-PT","potentialAction":[{"@type":"ReadAction","target":["https:\/\/www.wellacademy.es\/pt\/product\/color-signature-by-maicon-scaglioni\/"]}]},{"@type":"BreadcrumbList","@id":"https:\/\/www.wellacademy.es\/pt\/product\/color-signature-by-maicon-scaglioni\/#breadcrumb","itemListElement":[{"@type":"ListItem","position":1,"name":"Home","item":"https:\/\/www.wellacademy.es\/pt\/"},{"@type":"ListItem","position":2,"name":"Cursos","item":"https:\/\/www.wellacademy.es\/pt\/shop\/"},{"@type":"ListItem","position":3,"name":"COLOR SIGNATURE by MAICON SCAGLIONI"}]},{"@type":"WebSite","@id":"https:\/\/www.wellacademy.es\/pt\/#website","url":"https:\/\/www.wellacademy.es\/pt\/","name":"Wella Academy Portugal","description":"","potentialAction":[{"@type":"SearchAction","target":{"@type":"EntryPoint","urlTemplate":"https:\/\/www.wellacademy.es\/pt\/?s={search_term_string}"},"query-input":{"@type":"PropertyValueSpecification","valueRequired":true,"valueName":"search_term_string"}}],"inLanguage":"pt-PT"}]}},"_links":{"self":[{"href":"https:\/\/www.wellacademy.es\/pt\/wp-json\/wp\/v2\/product\/372","targetHints":{"allow":["GET"]}}],"collection":[{"href":"https:\/\/www.wellacademy.es\/pt\/wp-json\/wp\/v2\/product"}],"about":[{"href":"https:\/\/www.wellacademy.es\/pt\/wp-json\/wp\/v2\/types\/product"}],"replies":[{"embeddable":true,"href":"https:\/\/www.wellacademy.es\/pt\/wp-json\/wp\/v2\/comments?post=372"}],"wp:attachment":[{"href":"https:\/\/www.wellacademy.es\/pt\/wp-json\/wp\/v2\/media?parent=372"}],"wp:term":[{"taxonomy":"product_brand","embeddable":true,"href":"https:\/\/www.wellacademy.es\/pt\/wp-json\/wp\/v2\/product_brand?post=372"},{"taxonomy":"product_cat","embeddable":true,"href":"https:\/\/www.wellacademy.es\/pt\/wp-json\/wp\/v2\/product_cat?post=372"},{"taxonomy":"product_tag","embeddable":true,"href":"https:\/\/www.wellacademy.es\/pt\/wp-json\/wp\/v2\/product_tag?post=372"}],"curies":[{"name":"wp","href":"https:\/\/api.w.org\/{rel}","templated":true}]}}