{"id":91,"date":"2022-03-14T21:37:21","date_gmt":"2022-03-14T21:37:21","guid":{"rendered":"https:\/\/www.wellacademy.es\/pt\/?post_type=product&#038;p=91"},"modified":"2026-01-12T14:49:44","modified_gmt":"2026-01-12T14:49:44","slug":"atelier-cor-avancada-intensivo","status":"publish","type":"product","link":"https:\/\/www.wellacademy.es\/pt\/product\/atelier-cor-avancada-intensivo\/","title":{"rendered":"Atelier Cor Avan\u00e7ada Intensivo"},"content":{"rendered":"<p>Conhecer, dominar e praticar as diferentes t\u00e9cnicas de pigmenta\u00e7\u00e3o, repingmenta\u00e7\u00f5es, utilizando Color Touch para devolver de forma segura um aspecto natural a cabelos descolorados. Dois dias completos.<\/p>\n","protected":false},"excerpt":{"rendered":"<p>Conhecer, dominar e praticar as diferentes t\u00e9cnicas de pigmenta\u00e7\u00e3o, repingmenta\u00e7\u00f5es, utilizando Color Touch para devolver de forma segura um aspecto natural a cabelos descolorados. Dois dias completos.<\/p>\n","protected":false},"featured_media":170,"comment_status":"open","ping_status":"closed","template":"","meta":{"_acf_changed":false},"product_brand":[],"product_cat":[35],"product_tag":[],"class_list":{"0":"post-91","1":"product","2":"type-product","3":"status-publish","4":"has-post-thumbnail","6":"product_cat-workshops","8":"first","9":"instock","10":"shipping-taxable","11":"product-type-external"},"acf":[],"yoast_head":"<!-- This site is optimized with the Yoast SEO plugin v27.3 - https:\/\/yoast.com\/product\/yoast-seo-wordpress\/ -->\n<title>Atelier Cor Avan\u00e7ada Intensivo - Wella Academy<\/title>\n<meta name=\"description\" content=\"Conhecer, dominar e praticar as diferentes t\u00e9cnicas de pigmenta\u00e7\u00e3o, repingmenta\u00e7\u00f5es, utilizando Color Touch para devolver de forma segura um aspecto natural a cabelos descolorados.\" \/>\n<meta name=\"robots\" content=\"index, follow, max-snippet:-1, max-image-preview:large, max-video-preview:-1\" \/>\n<link rel=\"canonical\" href=\"https:\/\/www.wellacademy.es\/pt\/product\/atelier-cor-avancada-intensivo\/\" \/>\n<meta property=\"og:locale\" content=\"pt_PT\" \/>\n<meta property=\"og:type\" content=\"article\" \/>\n<meta property=\"og:title\" content=\"Atelier Cor Avan\u00e7ada Intensivo - Wella Academy\" \/>\n<meta property=\"og:description\" content=\"Conhecer, dominar e praticar as diferentes t\u00e9cnicas de pigmenta\u00e7\u00e3o, repingmenta\u00e7\u00f5es, utilizando Color Touch para devolver de forma segura um aspecto natural a cabelos descolorados.\" \/>\n<meta property=\"og:url\" content=\"https:\/\/www.wellacademy.es\/pt\/product\/atelier-cor-avancada-intensivo\/\" \/>\n<meta property=\"og:site_name\" content=\"Wella Academy Portugal\" \/>\n<meta property=\"article:modified_time\" content=\"2026-01-12T14:49:44+00:00\" \/>\n<meta property=\"og:image\" content=\"https:\/\/www.wellacademy.es\/pt\/wp-content\/uploads\/sites\/2\/2022\/03\/Illumina-Color_Flash_Luxe_Step-by-Step_Color-Step_03-1024x576.jpg\" \/>\n\t<meta property=\"og:image:width\" content=\"1024\" \/>\n\t<meta property=\"og:image:height\" content=\"576\" \/>\n\t<meta property=\"og:image:type\" content=\"image\/jpeg\" \/>\n<meta name=\"twitter:card\" content=\"summary_large_image\" \/>\n<meta name=\"twitter:label1\" content=\"Tempo estimado de leitura\" \/>\n\t<meta name=\"twitter:data1\" content=\"1 minuto\" \/>\n<script type=\"application\/ld+json\" class=\"yoast-schema-graph\">{\"@context\":\"https:\\\/\\\/schema.org\",\"@graph\":[{\"@type\":\"WebPage\",\"@id\":\"https:\\\/\\\/www.wellacademy.es\\\/pt\\\/product\\\/atelier-cor-avancada-intensivo\\\/\",\"url\":\"https:\\\/\\\/www.wellacademy.es\\\/pt\\\/product\\\/atelier-cor-avancada-intensivo\\\/\",\"name\":\"Atelier Cor Avan\u00e7ada Intensivo - Wella Academy\",\"isPartOf\":{\"@id\":\"https:\\\/\\\/www.wellacademy.es\\\/pt\\\/#website\"},\"primaryImageOfPage\":{\"@id\":\"https:\\\/\\\/www.wellacademy.es\\\/pt\\\/product\\\/atelier-cor-avancada-intensivo\\\/#primaryimage\"},\"image\":{\"@id\":\"https:\\\/\\\/www.wellacademy.es\\\/pt\\\/product\\\/atelier-cor-avancada-intensivo\\\/#primaryimage\"},\"thumbnailUrl\":\"https:\\\/\\\/www.wellacademy.es\\\/pt\\\/wp-content\\\/uploads\\\/sites\\\/2\\\/2022\\\/03\\\/Illumina-Color_Flash_Luxe_Step-by-Step_Color-Step_03.jpg\",\"datePublished\":\"2022-03-14T21:37:21+00:00\",\"dateModified\":\"2026-01-12T14:49:44+00:00\",\"description\":\"Conhecer, dominar e praticar as diferentes t\u00e9cnicas de pigmenta\u00e7\u00e3o, repingmenta\u00e7\u00f5es, utilizando Color Touch para devolver de forma segura um aspecto natural a cabelos descolorados.\",\"breadcrumb\":{\"@id\":\"https:\\\/\\\/www.wellacademy.es\\\/pt\\\/product\\\/atelier-cor-avancada-intensivo\\\/#breadcrumb\"},\"inLanguage\":\"pt-PT\",\"potentialAction\":[{\"@type\":\"ReadAction\",\"target\":[\"https:\\\/\\\/www.wellacademy.es\\\/pt\\\/product\\\/atelier-cor-avancada-intensivo\\\/\"]}]},{\"@type\":\"ImageObject\",\"inLanguage\":\"pt-PT\",\"@id\":\"https:\\\/\\\/www.wellacademy.es\\\/pt\\\/product\\\/atelier-cor-avancada-intensivo\\\/#primaryimage\",\"url\":\"https:\\\/\\\/www.wellacademy.es\\\/pt\\\/wp-content\\\/uploads\\\/sites\\\/2\\\/2022\\\/03\\\/Illumina-Color_Flash_Luxe_Step-by-Step_Color-Step_03.jpg\",\"contentUrl\":\"https:\\\/\\\/www.wellacademy.es\\\/pt\\\/wp-content\\\/uploads\\\/sites\\\/2\\\/2022\\\/03\\\/Illumina-Color_Flash_Luxe_Step-by-Step_Color-Step_03.jpg\",\"width\":1920,\"height\":1080},{\"@type\":\"BreadcrumbList\",\"@id\":\"https:\\\/\\\/www.wellacademy.es\\\/pt\\\/product\\\/atelier-cor-avancada-intensivo\\\/#breadcrumb\",\"itemListElement\":[{\"@type\":\"ListItem\",\"position\":1,\"name\":\"Home\",\"item\":\"https:\\\/\\\/www.wellacademy.es\\\/pt\\\/\"},{\"@type\":\"ListItem\",\"position\":2,\"name\":\"Cursos\",\"item\":\"https:\\\/\\\/www.wellacademy.es\\\/pt\\\/shop\\\/\"},{\"@type\":\"ListItem\",\"position\":3,\"name\":\"Atelier Cor Avan\u00e7ada Intensivo\"}]},{\"@type\":\"WebSite\",\"@id\":\"https:\\\/\\\/www.wellacademy.es\\\/pt\\\/#website\",\"url\":\"https:\\\/\\\/www.wellacademy.es\\\/pt\\\/\",\"name\":\"Wella Academy Portugal\",\"description\":\"\",\"potentialAction\":[{\"@type\":\"SearchAction\",\"target\":{\"@type\":\"EntryPoint\",\"urlTemplate\":\"https:\\\/\\\/www.wellacademy.es\\\/pt\\\/?s={search_term_string}\"},\"query-input\":{\"@type\":\"PropertyValueSpecification\",\"valueRequired\":true,\"valueName\":\"search_term_string\"}}],\"inLanguage\":\"pt-PT\"}]}<\/script>\n<!-- \/ Yoast SEO plugin. -->","yoast_head_json":{"title":"Atelier Cor Avan\u00e7ada Intensivo - Wella Academy","description":"Conhecer, dominar e praticar as diferentes t\u00e9cnicas de pigmenta\u00e7\u00e3o, repingmenta\u00e7\u00f5es, utilizando Color Touch para devolver de forma segura um aspecto natural a cabelos descolorados.","robots":{"index":"index","follow":"follow","max-snippet":"max-snippet:-1","max-image-preview":"max-image-preview:large","max-video-preview":"max-video-preview:-1"},"canonical":"https:\/\/www.wellacademy.es\/pt\/product\/atelier-cor-avancada-intensivo\/","og_locale":"pt_PT","og_type":"article","og_title":"Atelier Cor Avan\u00e7ada Intensivo - Wella Academy","og_description":"Conhecer, dominar e praticar as diferentes t\u00e9cnicas de pigmenta\u00e7\u00e3o, repingmenta\u00e7\u00f5es, utilizando Color Touch para devolver de forma segura um aspecto natural a cabelos descolorados.","og_url":"https:\/\/www.wellacademy.es\/pt\/product\/atelier-cor-avancada-intensivo\/","og_site_name":"Wella Academy Portugal","article_modified_time":"2026-01-12T14:49:44+00:00","og_image":[{"width":1024,"height":576,"url":"https:\/\/www.wellacademy.es\/pt\/wp-content\/uploads\/sites\/2\/2022\/03\/Illumina-Color_Flash_Luxe_Step-by-Step_Color-Step_03-1024x576.jpg","type":"image\/jpeg"}],"twitter_card":"summary_large_image","twitter_misc":{"Tempo estimado de leitura":"1 minuto"},"schema":{"@context":"https:\/\/schema.org","@graph":[{"@type":"WebPage","@id":"https:\/\/www.wellacademy.es\/pt\/product\/atelier-cor-avancada-intensivo\/","url":"https:\/\/www.wellacademy.es\/pt\/product\/atelier-cor-avancada-intensivo\/","name":"Atelier Cor Avan\u00e7ada Intensivo - Wella Academy","isPartOf":{"@id":"https:\/\/www.wellacademy.es\/pt\/#website"},"primaryImageOfPage":{"@id":"https:\/\/www.wellacademy.es\/pt\/product\/atelier-cor-avancada-intensivo\/#primaryimage"},"image":{"@id":"https:\/\/www.wellacademy.es\/pt\/product\/atelier-cor-avancada-intensivo\/#primaryimage"},"thumbnailUrl":"https:\/\/www.wellacademy.es\/pt\/wp-content\/uploads\/sites\/2\/2022\/03\/Illumina-Color_Flash_Luxe_Step-by-Step_Color-Step_03.jpg","datePublished":"2022-03-14T21:37:21+00:00","dateModified":"2026-01-12T14:49:44+00:00","description":"Conhecer, dominar e praticar as diferentes t\u00e9cnicas de pigmenta\u00e7\u00e3o, repingmenta\u00e7\u00f5es, utilizando Color Touch para devolver de forma segura um aspecto natural a cabelos descolorados.","breadcrumb":{"@id":"https:\/\/www.wellacademy.es\/pt\/product\/atelier-cor-avancada-intensivo\/#breadcrumb"},"inLanguage":"pt-PT","potentialAction":[{"@type":"ReadAction","target":["https:\/\/www.wellacademy.es\/pt\/product\/atelier-cor-avancada-intensivo\/"]}]},{"@type":"ImageObject","inLanguage":"pt-PT","@id":"https:\/\/www.wellacademy.es\/pt\/product\/atelier-cor-avancada-intensivo\/#primaryimage","url":"https:\/\/www.wellacademy.es\/pt\/wp-content\/uploads\/sites\/2\/2022\/03\/Illumina-Color_Flash_Luxe_Step-by-Step_Color-Step_03.jpg","contentUrl":"https:\/\/www.wellacademy.es\/pt\/wp-content\/uploads\/sites\/2\/2022\/03\/Illumina-Color_Flash_Luxe_Step-by-Step_Color-Step_03.jpg","width":1920,"height":1080},{"@type":"BreadcrumbList","@id":"https:\/\/www.wellacademy.es\/pt\/product\/atelier-cor-avancada-intensivo\/#breadcrumb","itemListElement":[{"@type":"ListItem","position":1,"name":"Home","item":"https:\/\/www.wellacademy.es\/pt\/"},{"@type":"ListItem","position":2,"name":"Cursos","item":"https:\/\/www.wellacademy.es\/pt\/shop\/"},{"@type":"ListItem","position":3,"name":"Atelier Cor Avan\u00e7ada Intensivo"}]},{"@type":"WebSite","@id":"https:\/\/www.wellacademy.es\/pt\/#website","url":"https:\/\/www.wellacademy.es\/pt\/","name":"Wella Academy Portugal","description":"","potentialAction":[{"@type":"SearchAction","target":{"@type":"EntryPoint","urlTemplate":"https:\/\/www.wellacademy.es\/pt\/?s={search_term_string}"},"query-input":{"@type":"PropertyValueSpecification","valueRequired":true,"valueName":"search_term_string"}}],"inLanguage":"pt-PT"}]}},"_links":{"self":[{"href":"https:\/\/www.wellacademy.es\/pt\/wp-json\/wp\/v2\/product\/91","targetHints":{"allow":["GET"]}}],"collection":[{"href":"https:\/\/www.wellacademy.es\/pt\/wp-json\/wp\/v2\/product"}],"about":[{"href":"https:\/\/www.wellacademy.es\/pt\/wp-json\/wp\/v2\/types\/product"}],"replies":[{"embeddable":true,"href":"https:\/\/www.wellacademy.es\/pt\/wp-json\/wp\/v2\/comments?post=91"}],"wp:featuredmedia":[{"embeddable":true,"href":"https:\/\/www.wellacademy.es\/pt\/wp-json\/wp\/v2\/media\/170"}],"wp:attachment":[{"href":"https:\/\/www.wellacademy.es\/pt\/wp-json\/wp\/v2\/media?parent=91"}],"wp:term":[{"taxonomy":"product_brand","embeddable":true,"href":"https:\/\/www.wellacademy.es\/pt\/wp-json\/wp\/v2\/product_brand?post=91"},{"taxonomy":"product_cat","embeddable":true,"href":"https:\/\/www.wellacademy.es\/pt\/wp-json\/wp\/v2\/product_cat?post=91"},{"taxonomy":"product_tag","embeddable":true,"href":"https:\/\/www.wellacademy.es\/pt\/wp-json\/wp\/v2\/product_tag?post=91"}],"curies":[{"name":"wp","href":"https:\/\/api.w.org\/{rel}","templated":true}]}}